{"id":29077,"date":"2021-12-09T22:06:49","date_gmt":"2021-12-09T21:06:49","guid":{"rendered":"https:\/\/pepiniereezavin.fr\/?post_type=product&#038;p=29077"},"modified":"2022-11-18T10:59:47","modified_gmt":"2022-11-18T09:59:47","slug":"livre-fougeres-rustiques-pour-le-jardin","status":"publish","type":"product","link":"https:\/\/staging.pepiniereezavin.com\/en\/product\/livre-fougeres-rustiques-pour-le-jardin\/","title":{"rendered":"LIVRE &#8211; Foug\u00e8res Rustiques pour le jardin"},"content":{"rendered":"<p><em>Foug\u00e8res rustiques pour le jardin\u00a0<\/em><br \/>\n<strong>Olivier Ezavin<\/strong> et <strong>C\u00e9dric Basset\u00a0<\/strong><\/p>\n<p>\u00c9crit \u00e0 4 mains, par un p\u00e9pini\u00e9riste sp\u00e9cialiste des foug\u00e8res et un botaniste qui les a \u00e9tudi\u00e9es dans leurs milieux naturels, Foug\u00e8res rustiques pour le jardin est un ouvrage vraiment complet qui traite \u00e0 la fois des aspects botaniques et de la culture des foug\u00e8res au jardin.<br \/>\nTr\u00e8s illustr\u00e9, l\u2019ouvrage propose des conseils de plantation, des id\u00e9es d\u2019associations et la description compl\u00e8te et d\u00e9taill\u00e9e de plus de 90 esp\u00e8ces adapt\u00e9es \u00e0 nos jardins.<\/p>\n<p>Foug\u00e8res rustiques pour le jardin donne toutes les informations n\u00e9cessaires \u00e0 leur culture et met en \u00e9vidence l&rsquo;\u00e9ventail de formes et de couleurs offertes par ces plantes encore trop m\u00e9connues des jardiniers, qui offrent pourtant de nombreuses possibilit\u00e9s d\u2019associations et qui sont incontournables dans les jardins ombrag\u00e9s.<\/p>","protected":false},"excerpt":{"rendered":"<p><em>Foug\u00e8res rustiques pour le jardin\u00a0<\/em><br \/>\n<strong>Olivier Ezavin<\/strong> et <strong>C\u00e9dric Basset\u00a0<\/strong><\/p>\n<p>\u00c9crit \u00e0 4 mains, par un p\u00e9pini\u00e9riste sp\u00e9cialiste des foug\u00e8res et un botaniste qui les a \u00e9tudi\u00e9es dans leurs milieux naturels, Foug\u00e8res rustiques pour le jardin est un ouvrage vraiment complet qui traite \u00e0 la fois des aspects botaniques et de la culture des foug\u00e8res au jardin.<br \/>\nTr\u00e8s illustr\u00e9, l\u2019ouvrage propose des conseils de plantation, des id\u00e9es d\u2019associations et la description compl\u00e8te et d\u00e9taill\u00e9e de plus de 90 esp\u00e8ces adapt\u00e9es \u00e0 nos jardins.<\/p>\n<p>Foug\u00e8res rustiques pour le jardin donne toutes les informations n\u00e9cessaires \u00e0 leur culture et met en \u00e9vidence l&rsquo;\u00e9ventail de formes et de couleurs offertes par ces plantes encore trop m\u00e9connues des jardiniers, qui offrent pourtant de nombreuses possibilit\u00e9s d\u2019associations et qui sont incontournables dans les jardins ombrag\u00e9s.<\/p>","protected":false},"featured_media":29107,"template":"","meta":{"site-sidebar-layout":"default","site-content-layout":"default","ast-global-header-display":"","ast-main-header-display":"","ast-hfb-above-header-display":"","ast-hfb-below-header-display":"","ast-hfb-mobile-header-display":"","site-post-title":"","ast-breadcrumbs-content":"","ast-featured-img":"","footer-sml-layout":"","theme-transparent-header-meta":"default","adv-header-id-meta":"","stick-header-meta":"default","header-above-stick-meta":"","header-main-stick-meta":"","header-below-stick-meta":""},"product_cat":[535,545,546,47],"product_tag":[558,559],"class_list":["post-29077","product","type-product","status-publish","has-post-thumbnail","hentry","product_cat-fougeres","product_cat-fougeres-climat-doux","product_cat-fougeres-climat-frais","product_cat-livre","product_tag-plantes-pour-climats-doux","product_tag-plantes-pour-climats-frais","desktop-align-center","tablet-align-center","mobile-align-center","ast-product-gallery-layout-horizontal","ast-product-gallery-with-no-image","ast-product-tabs-layout-horizontal","ast-qv-on-image"],"_links":{"self":[{"href":"https:\/\/staging.pepiniereezavin.com\/en\/wp-json\/wp\/v2\/product\/29077","targetHints":{"allow":["GET"]}}],"collection":[{"href":"https:\/\/staging.pepiniereezavin.com\/en\/wp-json\/wp\/v2\/product"}],"about":[{"href":"https:\/\/staging.pepiniereezavin.com\/en\/wp-json\/wp\/v2\/types\/product"}],"wp:featuredmedia":[{"embeddable":true,"href":"https:\/\/staging.pepiniereezavin.com\/en\/wp-json\/wp\/v2\/media\/29107"}],"wp:attachment":[{"href":"https:\/\/staging.pepiniereezavin.com\/en\/wp-json\/wp\/v2\/media?parent=29077"}],"wp:term":[{"taxonomy":"product_cat","embeddable":true,"href":"https:\/\/staging.pepiniereezavin.com\/en\/wp-json\/wp\/v2\/product_cat?post=29077"},{"taxonomy":"product_tag","embeddable":true,"href":"https:\/\/staging.pepiniereezavin.com\/en\/wp-json\/wp\/v2\/product_tag?post=29077"}],"curies":[{"name":"wp","href":"https:\/\/api.w.org\/{rel}","templated":true}]}}