{"id":29079,"date":"2021-12-09T22:06:49","date_gmt":"2021-12-09T21:06:49","guid":{"rendered":"https:\/\/pepiniereezavin.fr\/?post_type=product&#038;p=29079"},"modified":"2023-01-02T18:40:43","modified_gmt":"2023-01-02T17:40:43","slug":"adiantum-capillus-veneris","status":"publish","type":"product","link":"https:\/\/staging.pepiniereezavin.com\/en\/product\/adiantum-capillus-veneris\/","title":{"rendered":"Adiantum capillus-veneris"},"content":{"rendered":"<p>La <strong>Capillaire de Montpellier<\/strong> pousse en touffes gracieuses \u00e0 proximit\u00e9 de points d&rsquo;eau . C&rsquo;est une esp\u00e8ce vigoureuse,\u00a0appr\u00e9ciant les sols calcaires, pour peu qu&rsquo;ils restent humides. Caduque si le gel est prolong\u00e9, elle garde ses frondes en hiver en climat doux. C&rsquo;est cette foug\u00e8re qui orne les nombreuses fontaines des villes et villages du sud de la France.<\/p>\n<p>Culture en sol frais toute l&rsquo;ann\u00e9e, en bord de cascade ou sur mur v\u00e9g\u00e9tal.<\/p>\n<p><span style=\"text-decoration: underline;\">Hauteur adulte<\/span>\u00a0: 20\/40 (60)\u00a0cm.\u00a0<span style=\"text-decoration: underline;\">Origine g\u00e9ographique<\/span>\u00a0: Cosmopolite.\u00a0<span style=\"text-decoration: underline;\">Persistance hiver<\/span>\u00a0: Semi-persistant.\u00a0<span style=\"text-decoration: underline;\">Rusticit\u00e9 USDA<\/span>\u00a0: Zone 8 (-12.2\u00b0\/-6.7\u00b0C).<\/p>","protected":false},"excerpt":{"rendered":"<p>La\u00a0<strong>Capillaire de Montpellier<\/strong>\u00a0pousse en touffes gracieuses \u00e0 proximit\u00e9 de points d&rsquo;eau . C&rsquo;est une esp\u00e8ce vigoureuse,\u00a0appr\u00e9ciant les sols calcaires, pour peu qu&rsquo;ils restent humides. Caduque si le gel est prolong\u00e9,\u00a0elle\u00a0garde ses frondes en hiver en climat doux. C&rsquo;est cette foug\u00e8re qui orne les nombreuses fontaines des villes et villages du sud de la France.<\/p>\n<p>Culture en sol frais toute l&rsquo;ann\u00e9e, en bord de cascade ou sur mur v\u00e9g\u00e9tal.<\/p>\n<p><span style=\"text-decoration: underline;\">Hauteur adulte<\/span>\u00a0: 20\/40 (60)\u00a0cm.\u00a0<span style=\"text-decoration: underline;\">Origine g\u00e9ographique<\/span>\u00a0: Cosmopolite.\u00a0<span style=\"text-decoration: underline;\">Persistance hiver<\/span>\u00a0: Semi-persistant.\u00a0<span style=\"text-decoration: underline;\">Rusticit\u00e9 USDA<\/span>\u00a0:\u00a0Zone 8 (-12.2\u00b0\/-6.7\u00b0C).<\/p>","protected":false},"featured_media":29108,"template":"","meta":{"site-sidebar-layout":"default","site-content-layout":"default","ast-global-header-display":"","ast-main-header-display":"","ast-hfb-above-header-display":"","ast-hfb-below-header-display":"","ast-hfb-mobile-header-display":"","site-post-title":"","ast-breadcrumbs-content":"","ast-featured-img":"","footer-sml-layout":"","theme-transparent-header-meta":"default","adv-header-id-meta":"","stick-header-meta":"default","header-above-stick-meta":"","header-main-stick-meta":"","header-below-stick-meta":""},"product_cat":[535,543,544,545],"product_tag":[526,527,528,529,530,531,532,558,533,557],"class_list":["post-29079","product","type-product","status-publish","has-post-thumbnail","hentry","product_cat-fougeres","product_cat-fougeres-interieur","product_cat-fougeres-terrarium","product_cat-fougeres-climat-doux","product_tag-plantes-couvre-sol","product_tag-plantes-origine-africaine","product_tag-plantes-origine-americaine","product_tag-plantes-origine-asiatique","product_tag-plantes-origine-europeenne","product_tag-plantes-origine-oceanienne","product_tag-plantes-pour-berges","product_tag-plantes-pour-climats-doux","product_tag-plantes-pour-mur-vegetaux","product_tag-plantes-pour-terrarium","pa_taille-du-pot-pot-12-14-cm-diametre","desktop-align-center","tablet-align-center","mobile-align-center","ast-product-gallery-layout-horizontal","ast-product-single-variable","ast-product-tabs-layout-horizontal","ast-qv-on-image"],"_links":{"self":[{"href":"https:\/\/staging.pepiniereezavin.com\/en\/wp-json\/wp\/v2\/product\/29079","targetHints":{"allow":["GET"]}}],"collection":[{"href":"https:\/\/staging.pepiniereezavin.com\/en\/wp-json\/wp\/v2\/product"}],"about":[{"href":"https:\/\/staging.pepiniereezavin.com\/en\/wp-json\/wp\/v2\/types\/product"}],"wp:featuredmedia":[{"embeddable":true,"href":"https:\/\/staging.pepiniereezavin.com\/en\/wp-json\/wp\/v2\/media\/29108"}],"wp:attachment":[{"href":"https:\/\/staging.pepiniereezavin.com\/en\/wp-json\/wp\/v2\/media?parent=29079"}],"wp:term":[{"taxonomy":"product_cat","embeddable":true,"href":"https:\/\/staging.pepiniereezavin.com\/en\/wp-json\/wp\/v2\/product_cat?post=29079"},{"taxonomy":"product_tag","embeddable":true,"href":"https:\/\/staging.pepiniereezavin.com\/en\/wp-json\/wp\/v2\/product_tag?post=29079"}],"curies":[{"name":"wp","href":"https:\/\/api.w.org\/{rel}","templated":true}]}}