{"id":29081,"date":"2021-12-09T22:06:49","date_gmt":"2021-12-09T21:06:49","guid":{"rendered":"https:\/\/pepiniereezavin.fr\/?post_type=product&#038;p=29081"},"modified":"2022-12-13T12:16:07","modified_gmt":"2022-12-13T11:16:07","slug":"abutilon-megapotamicum-var-grandiflorum","status":"publish","type":"product","link":"https:\/\/staging.pepiniereezavin.com\/en\/product\/abutilon-megapotamicum-var-grandiflorum\/","title":{"rendered":"Abutilon megapotamicum var. grandiflorum"},"content":{"rendered":"<p>Cet arbuste \u00e0 port pleureur et fines feuilles allong\u00e9es est du plus bel effet par sa floraison abondante, presque toute l&rsquo;ann\u00e9e en bord de mer. Les p\u00e9tales sont jaunes et enroul\u00e9s en tube, le calice rouge fonc\u00e9. Excellente plante en ombre partielle ou lumi\u00e8re tamis\u00e9e, que ce soit en ext\u00e9rieur en climat doux ou comme plante d&rsquo;int\u00e9rieur. La vari\u00e9t\u00e9 grandiflorum est caract\u00e9ris\u00e9e par les tubes des fleurs plus longs, qui d\u00e9passent bien du calice rouge.<\/p>\n<p>Hauteur adulte\u00a0: 200\/300 cm.\u00a0Origine g\u00e9ographique\u00a0:\u00a0Sud du Br\u00e9sil.\u00a0Persistance hiver\u00a0: \u00a0Semi-persistant.\u00a0Rusticit\u00e9 USDA\u00a0: Zone 8 (-12.2\u00b0C\/-6.7\u00b0C).<\/p>","protected":false},"excerpt":{"rendered":"<p>Cet arbuste \u00e0 port pleureur et fines feuilles allong\u00e9es est du plus bel effet par sa floraison abondante, presque toute l&rsquo;ann\u00e9e en bord de mer. Les p\u00e9tales sont jaunes et enroul\u00e9s en tube, le calice rouge fonc\u00e9. Excellente plante en ombre partielle ou lumi\u00e8re tamis\u00e9e, que ce soit en ext\u00e9rieur en climat doux ou comme plante d&rsquo;int\u00e9rieur. La vari\u00e9t\u00e9 grandiflorum est caract\u00e9ris\u00e9e par les tubes des fleurs plus longs, qui d\u00e9passent bien du calice rouge.<\/p>\n<p>Hauteur adulte\u00a0: 200\/300 cm.\u00a0Origine g\u00e9ographique\u00a0:\u00a0Sud du Br\u00e9sil.\u00a0Persistance hiver\u00a0: \u00a0Semi-persistant.\u00a0Rusticit\u00e9 USDA\u00a0: Zone 8 (-12.2\u00b0C\/-6.7\u00b0C).<\/p>","protected":false},"featured_media":29113,"template":"","meta":{"site-sidebar-layout":"default","site-content-layout":"default","ast-global-header-display":"","ast-main-header-display":"","ast-hfb-above-header-display":"","ast-hfb-below-header-display":"","ast-hfb-mobile-header-display":"","site-post-title":"","ast-breadcrumbs-content":"","ast-featured-img":"","footer-sml-layout":"","theme-transparent-header-meta":"default","adv-header-id-meta":"","stick-header-meta":"default","header-above-stick-meta":"","header-main-stick-meta":"","header-below-stick-meta":""},"product_cat":[537,551,552],"product_tag":[528,556,558,533],"class_list":["post-29081","product","type-product","status-publish","has-post-thumbnail","hentry","product_cat-autres-plantes","product_cat-autres-plantes-d-interieur","product_cat-autres-plantes-pour-climat-doux","product_tag-plantes-origine-americaine","product_tag-plantes-pour-interieur","product_tag-plantes-pour-climats-doux","product_tag-plantes-pour-mur-vegetaux","pa_taille-du-pot-pot-12-14-cm-diametre","desktop-align-center","tablet-align-center","mobile-align-center","ast-product-gallery-layout-horizontal","ast-product-gallery-with-no-image","ast-product-single-variable","ast-product-tabs-layout-horizontal","ast-qv-on-image"],"_links":{"self":[{"href":"https:\/\/staging.pepiniereezavin.com\/en\/wp-json\/wp\/v2\/product\/29081","targetHints":{"allow":["GET"]}}],"collection":[{"href":"https:\/\/staging.pepiniereezavin.com\/en\/wp-json\/wp\/v2\/product"}],"about":[{"href":"https:\/\/staging.pepiniereezavin.com\/en\/wp-json\/wp\/v2\/types\/product"}],"wp:featuredmedia":[{"embeddable":true,"href":"https:\/\/staging.pepiniereezavin.com\/en\/wp-json\/wp\/v2\/media\/29113"}],"wp:attachment":[{"href":"https:\/\/staging.pepiniereezavin.com\/en\/wp-json\/wp\/v2\/media?parent=29081"}],"wp:term":[{"taxonomy":"product_cat","embeddable":true,"href":"https:\/\/staging.pepiniereezavin.com\/en\/wp-json\/wp\/v2\/product_cat?post=29081"},{"taxonomy":"product_tag","embeddable":true,"href":"https:\/\/staging.pepiniereezavin.com\/en\/wp-json\/wp\/v2\/product_tag?post=29081"}],"curies":[{"name":"wp","href":"https:\/\/api.w.org\/{rel}","templated":true}]}}