{"id":29083,"date":"2021-12-09T22:06:50","date_gmt":"2021-12-09T21:06:50","guid":{"rendered":"https:\/\/pepiniereezavin.fr\/?post_type=product&#038;p=29083"},"modified":"2022-09-27T19:30:45","modified_gmt":"2022-09-27T17:30:45","slug":"abutilon-apricot","status":"publish","type":"product","link":"https:\/\/staging.pepiniereezavin.com\/en\/product\/abutilon-apricot\/","title":{"rendered":"Abutilon &lsquo;Apricot&rsquo;"},"content":{"rendered":"<p>Arbuste buissonnant \u00e0 floraison continue printemps, \u00e9t\u00e9, automne, et m\u00eame hiver en climat doux ; clochettes rose-orang\u00e9. Grandes feuilles trilob\u00e9es en mi-ombre, \u00a0feuilles plus petites au soleil. Culture tr\u00e8s facile.<\/p>\n<p><span style=\"text-decoration: underline;\">Hauteur adulte<\/span>\u00a0: 200\/300.\u00a0<span style=\"text-decoration: underline;\">Origine g\u00e9ographique<\/span>\u00a0: Origine horticole.\u00a0<span style=\"text-decoration: underline;\">Persistance hiver<\/span>\u00a0: Semi-Persistant.\u00a0<span style=\"text-decoration: underline;\">Rusticit\u00e9 USDA<\/span>\u00a0: Zone 8<\/p>","protected":false},"excerpt":{"rendered":"<p>Arbuste buissonnant \u00e0 floraison continue printemps, \u00e9t\u00e9, automne, et m\u00eame hiver en climat doux ; clochettes rose-orang\u00e9. Grandes feuilles trilob\u00e9es en mi-ombre, \u00a0feuilles plus petites au soleil. Culture tr\u00e8s facile.<\/p>\n<p><span style=\"text-decoration: underline;\">Hauteur adulte<\/span>\u00a0: 200\/300.\u00a0<span style=\"text-decoration: underline;\">Origine g\u00e9ographique<\/span>\u00a0: Origine horticole.\u00a0<span style=\"text-decoration: underline;\">Persistance hiver<\/span>\u00a0: Semi-Persistant.\u00a0<span style=\"text-decoration: underline;\">Rusticit\u00e9 USDA<\/span>\u00a0: Zone 8<\/p>\n<p>&nbsp;<\/p>","protected":false},"featured_media":32485,"template":"","meta":{"site-sidebar-layout":"default","site-content-layout":"default","ast-global-header-display":"","ast-main-header-display":"","ast-hfb-above-header-display":"","ast-hfb-below-header-display":"","ast-hfb-mobile-header-display":"","site-post-title":"","ast-breadcrumbs-content":"","ast-featured-img":"","footer-sml-layout":"","theme-transparent-header-meta":"default","adv-header-id-meta":"","stick-header-meta":"default","header-above-stick-meta":"","header-main-stick-meta":"","header-below-stick-meta":""},"product_cat":[537,551,552],"product_tag":[556,558,533],"class_list":["post-29083","product","type-product","status-publish","has-post-thumbnail","hentry","product_cat-autres-plantes","product_cat-autres-plantes-d-interieur","product_cat-autres-plantes-pour-climat-doux","product_tag-plantes-pour-interieur","product_tag-plantes-pour-climats-doux","product_tag-plantes-pour-mur-vegetaux","pa_taille-du-pot-pot-12-14-cm-diametre","desktop-align-center","tablet-align-center","mobile-align-center","ast-product-gallery-layout-horizontal","ast-product-gallery-with-no-image","ast-product-tabs-layout-horizontal","ast-qv-on-image"],"_links":{"self":[{"href":"https:\/\/staging.pepiniereezavin.com\/en\/wp-json\/wp\/v2\/product\/29083","targetHints":{"allow":["GET"]}}],"collection":[{"href":"https:\/\/staging.pepiniereezavin.com\/en\/wp-json\/wp\/v2\/product"}],"about":[{"href":"https:\/\/staging.pepiniereezavin.com\/en\/wp-json\/wp\/v2\/types\/product"}],"wp:featuredmedia":[{"embeddable":true,"href":"https:\/\/staging.pepiniereezavin.com\/en\/wp-json\/wp\/v2\/media\/32485"}],"wp:attachment":[{"href":"https:\/\/staging.pepiniereezavin.com\/en\/wp-json\/wp\/v2\/media?parent=29083"}],"wp:term":[{"taxonomy":"product_cat","embeddable":true,"href":"https:\/\/staging.pepiniereezavin.com\/en\/wp-json\/wp\/v2\/product_cat?post=29083"},{"taxonomy":"product_tag","embeddable":true,"href":"https:\/\/staging.pepiniereezavin.com\/en\/wp-json\/wp\/v2\/product_tag?post=29083"}],"curies":[{"name":"wp","href":"https:\/\/api.w.org\/{rel}","templated":true}]}}