{"id":29087,"date":"2021-12-09T22:06:50","date_gmt":"2021-12-09T21:06:50","guid":{"rendered":"https:\/\/pepiniereezavin.fr\/?post_type=product&#038;p=29087"},"modified":"2023-01-03T10:07:23","modified_gmt":"2023-01-03T09:07:23","slug":"abutilon-patrick-synge","status":"publish","type":"product","link":"https:\/\/staging.pepiniereezavin.com\/en\/product\/abutilon-patrick-synge\/","title":{"rendered":"Abutilon &lsquo;Patrick Synge&rsquo;"},"content":{"rendered":"<p>M\u00eame port que <em>Abutilon &lsquo;Kentish Bell&rsquo;<\/em>, mais les fleurs ont des\u00a0p\u00e9tales orange et le calice est orange sombre. La culture est la m\u00eame que les autres Abutilon que nous proposons : arrosage r\u00e9gulier, sol riche. Mi-ombre au sud de la Loire pour que la floraison dure plus longtemps, soleil au nord de la Loire. Tr\u00e8s beaux sujets sur le mur v\u00e9g\u00e9tal rue d&rsquo;Aboukir \u00e0 Paris.<\/p>\n<p><span style=\"text-decoration: underline;\">Hauteur adulte<\/span>\u00a0: 200\/300\u00a0<span style=\"text-decoration: underline;\">Origine g\u00e9ographique<\/span>\u00a0: Origine horticole\u00a0<span style=\"text-decoration: underline;\">Persistance hiver<\/span>\u00a0: Semi-Persistant\u00a0<span style=\"text-decoration: underline;\">Rusticit\u00e9 USDA<\/span>\u00a0: Zone 7\/8<\/p>","protected":false},"excerpt":{"rendered":"<p>M\u00eame port que\u00a0<em>Abutilon &lsquo;Kentish Bell&rsquo;<\/em>, mais les fleurs ont des\u00a0p\u00e9tales orange et le calice est orange sombre. La culture est la m\u00eame que les autres Abutilon que nous proposons : arrosage r\u00e9gulier, sol riche. Mi-ombre au sud de la Loire pour que la floraison dure plus longtemps, soleil au nord de la Loire. Tr\u00e8s beaux sujets sur le mur v\u00e9g\u00e9tal rue d&rsquo;Aboukir \u00e0 Paris.<\/p>\n<p><span style=\"text-decoration: underline;\">Hauteur adulte<\/span>\u00a0: 200\/300\u00a0<span style=\"text-decoration: underline;\">Origine g\u00e9ographique<\/span>\u00a0: Origine horticole\u00a0<span style=\"text-decoration: underline;\">Persistance hiver<\/span>\u00a0: Semi-Persistant\u00a0<span style=\"text-decoration: underline;\">Rusticit\u00e9 USDA<\/span>\u00a0: Zone 7\/8<\/p>","protected":false},"featured_media":29116,"template":"","meta":{"site-sidebar-layout":"default","site-content-layout":"default","ast-global-header-display":"","ast-main-header-display":"","ast-hfb-above-header-display":"","ast-hfb-below-header-display":"","ast-hfb-mobile-header-display":"","site-post-title":"","ast-breadcrumbs-content":"","ast-featured-img":"","footer-sml-layout":"","theme-transparent-header-meta":"default","adv-header-id-meta":"","stick-header-meta":"default","header-above-stick-meta":"","header-main-stick-meta":"","header-below-stick-meta":""},"product_cat":[537,551,552],"product_tag":[556,558,533],"class_list":["post-29087","product","type-product","status-publish","has-post-thumbnail","hentry","product_cat-autres-plantes","product_cat-autres-plantes-d-interieur","product_cat-autres-plantes-pour-climat-doux","product_tag-plantes-pour-interieur","product_tag-plantes-pour-climats-doux","product_tag-plantes-pour-mur-vegetaux","pa_taille-du-pot-godet-carre-8x8-ou-9x9","pa_taille-du-pot-pot-12-14-cm-diametre","desktop-align-center","tablet-align-center","mobile-align-center","ast-product-gallery-layout-horizontal","ast-product-gallery-with-no-image","ast-product-tabs-layout-horizontal","ast-qv-on-image"],"_links":{"self":[{"href":"https:\/\/staging.pepiniereezavin.com\/en\/wp-json\/wp\/v2\/product\/29087","targetHints":{"allow":["GET"]}}],"collection":[{"href":"https:\/\/staging.pepiniereezavin.com\/en\/wp-json\/wp\/v2\/product"}],"about":[{"href":"https:\/\/staging.pepiniereezavin.com\/en\/wp-json\/wp\/v2\/types\/product"}],"wp:featuredmedia":[{"embeddable":true,"href":"https:\/\/staging.pepiniereezavin.com\/en\/wp-json\/wp\/v2\/media\/29116"}],"wp:attachment":[{"href":"https:\/\/staging.pepiniereezavin.com\/en\/wp-json\/wp\/v2\/media?parent=29087"}],"wp:term":[{"taxonomy":"product_cat","embeddable":true,"href":"https:\/\/staging.pepiniereezavin.com\/en\/wp-json\/wp\/v2\/product_cat?post=29087"},{"taxonomy":"product_tag","embeddable":true,"href":"https:\/\/staging.pepiniereezavin.com\/en\/wp-json\/wp\/v2\/product_tag?post=29087"}],"curies":[{"name":"wp","href":"https:\/\/api.w.org\/{rel}","templated":true}]}}