{"id":29092,"date":"2021-12-09T22:06:51","date_gmt":"2021-12-09T21:06:51","guid":{"rendered":"https:\/\/pepiniereezavin.fr\/?post_type=product&#038;p=29092"},"modified":"2022-10-25T10:22:24","modified_gmt":"2022-10-25T08:22:24","slug":"aeschynanthus-buxifolius","status":"publish","type":"product","link":"https:\/\/staging.pepiniereezavin.com\/en\/product\/aeschynanthus-buxifolius\/","title":{"rendered":"Aeschynanthus buxifolius"},"content":{"rendered":"<p>Cet <em>Aeschynanthus buxifolius <\/em>porte bien son nom d&rsquo;esp\u00e8ce car ses feuilles bomb\u00e9es et lustr\u00e9es ressemblent \u00e0 celles du buis. Son port est \u00e9lanc\u00e9, voire retombant, et il est drageonnant. Il \u00a0a tr\u00e8s bien support\u00e9 plusieurs hivers \u00e0 -3\u00b0C, au sec. Floraison rouge en automne au bout des branches. Croissance vigoureuse. Tr\u00e8s bon r\u00e9sultat en rocaille et sur mur v\u00e9g\u00e9tal (en ext\u00e9rieur \u00e0 l&rsquo;Oasis d&rsquo;Aboukir \u00e0 Paris, ou en int\u00e9rieur).<\/p>\n<p><span style=\"text-decoration: underline;\">Hauteur adulte<\/span>\u00a0: 40\/60 (80). Port retombant ou rampant s&rsquo;il est au sol.\u00a0<span style=\"text-decoration: underline;\">Origine g\u00e9ographique<\/span> : Chine. <span style=\"text-decoration: underline;\">Persistance hiver<\/span> : Persistant si hors gel. <span style=\"text-decoration: underline;\">Rusticit\u00e9 USDA<\/span>\u00a0: Zone 9.\u00a0Jamais test\u00e9 en dessous de -3\u00b0C, avec d\u00e9gel journalier.<\/p>","protected":false},"excerpt":{"rendered":"<p>Cet <em>Aeschynanthus buxifolius <\/em>porte bien son nom d&rsquo;esp\u00e8ce car ses feuilles bomb\u00e9es et lustr\u00e9es ressemblent \u00e0 celles du buis. Son port est \u00e9lanc\u00e9, voire retombant, et il est drageonnant. Il \u00a0a tr\u00e8s bien support\u00e9 plusieurs hivers \u00e0 -3\u00b0C, au sec. Floraison rouge en automne au bout des branches. Croissance vigoureuse. Tr\u00e8s bon r\u00e9sultat en rocaille et sur mur v\u00e9g\u00e9tal (en ext\u00e9rieur \u00e0 l&rsquo;Oasis d&rsquo;Aboukir \u00e0 Paris, ou en int\u00e9rieur).<\/p>\n<p><span style=\"text-decoration: underline;\">Hauteur adulte<\/span>\u00a0: 40\/60 (80). Port retombant ou rampant s&rsquo;il est au sol.\u00a0<span style=\"text-decoration: underline;\">Origine g\u00e9ographique<\/span> : Chine. <span style=\"text-decoration: underline;\">Persistance hiver<\/span> : Persistant si hors gel. <span style=\"text-decoration: underline;\">Rusticit\u00e9 USDA<\/span>\u00a0: Zone 9.\u00a0Jamais test\u00e9 en dessous de -3\u00b0C, avec d\u00e9gel journalier.<\/p>","protected":false},"featured_media":29120,"template":"","meta":{"site-sidebar-layout":"default","site-content-layout":"default","ast-global-header-display":"","ast-main-header-display":"","ast-hfb-above-header-display":"","ast-hfb-below-header-display":"","ast-hfb-mobile-header-display":"","site-post-title":"","ast-breadcrumbs-content":"","ast-featured-img":"","footer-sml-layout":"","theme-transparent-header-meta":"default","adv-header-id-meta":"","stick-header-meta":"default","header-above-stick-meta":"","header-main-stick-meta":"","header-below-stick-meta":""},"product_cat":[537,551,554,552],"product_tag":[526,529,556,558,533,557],"class_list":["post-29092","product","type-product","status-publish","has-post-thumbnail","hentry","product_cat-autres-plantes","product_cat-autres-plantes-d-interieur","product_cat-autres-plantes-pour-terrarium","product_cat-autres-plantes-pour-climat-doux","product_tag-plantes-couvre-sol","product_tag-plantes-origine-asiatique","product_tag-plantes-pour-interieur","product_tag-plantes-pour-climats-doux","product_tag-plantes-pour-mur-vegetaux","product_tag-plantes-pour-terrarium","pa_taille-du-pot-pot-10-12-cm-diametre","desktop-align-center","tablet-align-center","mobile-align-center","ast-product-gallery-layout-horizontal","ast-product-single-variable","ast-product-tabs-layout-horizontal","ast-qv-on-image"],"_links":{"self":[{"href":"https:\/\/staging.pepiniereezavin.com\/en\/wp-json\/wp\/v2\/product\/29092","targetHints":{"allow":["GET"]}}],"collection":[{"href":"https:\/\/staging.pepiniereezavin.com\/en\/wp-json\/wp\/v2\/product"}],"about":[{"href":"https:\/\/staging.pepiniereezavin.com\/en\/wp-json\/wp\/v2\/types\/product"}],"wp:featuredmedia":[{"embeddable":true,"href":"https:\/\/staging.pepiniereezavin.com\/en\/wp-json\/wp\/v2\/media\/29120"}],"wp:attachment":[{"href":"https:\/\/staging.pepiniereezavin.com\/en\/wp-json\/wp\/v2\/media?parent=29092"}],"wp:term":[{"taxonomy":"product_cat","embeddable":true,"href":"https:\/\/staging.pepiniereezavin.com\/en\/wp-json\/wp\/v2\/product_cat?post=29092"},{"taxonomy":"product_tag","embeddable":true,"href":"https:\/\/staging.pepiniereezavin.com\/en\/wp-json\/wp\/v2\/product_tag?post=29092"}],"curies":[{"name":"wp","href":"https:\/\/api.w.org\/{rel}","templated":true}]}}