{"id":29102,"date":"2021-12-09T22:06:52","date_gmt":"2021-12-09T21:06:52","guid":{"rendered":"https:\/\/pepiniereezavin.fr\/?post_type=product&#038;p=29102"},"modified":"2022-11-08T22:31:21","modified_gmt":"2022-11-08T21:31:21","slug":"amischotolype-gracilis-oe-012","status":"publish","type":"product","link":"https:\/\/staging.pepiniereezavin.com\/en\/product\/amischotolype-gracilis-oe-012\/","title":{"rendered":"Amischotolype gracilis OE 012"},"content":{"rendered":"<ul>\n<li>Cette \u00a0<strong>herbe bambusiforme<\/strong>\u00a0des sous-bois tha\u00eflandais ( et malaisiens) poss\u00e8de de tr\u00e8s belles feuilles effil\u00e9es vert fonc\u00e9. La floraison appara\u00eet le long des tiges et transperce la base des feuilles. Caduque \u00e0 0\u00b0C, mais repart tous les ans, depuis 20 ans!<\/li>\n<\/ul>\n<p><span style=\"text-decoration: underline;\">Hauteur adulte<\/span>\u00a0: 80\/100.\u00a0<span style=\"text-decoration: underline;\">Origine g\u00e9ographique<\/span>\u00a0: Tha\u00eflande, Malaisie. P<span style=\"text-decoration: underline;\">ersistance hiver<\/span>\u00a0: Caduque si T\u00b0 &lt;5\u00b0C, persistant si gard\u00e9 \u00e0 + de 5\u00b0C.\u00a0<span style=\"text-decoration: underline;\">Rusticit\u00e9 USDA<\/span>\u00a0: Zone 9.<\/p>","protected":false},"excerpt":{"rendered":"<p>Cette \u00a0<strong>herbe bambusiforme<\/strong>\u00a0des sous-bois tha\u00eflandais ( et malaisiens) poss\u00e8de de tr\u00e8s belles feuilles effil\u00e9es vert fonc\u00e9. La floraison appara\u00eet le long des tiges et transperce la base des feuilles. Caduque \u00e0 0\u00b0C, mais repart tous les ans, depuis 20 ans!<\/p>\n<p><span style=\"text-decoration: underline;\">Hauteur adulte<\/span>\u00a0: 80\/100.\u00a0<span style=\"text-decoration: underline;\">Origine g\u00e9ographique<\/span>\u00a0: Tha\u00eflande, Malaisie. P<span style=\"text-decoration: underline;\">ersistance hiver<\/span>\u00a0: Caduque si T\u00b0 &lt;5\u00b0C, persistant si gard\u00e9 \u00e0 + de 5\u00b0C.\u00a0<span style=\"text-decoration: underline;\">Rusticit\u00e9 USDA<\/span>\u00a0: Zone 9.<\/p>","protected":false},"featured_media":29133,"template":"","meta":{"site-sidebar-layout":"default","site-content-layout":"default","ast-global-header-display":"","ast-main-header-display":"","ast-hfb-above-header-display":"","ast-hfb-below-header-display":"","ast-hfb-mobile-header-display":"","site-post-title":"","ast-breadcrumbs-content":"","ast-featured-img":"","footer-sml-layout":"","theme-transparent-header-meta":"default","adv-header-id-meta":"","stick-header-meta":"default","header-above-stick-meta":"","header-main-stick-meta":"","header-below-stick-meta":""},"product_cat":[537,551,552],"product_tag":[522,529,556,558,533],"class_list":["post-29102","product","type-product","status-publish","has-post-thumbnail","hentry","product_cat-autres-plantes","product_cat-autres-plantes-d-interieur","product_cat-autres-plantes-pour-climat-doux","product_tag-plantes-famille-commelinacees","product_tag-plantes-origine-asiatique","product_tag-plantes-pour-interieur","product_tag-plantes-pour-climats-doux","product_tag-plantes-pour-mur-vegetaux","pa_taille-du-pot-pot-12-14-cm-diametre","desktop-align-center","tablet-align-center","mobile-align-center","ast-product-gallery-layout-horizontal","ast-product-gallery-with-no-image","ast-product-single-variable","ast-product-tabs-layout-horizontal","ast-qv-on-image"],"_links":{"self":[{"href":"https:\/\/staging.pepiniereezavin.com\/en\/wp-json\/wp\/v2\/product\/29102","targetHints":{"allow":["GET"]}}],"collection":[{"href":"https:\/\/staging.pepiniereezavin.com\/en\/wp-json\/wp\/v2\/product"}],"about":[{"href":"https:\/\/staging.pepiniereezavin.com\/en\/wp-json\/wp\/v2\/types\/product"}],"wp:featuredmedia":[{"embeddable":true,"href":"https:\/\/staging.pepiniereezavin.com\/en\/wp-json\/wp\/v2\/media\/29133"}],"wp:attachment":[{"href":"https:\/\/staging.pepiniereezavin.com\/en\/wp-json\/wp\/v2\/media?parent=29102"}],"wp:term":[{"taxonomy":"product_cat","embeddable":true,"href":"https:\/\/staging.pepiniereezavin.com\/en\/wp-json\/wp\/v2\/product_cat?post=29102"},{"taxonomy":"product_tag","embeddable":true,"href":"https:\/\/staging.pepiniereezavin.com\/en\/wp-json\/wp\/v2\/product_tag?post=29102"}],"curies":[{"name":"wp","href":"https:\/\/api.w.org\/{rel}","templated":true}]}}