{"id":29104,"date":"2021-12-09T22:06:52","date_gmt":"2021-12-09T21:06:52","guid":{"rendered":"https:\/\/pepiniereezavin.fr\/?post_type=product&#038;p=29104"},"modified":"2022-11-25T18:03:43","modified_gmt":"2022-11-25T17:03:43","slug":"amomum-compactum","status":"publish","type":"product","link":"https:\/\/staging.pepiniereezavin.com\/en\/product\/amomum-compactum\/","title":{"rendered":"Amomum compactum"},"content":{"rendered":"<p>La M\u00e9liguette, ou fausse Cardamome. C&rsquo;est une cousine du gingembre, dont elle a le m\u00eame port, avec des\u00a0feuilles plus larges. L&rsquo;odeur que d\u00e9gage la plante est tout \u00e0 fait caract\u00e9ristique. Doit \u00eatre gard\u00e9e en serre pour fleurir, mais r\u00e9siste bien ici en ext\u00e9rieur, sans fleurir, \u00e0 des T\u00b0 de -3\u00b0C (avec d\u00e9gel quotidien). C&rsquo;est aussi une tr\u00e8s bonne plante d&rsquo;int\u00e9rieur, parfum\u00e9e et r\u00e9sistante.<\/p>\n<p><span style=\"text-decoration: underline;\">Hauteur adulte<\/span>\u00a0: 40\/60.\u00a0<span style=\"text-decoration: underline;\">Origine g\u00e9ographique<\/span>\u00a0: Inde.\u00a0<span style=\"text-decoration: underline;\">Persistance hiver<\/span>\u00a0: Persistant hors gel.\u00a0<span style=\"text-decoration: underline;\">Rusticit\u00e9 USDA<\/span>\u00a0: Zone 9.<\/p>","protected":false},"excerpt":{"rendered":"<p>La M\u00e9liguette, ou fausse Cardamome. C&rsquo;est une cousine du gingembre, dont elle a le m\u00eame port, avec des\u00a0feuilles plus larges. L&rsquo;odeur que d\u00e9gage la plante est tout \u00e0 fait caract\u00e9ristique. Doit \u00eatre gard\u00e9e en serre pour fleurir, mais r\u00e9siste bien ici en ext\u00e9rieur, sans fleurir, \u00e0 des T\u00b0 de -3\u00b0C (avec d\u00e9gel quotidien). C&rsquo;est aussi une tr\u00e8s bonne plante d&rsquo;int\u00e9rieur, parfum\u00e9e et r\u00e9sistante.<\/p>\n<p><span style=\"text-decoration: underline;\">Hauteur adulte<\/span>\u00a0: 40\/60.\u00a0<span style=\"text-decoration: underline;\">Origine g\u00e9ographique<\/span>\u00a0: Inde.\u00a0<span style=\"text-decoration: underline;\">Persistance hiver<\/span>\u00a0: Persistant hors gel.\u00a0<span style=\"text-decoration: underline;\">Rusticit\u00e9 USDA<\/span>\u00a0: Zone 9.<\/p>","protected":false},"featured_media":29134,"template":"","meta":{"site-sidebar-layout":"default","site-content-layout":"default","ast-global-header-display":"","ast-main-header-display":"","ast-hfb-above-header-display":"","ast-hfb-below-header-display":"","ast-hfb-mobile-header-display":"","site-post-title":"","ast-breadcrumbs-content":"","ast-featured-img":"","footer-sml-layout":"","theme-transparent-header-meta":"default","adv-header-id-meta":"","stick-header-meta":"default","header-above-stick-meta":"","header-main-stick-meta":"","header-below-stick-meta":""},"product_cat":[537,551,552],"product_tag":[529,556,558,533],"class_list":["post-29104","product","type-product","status-publish","has-post-thumbnail","hentry","product_cat-autres-plantes","product_cat-autres-plantes-d-interieur","product_cat-autres-plantes-pour-climat-doux","product_tag-plantes-origine-asiatique","product_tag-plantes-pour-interieur","product_tag-plantes-pour-climats-doux","product_tag-plantes-pour-mur-vegetaux","pa_taille-du-pot-pot-12-14-cm-diametre","desktop-align-center","tablet-align-center","mobile-align-center","ast-product-gallery-layout-horizontal","ast-product-gallery-with-no-image","ast-product-single-variable","ast-product-tabs-layout-horizontal","ast-qv-on-image"],"_links":{"self":[{"href":"https:\/\/staging.pepiniereezavin.com\/en\/wp-json\/wp\/v2\/product\/29104","targetHints":{"allow":["GET"]}}],"collection":[{"href":"https:\/\/staging.pepiniereezavin.com\/en\/wp-json\/wp\/v2\/product"}],"about":[{"href":"https:\/\/staging.pepiniereezavin.com\/en\/wp-json\/wp\/v2\/types\/product"}],"wp:featuredmedia":[{"embeddable":true,"href":"https:\/\/staging.pepiniereezavin.com\/en\/wp-json\/wp\/v2\/media\/29134"}],"wp:attachment":[{"href":"https:\/\/staging.pepiniereezavin.com\/en\/wp-json\/wp\/v2\/media?parent=29104"}],"wp:term":[{"taxonomy":"product_cat","embeddable":true,"href":"https:\/\/staging.pepiniereezavin.com\/en\/wp-json\/wp\/v2\/product_cat?post=29104"},{"taxonomy":"product_tag","embeddable":true,"href":"https:\/\/staging.pepiniereezavin.com\/en\/wp-json\/wp\/v2\/product_tag?post=29104"}],"curies":[{"name":"wp","href":"https:\/\/api.w.org\/{rel}","templated":true}]}}