{"id":29106,"date":"2021-12-09T22:06:53","date_gmt":"2021-12-09T21:06:53","guid":{"rendered":"https:\/\/pepiniereezavin.fr\/?post_type=product&#038;p=29106"},"modified":"2022-10-25T16:50:08","modified_gmt":"2022-10-25T14:50:08","slug":"ampelaster-carolinianus","status":"publish","type":"product","link":"https:\/\/staging.pepiniereezavin.com\/en\/product\/ampelaster-carolinianus\/","title":{"rendered":"Ampelaster carolinianus"},"content":{"rendered":"<p>Originaire du Sud-Est des Etats-Unis, cette <strong>liane fleurit<\/strong> en<strong> fin d&rsquo;automne et en hiver<\/strong>. Le feuillage est conforme \u00e0 celui des Asters de jardin, et il rougit l&rsquo;hiver.\u00a0Les fleurs sont aussi tout \u00e0 fait celles des Aster roses courants, \u00e0 coeur jaune. Cette plante est <strong>remarquablement vigoureuse<\/strong>, et malgr\u00e9 son origine, se r\u00e9v\u00e8le rustique jusqu&rsquo;\u00e0 -15\u00b0C, red\u00e9marrant du pied. Elle poussera contre un mur (avec un palissage), ou dans un arbre (dans les branches duquel elle se calera) ou m\u00eame sans support, avec taille annuelle. Sa r\u00e9sistance aux embruns est av\u00e9r\u00e9e. \u00a0Superbe effet en fin d&rsquo;automne et d\u00e9but d&rsquo;hiver.<\/p>\n<p><span style=\"text-decoration: underline;\">Hauteur adulte<\/span>\u00a0: jusqu&rsquo;\u00e0 5 m.\u00a0<span style=\"text-decoration: underline;\">Origine g\u00e9ographique<\/span>\u00a0: Am\u00e9rique du Nord.\u00a0<span style=\"text-decoration: underline;\">Persistance hiver<\/span>\u00a0: Semi-Persistant. <span style=\"text-decoration: underline;\">Rusticit\u00e9 USDA<\/span>\u00a0: Zone 7\/8.<\/p>","protected":false},"excerpt":{"rendered":"<p>Originaire du Sud-Est des Etats-Unis, cette <strong>liane fleurit<\/strong> en<strong> fin d&rsquo;automne et en hiver<\/strong>. Le feuillage est conforme \u00e0 celui des Asters de jardin, et il rougit l&rsquo;hiver.\u00a0Les fleurs sont aussi tout \u00e0 fait celles des Aster roses courants, \u00e0 coeur jaune. Cette plante est <strong>remarquablement vigoureuse<\/strong>, et malgr\u00e9 son origine, se r\u00e9v\u00e8le rustique jusqu&rsquo;\u00e0 -15\u00b0C, red\u00e9marrant du pied. Elle poussera contre un mur (avec un palissage), ou dans un arbre (dans les branches duquel elle se calera) ou m\u00eame sans support, avec taille annuelle. Sa r\u00e9sistance aux embruns est av\u00e9r\u00e9e. \u00a0Superbe effet en fin d&rsquo;automne et d\u00e9but d&rsquo;hiver.<\/p>\n<p><span style=\"text-decoration: underline;\">Hauteur adulte<\/span>\u00a0: jusqu&rsquo;\u00e0 5 m.\u00a0<span style=\"text-decoration: underline;\">Origine g\u00e9ographique<\/span>\u00a0: Am\u00e9rique du Nord.\u00a0<span style=\"text-decoration: underline;\">Persistance hiver<\/span>\u00a0: Semi-Persistant. <span style=\"text-decoration: underline;\">Rusticit\u00e9 USDA<\/span>\u00a0: Zone 7\/8.<\/p>","protected":false},"featured_media":29136,"template":"","meta":{"site-sidebar-layout":"default","site-content-layout":"default","ast-global-header-display":"","ast-main-header-display":"","ast-hfb-above-header-display":"","ast-hfb-below-header-display":"","ast-hfb-mobile-header-display":"","site-post-title":"","ast-breadcrumbs-content":"","ast-featured-img":"","footer-sml-layout":"","theme-transparent-header-meta":"","adv-header-id-meta":"","stick-header-meta":"","header-above-stick-meta":"","header-main-stick-meta":"","header-below-stick-meta":""},"product_cat":[537,551,552,553],"product_tag":[528,532,558,559,533],"class_list":["post-29106","product","type-product","status-publish","has-post-thumbnail","hentry","product_cat-autres-plantes","product_cat-autres-plantes-d-interieur","product_cat-autres-plantes-pour-climat-doux","product_cat-autres-plantes-pour-climat-frais","product_tag-plantes-origine-americaine","product_tag-plantes-pour-berges","product_tag-plantes-pour-climats-doux","product_tag-plantes-pour-climats-frais","product_tag-plantes-pour-mur-vegetaux","pa_taille-du-pot-pot-12-14-cm-diametre","desktop-align-center","tablet-align-center","mobile-align-center","ast-product-gallery-layout-horizontal","ast-product-single-variable","ast-product-tabs-layout-horizontal","ast-qv-on-image"],"_links":{"self":[{"href":"https:\/\/staging.pepiniereezavin.com\/en\/wp-json\/wp\/v2\/product\/29106","targetHints":{"allow":["GET"]}}],"collection":[{"href":"https:\/\/staging.pepiniereezavin.com\/en\/wp-json\/wp\/v2\/product"}],"about":[{"href":"https:\/\/staging.pepiniereezavin.com\/en\/wp-json\/wp\/v2\/types\/product"}],"wp:featuredmedia":[{"embeddable":true,"href":"https:\/\/staging.pepiniereezavin.com\/en\/wp-json\/wp\/v2\/media\/29136"}],"wp:attachment":[{"href":"https:\/\/staging.pepiniereezavin.com\/en\/wp-json\/wp\/v2\/media?parent=29106"}],"wp:term":[{"taxonomy":"product_cat","embeddable":true,"href":"https:\/\/staging.pepiniereezavin.com\/en\/wp-json\/wp\/v2\/product_cat?post=29106"},{"taxonomy":"product_tag","embeddable":true,"href":"https:\/\/staging.pepiniereezavin.com\/en\/wp-json\/wp\/v2\/product_tag?post=29106"}],"curies":[{"name":"wp","href":"https:\/\/api.w.org\/{rel}","templated":true}]}}