{"id":29158,"date":"2021-12-09T22:07:15","date_gmt":"2021-12-09T21:07:15","guid":{"rendered":"https:\/\/pepiniereezavin.fr\/?post_type=product&#038;p=29158"},"modified":"2022-12-24T18:41:02","modified_gmt":"2022-12-24T17:41:02","slug":"aspidistra-elatior","status":"publish","type":"product","link":"https:\/\/staging.pepiniereezavin.com\/en\/product\/aspidistra-elatior\/","title":{"rendered":"Aspidistra elatior"},"content":{"rendered":"<p>Cette curieuse cousine japonaise du muguet a de <strong>magnifiques feuilles dress\u00e9es vert fonc\u00e9<\/strong>. Tr\u00e8s bel effet en lumi\u00e8re faible. Plante supportant des<strong> soins tr\u00e8s r\u00e9duits<\/strong>, appr\u00e9ciant particuli\u00e8rement de rester longtemps en pot, jusqu&rsquo;\u00e0 ce que la plante colonise tout le pot. Les fleurs, marron, apparaissent au ras du sol en automne. En pleine terre, c&rsquo;est une plante tr\u00e8s utile pour donner de la <strong>verticalit\u00e9<\/strong>, et elle supporte quasiment tous les environnements pas trop \u00e9clair\u00e9s et pas d\u00e9tremp\u00e9s. Croissance lente, mais culture facile.<\/p>\n<p><span style=\"text-decoration: underline;\">Hauteur adulte<\/span>\u00a0: 80\/100.\u00a0<span style=\"text-decoration: underline;\">Origine g\u00e9ographique<\/span>\u00a0: Japon (Iles Osumi).\u00a0<span style=\"text-decoration: underline;\">Persistance hiver<\/span>\u00a0: Persistant.\u00a0<span style=\"text-decoration: underline;\">Rusticit\u00e9 USDA<\/span>\u00a0: Zone 7.<\/p>","protected":false},"excerpt":{"rendered":"<p>Cette curieuse cousine japonaise du muguet a de <strong>magnifiques feuilles dress\u00e9es vert fonc\u00e9<\/strong>. Tr\u00e8s bel effet en lumi\u00e8re faible. Plante supportant des<strong> soins tr\u00e8s r\u00e9duits<\/strong>, appr\u00e9ciant particuli\u00e8rement de rester longtemps en pot, jusqu&rsquo;\u00e0 ce que la plante colonise tout le pot. Les fleurs, marron, apparaissent au ras du sol en automne. En pleine terre, c&rsquo;est une plante tr\u00e8s utile pour donner de la <strong>verticalit\u00e9<\/strong>, et elle supporte quasiment tous les environnements pas trop \u00e9clair\u00e9s et pas d\u00e9tremp\u00e9s. Croissance lente, mais culture facile.<\/p>\n<p><span style=\"text-decoration: underline;\">Hauteur adulte<\/span>\u00a0: 80\/100.\u00a0<span style=\"text-decoration: underline;\">Origine g\u00e9ographique<\/span>\u00a0: Japon (Iles Osumi).\u00a0<span style=\"text-decoration: underline;\">Persistance hiver<\/span>\u00a0: Persistant.\u00a0<span style=\"text-decoration: underline;\">Rusticit\u00e9 USDA<\/span>\u00a0: Zone 7.<\/p>","protected":false},"featured_media":29183,"template":"","meta":{"site-sidebar-layout":"default","site-content-layout":"default","ast-global-header-display":"","ast-main-header-display":"","ast-hfb-above-header-display":"","ast-hfb-below-header-display":"","ast-hfb-mobile-header-display":"","site-post-title":"","ast-breadcrumbs-content":"","ast-featured-img":"","footer-sml-layout":"","theme-transparent-header-meta":"default","adv-header-id-meta":"","stick-header-meta":"default","header-above-stick-meta":"","header-main-stick-meta":"","header-below-stick-meta":""},"product_cat":[537,551,552,553],"product_tag":[525,529,556,558,559,534],"class_list":["post-29158","product","type-product","status-publish","has-post-thumbnail","hentry","product_cat-autres-plantes","product_cat-autres-plantes-d-interieur","product_cat-autres-plantes-pour-climat-doux","product_cat-autres-plantes-pour-climat-frais","product_tag-plantes-a-feuillage-coriace","product_tag-plantes-origine-asiatique","product_tag-plantes-pour-interieur","product_tag-plantes-pour-climats-doux","product_tag-plantes-pour-climats-frais","product_tag-plantes-pour-ombre-seche","pa_taille-du-pot-pot-12-14-cm-diametre","desktop-align-center","tablet-align-center","mobile-align-center","ast-product-gallery-layout-horizontal","ast-product-gallery-with-no-image","ast-product-single-variable","ast-product-tabs-layout-horizontal","ast-qv-on-image"],"_links":{"self":[{"href":"https:\/\/staging.pepiniereezavin.com\/en\/wp-json\/wp\/v2\/product\/29158","targetHints":{"allow":["GET"]}}],"collection":[{"href":"https:\/\/staging.pepiniereezavin.com\/en\/wp-json\/wp\/v2\/product"}],"about":[{"href":"https:\/\/staging.pepiniereezavin.com\/en\/wp-json\/wp\/v2\/types\/product"}],"wp:featuredmedia":[{"embeddable":true,"href":"https:\/\/staging.pepiniereezavin.com\/en\/wp-json\/wp\/v2\/media\/29183"}],"wp:attachment":[{"href":"https:\/\/staging.pepiniereezavin.com\/en\/wp-json\/wp\/v2\/media?parent=29158"}],"wp:term":[{"taxonomy":"product_cat","embeddable":true,"href":"https:\/\/staging.pepiniereezavin.com\/en\/wp-json\/wp\/v2\/product_cat?post=29158"},{"taxonomy":"product_tag","embeddable":true,"href":"https:\/\/staging.pepiniereezavin.com\/en\/wp-json\/wp\/v2\/product_tag?post=29158"}],"curies":[{"name":"wp","href":"https:\/\/api.w.org\/{rel}","templated":true}]}}