{"id":29162,"date":"2021-12-09T22:07:16","date_gmt":"2021-12-09T21:07:16","guid":{"rendered":"https:\/\/pepiniereezavin.fr\/?post_type=product&#038;p=29162"},"modified":"2023-01-03T10:07:23","modified_gmt":"2023-01-03T09:07:23","slug":"aspidistra-milky-way","status":"publish","type":"product","link":"https:\/\/staging.pepiniereezavin.com\/en\/product\/aspidistra-milky-way\/","title":{"rendered":"Aspidistra &lsquo;Milky Way&rsquo;"},"content":{"rendered":"<p>Les feuilles sont plus fines et moins hautes que A. elatior, et elles sont constell\u00e9es\u00a0de taches blanches. La plante a un aspect plus touffu, et\u00a0fleurit r\u00e9guli\u00e8rement au ras du sol. Peu d&rsquo;entretien, plante tr\u00e8s vigoureuse. Supporte tr\u00e8s bien la s\u00e9cheresse saisonni\u00e8re. Excellente plante d&rsquo;int\u00e9rieur.<\/p>\n<p><span style=\"text-decoration: underline;\">Hauteur adulte<\/span>\u00a0: 40\/60. <span style=\"text-decoration: underline;\">Origine g\u00e9ographique<\/span>\u00a0: Origine horticole. <span style=\"text-decoration: underline;\">Persistance hiver<\/span>\u00a0: Persistant. <span style=\"text-decoration: underline;\">Rusticit\u00e9 USDA<\/span>\u00a0: Zone 8.<\/p>","protected":false},"excerpt":{"rendered":"<p>Les feuilles sont plus fines et moins hautes que A. elatior, et elles sont constell\u00e9es\u00a0de taches blanches. La plante a un aspect plus touffu, et\u00a0fleurit r\u00e9guli\u00e8rement au ras du sol. Peu d&rsquo;entretien, plante tr\u00e8s vigoureuse. Supporte tr\u00e8s bien la s\u00e9cheresse saisonni\u00e8re. Excellente plante d&rsquo;int\u00e9rieur.<\/p>\n<p><span style=\"text-decoration: underline;\">Hauteur adulte<\/span>\u00a0: 40\/60. <span style=\"text-decoration: underline;\">Origine g\u00e9ographique<\/span>\u00a0: Origine horticole. <span style=\"text-decoration: underline;\">Persistance hiver<\/span>\u00a0: Persistant. <span style=\"text-decoration: underline;\">Rusticit\u00e9 USDA<\/span>\u00a0: Zone 8.<\/p>","protected":false},"featured_media":29186,"template":"","meta":{"site-sidebar-layout":"default","site-content-layout":"default","ast-global-header-display":"","ast-main-header-display":"","ast-hfb-above-header-display":"","ast-hfb-below-header-display":"","ast-hfb-mobile-header-display":"","site-post-title":"","ast-breadcrumbs-content":"","ast-featured-img":"","footer-sml-layout":"","theme-transparent-header-meta":"default","adv-header-id-meta":"","stick-header-meta":"default","header-above-stick-meta":"","header-main-stick-meta":"","header-below-stick-meta":""},"product_cat":[537,551,554,552,553],"product_tag":[533,534,557],"class_list":["post-29162","product","type-product","status-publish","has-post-thumbnail","hentry","product_cat-autres-plantes","product_cat-autres-plantes-d-interieur","product_cat-autres-plantes-pour-terrarium","product_cat-autres-plantes-pour-climat-doux","product_cat-autres-plantes-pour-climat-frais","product_tag-plantes-pour-mur-vegetaux","product_tag-plantes-pour-ombre-seche","product_tag-plantes-pour-terrarium","pa_taille-du-pot-pot-12-14-cm-diametre","desktop-align-center","tablet-align-center","mobile-align-center","ast-product-gallery-layout-horizontal","ast-product-single-variable","ast-product-tabs-layout-horizontal","ast-qv-on-image"],"_links":{"self":[{"href":"https:\/\/staging.pepiniereezavin.com\/en\/wp-json\/wp\/v2\/product\/29162","targetHints":{"allow":["GET"]}}],"collection":[{"href":"https:\/\/staging.pepiniereezavin.com\/en\/wp-json\/wp\/v2\/product"}],"about":[{"href":"https:\/\/staging.pepiniereezavin.com\/en\/wp-json\/wp\/v2\/types\/product"}],"wp:featuredmedia":[{"embeddable":true,"href":"https:\/\/staging.pepiniereezavin.com\/en\/wp-json\/wp\/v2\/media\/29186"}],"wp:attachment":[{"href":"https:\/\/staging.pepiniereezavin.com\/en\/wp-json\/wp\/v2\/media?parent=29162"}],"wp:term":[{"taxonomy":"product_cat","embeddable":true,"href":"https:\/\/staging.pepiniereezavin.com\/en\/wp-json\/wp\/v2\/product_cat?post=29162"},{"taxonomy":"product_tag","embeddable":true,"href":"https:\/\/staging.pepiniereezavin.com\/en\/wp-json\/wp\/v2\/product_tag?post=29162"}],"curies":[{"name":"wp","href":"https:\/\/api.w.org\/{rel}","templated":true}]}}