{"id":29164,"date":"2021-12-09T22:07:16","date_gmt":"2021-12-09T21:07:16","guid":{"rendered":"https:\/\/pepiniereezavin.fr\/?post_type=product&#038;p=29164"},"modified":"2022-04-19T14:38:07","modified_gmt":"2022-04-19T12:38:07","slug":"begonia-blancii-pb-09-201","status":"publish","type":"product","link":"https:\/\/staging.pepiniereezavin.com\/en\/product\/begonia-blancii-pb-09-201\/","title":{"rendered":"Begonia blancii PB 09-201"},"content":{"rendered":"<p>Originaire de l&rsquo;\u00eele de Palawan, aux Philippines. C&rsquo;est une nouvelle esp\u00e8ce, d\u00e9crite en 2011, ramen\u00e9e par, et d\u00e9di\u00e9e \u00e0 Patrick Blanc, grand d\u00e9couvreur de plantes. Ce <em>Begonia<\/em> a des feuilles triangulaires et charnues. Trois formes &#8211; vivant c\u00f4te \u00e0 c\u00f4te \u00e0 Palawan &#8211; sont propos\u00e9es (selon disponibilit\u00e9s) : vert fonc\u00e9 (&lsquo;Black Patrick&rsquo;), marbr\u00e9es \u00e0 dominante vert clair (&lsquo;Noemie&rsquo;s Dream&rsquo;), ou marbr\u00e9es \u00e0 dominante vert fonc\u00e9 (&lsquo;Pascal&rsquo;s Caress&rsquo;) &#8211;&gt; Voir la photo avec les 3 formes ensemble. Ce B\u00e9gonia pousse sur des rochers humides, et fleurit rose tout l&rsquo;automne et l&rsquo;hiver. Excellente plante pour <strong>mur v\u00e9g\u00e9tal d&rsquo;int\u00e9rieur ou <span style=\"text-decoration: underline;\">terrarium<\/span><\/strong>. Garder au chaud (18\u00b0 mini). Exp\u00e9dition seulement si les conditions m\u00e9t\u00e9o le permettent.<\/p>\n<p><span style=\"text-decoration: underline;\">Hauteur adulte<\/span>\u00a0: 10\/20.\u00a0<span style=\"text-decoration: underline;\">Origine g\u00e9ographique<\/span>\u00a0: Philippines.\u00a0<span style=\"text-decoration: underline;\">Persistance hiver<\/span>\u00a0: Persistant.\u00a0<span style=\"text-decoration: underline;\">Rusticit\u00e9 USDA<\/span>\u00a0: Zone 10\/11.<\/p>","protected":false},"excerpt":{"rendered":"<p>Originaire de l&rsquo;\u00eele de Palawan, aux Philippines. C&rsquo;est une nouvelle esp\u00e8ce, d\u00e9crite en 2011, ramen\u00e9e par, et d\u00e9di\u00e9e \u00e0 Patrick Blanc, grand d\u00e9couvreur de plantes. Ce\u00a0<em>Begonia<\/em>\u00a0a des feuilles triangulaires et charnues. Trois formes &#8211; vivant c\u00f4te \u00e0 c\u00f4te \u00e0 Palawan &#8211; sont propos\u00e9es (selon disponibilit\u00e9s) : vert fonc\u00e9 (&lsquo;Black Patrick&rsquo;), marbr\u00e9es \u00e0 dominante vert clair (&lsquo;Noemie&rsquo;s Dream&rsquo;), ou marbr\u00e9es \u00e0 dominante vert fonc\u00e9 (&lsquo;Pascal&rsquo;s Caress&rsquo;) &#8211;&gt; Voir la photo avec les 3 formes ensemble. Ce B\u00e9gonia pousse sur des rochers humides, et fleurit rose tout l&rsquo;automne et l&rsquo;hiver. Excellente plante pour\u00a0<strong>mur v\u00e9g\u00e9tal d&rsquo;int\u00e9rieur ou\u00a0<span style=\"text-decoration: underline;\">terrarium<\/span><\/strong>. Garder au chaud (18\u00b0 mini). Exp\u00e9dition seulement si les conditions m\u00e9t\u00e9o le permettent.<\/p>\n<p><span style=\"text-decoration: underline;\">Hauteur adulte<\/span>\u00a0: 10\/20.\u00a0<span style=\"text-decoration: underline;\">Origine g\u00e9ographique<\/span>\u00a0: Philippines.\u00a0<span style=\"text-decoration: underline;\">Persistance hiver<\/span>\u00a0: Persistant.\u00a0<span style=\"text-decoration: underline;\">Rusticit\u00e9 USDA<\/span>\u00a0: Zone 10\/11.<\/p>","protected":false},"featured_media":29188,"template":"","meta":{"site-sidebar-layout":"default","site-content-layout":"default","ast-global-header-display":"","ast-main-header-display":"","ast-hfb-above-header-display":"","ast-hfb-below-header-display":"","ast-hfb-mobile-header-display":"","site-post-title":"","ast-breadcrumbs-content":"","ast-featured-img":"","footer-sml-layout":"","theme-transparent-header-meta":"default","adv-header-id-meta":"","stick-header-meta":"default","header-above-stick-meta":"","header-main-stick-meta":"","header-below-stick-meta":""},"product_cat":[536,547,548],"product_tag":[520,529,556,533,557],"class_list":["post-29164","product","type-product","status-publish","has-post-thumbnail","hentry","product_cat-begonias","product_cat-begonias-interieur","product_cat-begonias-terrarium","product_tag-begonias-botaniques","product_tag-plantes-origine-asiatique","product_tag-plantes-pour-interieur","product_tag-plantes-pour-mur-vegetaux","product_tag-plantes-pour-terrarium","pa_taille-du-pot-pot-10-12-cm-diametre","desktop-align-center","tablet-align-center","mobile-align-center","ast-product-gallery-layout-horizontal","ast-product-single-variable","ast-product-tabs-layout-horizontal","ast-qv-on-image"],"_links":{"self":[{"href":"https:\/\/staging.pepiniereezavin.com\/en\/wp-json\/wp\/v2\/product\/29164","targetHints":{"allow":["GET"]}}],"collection":[{"href":"https:\/\/staging.pepiniereezavin.com\/en\/wp-json\/wp\/v2\/product"}],"about":[{"href":"https:\/\/staging.pepiniereezavin.com\/en\/wp-json\/wp\/v2\/types\/product"}],"wp:featuredmedia":[{"embeddable":true,"href":"https:\/\/staging.pepiniereezavin.com\/en\/wp-json\/wp\/v2\/media\/29188"}],"wp:attachment":[{"href":"https:\/\/staging.pepiniereezavin.com\/en\/wp-json\/wp\/v2\/media?parent=29164"}],"wp:term":[{"taxonomy":"product_cat","embeddable":true,"href":"https:\/\/staging.pepiniereezavin.com\/en\/wp-json\/wp\/v2\/product_cat?post=29164"},{"taxonomy":"product_tag","embeddable":true,"href":"https:\/\/staging.pepiniereezavin.com\/en\/wp-json\/wp\/v2\/product_tag?post=29164"}],"curies":[{"name":"wp","href":"https:\/\/api.w.org\/{rel}","templated":true}]}}