{"id":29168,"date":"2021-12-09T22:07:16","date_gmt":"2021-12-09T21:07:16","guid":{"rendered":"https:\/\/pepiniereezavin.fr\/?post_type=product&#038;p=29168"},"modified":"2022-11-29T13:51:05","modified_gmt":"2022-11-29T12:51:05","slug":"begonia-chuyunshanensis-pb-07-1111","status":"publish","type":"product","link":"https:\/\/staging.pepiniereezavin.com\/en\/product\/begonia-chuyunshanensis-pb-07-1111\/","title":{"rendered":"Begonia chuyunshanensis PB 07-1111"},"content":{"rendered":"<p><a href=\"https:\/\/staging.pepiniereezavin.com\/wp-content\/uploads\/2015\/01\/MJMM_avril_2014350x286.jpg\"><img loading=\"lazy\" decoding=\"async\" class=\"wp-image-1827 alignright\" src=\"https:\/\/staging.pepiniereezavin.com\/wp-content\/uploads\/2015\/01\/MJMM_avril_2014350x286-300x245.jpg\" alt=\"MJMM_avril_2014(350x286)\" width=\"233\" height=\"191\" \/><\/a><\/p>\n<p>Cette esp\u00e8ce r\u00e9cemment d\u00e9crite\u00a0 (2005) de Ta\u00efwan (r\u00e9gion de Kaohsiung)\u00a0 poss\u00e8de des fleurs blanc ros\u00e9 \u00e9tonnantes par leur taille (4 cm de long),\u00a0avec des pistils et des \u00e9tamines jaunes\u00a0 tr\u00e8s spectaculaires. Les feuilles allong\u00e9es sont orient\u00e9es vers le bas, port\u00e9es par des tiges \u00e9rig\u00e9es d&rsquo;une cinquantaine de cm de haut. Tient dehors ici (-8\u00b0C), et \u00e0 Paris&#8230; \u00e0 tester ailleurs.<\/p>\n<p><span style=\"text-decoration: underline;\">Hauteur adulte<\/span>\u00a0: 40\/60(80).\u00a0<span style=\"text-decoration: underline;\">Origine g\u00e9ographique<\/span>\u00a0: Ta\u00efwan.\u00a0<span style=\"text-decoration: underline;\">Persistance hiver<\/span>\u00a0: Caduque.\u00a0<span style=\"text-decoration: underline;\">Rusticit\u00e9 USDA<\/span>\u00a0: Zone 7\/8.<\/p>","protected":false},"excerpt":{"rendered":"<p>Cette esp\u00e8ce r\u00e9cemment d\u00e9crite\u00a0 (2005) de Ta\u00efwan (r\u00e9gion de Kaohsiung)\u00a0 poss\u00e8de des fleurs blanc ros\u00e9 \u00e9tonnantes par leur taille (4 cm de long),\u00a0avec des pistils et des \u00e9tamines jaunes\u00a0 tr\u00e8s spectaculaires. Les feuilles allong\u00e9es sont orient\u00e9es vers le bas, port\u00e9es par des tiges \u00e9rig\u00e9es d&rsquo;une cinquantaine de cm de haut. Tient dehors ici (-8\u00b0C), et \u00e0 Paris&#8230; \u00e0 tester ailleurs.<\/p>\n<p><span style=\"text-decoration: underline;\">Hauteur adulte<\/span>\u00a0: 40\/60(80).\u00a0<span style=\"text-decoration: underline;\">Origine g\u00e9ographique<\/span>\u00a0: Ta\u00efwan.\u00a0<span style=\"text-decoration: underline;\">Persistance hiver<\/span>\u00a0: Caduque.\u00a0<span style=\"text-decoration: underline;\">Rusticit\u00e9 USDA<\/span>\u00a0: Zone 7\/8.<\/p>","protected":false},"featured_media":29198,"template":"","meta":{"site-sidebar-layout":"default","site-content-layout":"default","ast-global-header-display":"","ast-main-header-display":"","ast-hfb-above-header-display":"","ast-hfb-below-header-display":"","ast-hfb-mobile-header-display":"","site-post-title":"","ast-breadcrumbs-content":"","ast-featured-img":"","footer-sml-layout":"","theme-transparent-header-meta":"default","adv-header-id-meta":"","stick-header-meta":"default","header-above-stick-meta":"","header-main-stick-meta":"","header-below-stick-meta":""},"product_cat":[536,547,549],"product_tag":[520,529,556],"class_list":["post-29168","product","type-product","status-publish","has-post-thumbnail","hentry","product_cat-begonias","product_cat-begonias-interieur","product_cat-begonias-climat-doux","product_tag-begonias-botaniques","product_tag-plantes-origine-asiatique","product_tag-plantes-pour-interieur","pa_taille-du-pot-pot-12-14-cm-diametre","desktop-align-center","tablet-align-center","mobile-align-center","ast-product-gallery-layout-horizontal","ast-product-single-variable","ast-product-tabs-layout-horizontal","ast-qv-on-image"],"_links":{"self":[{"href":"https:\/\/staging.pepiniereezavin.com\/en\/wp-json\/wp\/v2\/product\/29168","targetHints":{"allow":["GET"]}}],"collection":[{"href":"https:\/\/staging.pepiniereezavin.com\/en\/wp-json\/wp\/v2\/product"}],"about":[{"href":"https:\/\/staging.pepiniereezavin.com\/en\/wp-json\/wp\/v2\/types\/product"}],"wp:featuredmedia":[{"embeddable":true,"href":"https:\/\/staging.pepiniereezavin.com\/en\/wp-json\/wp\/v2\/media\/29198"}],"wp:attachment":[{"href":"https:\/\/staging.pepiniereezavin.com\/en\/wp-json\/wp\/v2\/media?parent=29168"}],"wp:term":[{"taxonomy":"product_cat","embeddable":true,"href":"https:\/\/staging.pepiniereezavin.com\/en\/wp-json\/wp\/v2\/product_cat?post=29168"},{"taxonomy":"product_tag","embeddable":true,"href":"https:\/\/staging.pepiniereezavin.com\/en\/wp-json\/wp\/v2\/product_tag?post=29168"}],"curies":[{"name":"wp","href":"https:\/\/api.w.org\/{rel}","templated":true}]}}