{"id":29201,"date":"2021-12-09T22:07:36","date_gmt":"2021-12-09T21:07:36","guid":{"rendered":"https:\/\/pepiniereezavin.fr\/?post_type=product&#038;p=29201"},"modified":"2022-12-01T14:26:15","modified_gmt":"2022-12-01T13:26:15","slug":"begonia-emeiensis","status":"publish","type":"product","link":"https:\/\/staging.pepiniereezavin.com\/en\/product\/begonia-emeiensis\/","title":{"rendered":"Begonia emeiensis"},"content":{"rendered":"<p>Ce b\u00e9gonia touffe (acaule) fait de grandes fleurs roses en automne et est rustique jusqu&rsquo;\u00e0 -8\u00b0C (test\u00e9 ici, sous un <em>Camellia<\/em>).\u00a0Ses feuilles, au pourtour festonn\u00e9, ont une mati\u00e8re iris\u00e9e et sont du plus bel effet. De plus, une jeune plante appara\u00eet souvent au centre de la feuille, au dessus d&rsquo;un <strong>renflement caract\u00e9ristique<\/strong> \u00e0 la jonction du limbe et du p\u00e9tiole. Culture tr\u00e8s facile en int\u00e9rieur aussi, o\u00f9 il est semi-persistant.<\/p>\n<p><span style=\"text-decoration: underline;\">Hauteur adulte<\/span>\u00a0: 40\/60.\u00a0<span style=\"text-decoration: underline;\">Origine g\u00e9ographique<\/span>\u00a0: Chine.\u00a0<span style=\"text-decoration: underline;\">Persistance hiver<\/span>\u00a0: Caduque en ext\u00e9rieur.\u00a0<span style=\"text-decoration: underline;\">Rusticit\u00e9 USDA<\/span>\u00a0: Zone 8 (-12.2\u00b0C\/-6.7\u00b0C).<\/p>","protected":false},"excerpt":{"rendered":"<p>Ce b\u00e9gonia touffe (acaule) fait de grandes fleurs roses en automne et est rustique jusqu&rsquo;\u00e0 -8\u00b0C (test\u00e9 ici, sous un <em>Camellia<\/em>).\u00a0Ses feuilles, au pourtour festonn\u00e9, ont une mati\u00e8re iris\u00e9e et sont du plus bel effet. De plus, une jeune plante appara\u00eet souvent au centre de la feuille, au dessus d&rsquo;un <strong>renflement caract\u00e9ristique<\/strong> \u00e0 la jonction du limbe et du p\u00e9tiole. Culture tr\u00e8s facile en int\u00e9rieur aussi, o\u00f9 il est semi-persistant.<\/p>\n<p><span style=\"text-decoration: underline;\">Hauteur adulte<\/span>\u00a0: 40\/60.\u00a0<span style=\"text-decoration: underline;\">Origine g\u00e9ographique<\/span>\u00a0: Chine.\u00a0<span style=\"text-decoration: underline;\">Persistance hiver<\/span>\u00a0: Caduque en ext\u00e9rieur.\u00a0<span style=\"text-decoration: underline;\">Rusticit\u00e9 USDA<\/span>\u00a0: Zone 8 (-12.2\u00b0C\/-6.7\u00b0C).<\/p>","protected":false},"featured_media":29231,"template":"","meta":{"site-sidebar-layout":"default","site-content-layout":"default","ast-global-header-display":"","ast-main-header-display":"","ast-hfb-above-header-display":"","ast-hfb-below-header-display":"","ast-hfb-mobile-header-display":"","site-post-title":"","ast-breadcrumbs-content":"","ast-featured-img":"","footer-sml-layout":"","theme-transparent-header-meta":"default","adv-header-id-meta":"","stick-header-meta":"default","header-above-stick-meta":"","header-main-stick-meta":"","header-below-stick-meta":""},"product_cat":[536,547,549],"product_tag":[520,529,556,558],"class_list":["post-29201","product","type-product","status-publish","has-post-thumbnail","hentry","product_cat-begonias","product_cat-begonias-interieur","product_cat-begonias-climat-doux","product_tag-begonias-botaniques","product_tag-plantes-origine-asiatique","product_tag-plantes-pour-interieur","product_tag-plantes-pour-climats-doux","pa_taille-du-pot-pot-12-14-cm-diametre","desktop-align-center","tablet-align-center","mobile-align-center","ast-product-gallery-layout-horizontal","ast-product-single-variable","ast-product-tabs-layout-horizontal","ast-qv-on-image"],"_links":{"self":[{"href":"https:\/\/staging.pepiniereezavin.com\/en\/wp-json\/wp\/v2\/product\/29201","targetHints":{"allow":["GET"]}}],"collection":[{"href":"https:\/\/staging.pepiniereezavin.com\/en\/wp-json\/wp\/v2\/product"}],"about":[{"href":"https:\/\/staging.pepiniereezavin.com\/en\/wp-json\/wp\/v2\/types\/product"}],"wp:featuredmedia":[{"embeddable":true,"href":"https:\/\/staging.pepiniereezavin.com\/en\/wp-json\/wp\/v2\/media\/29231"}],"wp:attachment":[{"href":"https:\/\/staging.pepiniereezavin.com\/en\/wp-json\/wp\/v2\/media?parent=29201"}],"wp:term":[{"taxonomy":"product_cat","embeddable":true,"href":"https:\/\/staging.pepiniereezavin.com\/en\/wp-json\/wp\/v2\/product_cat?post=29201"},{"taxonomy":"product_tag","embeddable":true,"href":"https:\/\/staging.pepiniereezavin.com\/en\/wp-json\/wp\/v2\/product_tag?post=29201"}],"curies":[{"name":"wp","href":"https:\/\/api.w.org\/{rel}","templated":true}]}}