{"id":29203,"date":"2021-12-09T22:07:37","date_gmt":"2021-12-09T21:07:37","guid":{"rendered":"https:\/\/pepiniereezavin.fr\/?post_type=product&#038;p=29203"},"modified":"2022-10-13T20:09:34","modified_gmt":"2022-10-13T18:09:34","slug":"begonia-grandis","status":"publish","type":"product","link":"https:\/\/staging.pepiniereezavin.com\/en\/product\/begonia-grandis\/","title":{"rendered":"Begonia grandis"},"content":{"rendered":"<p>(=B. evansiana) B\u00e9gonia rustique \u00e0 fleurs roses, revers des feuilles \u00e0 nervures rouges. Forme de tr\u00e8s belles touffes de tiges dress\u00e9es \u00e0 grosses feuilles d&rsquo;allure tropicale, surmont\u00e9es par les grappes retombantes des fleurs roses, du mois de juillet aux gel\u00e9es. Des dizaines de bulbilles apparaissent en fin de saison, tombent au sol et donnent naissance le printemps suivant \u00e0 autant de nouveaux pieds. Cette superbe plantes poss\u00e8de des tubercules et est rustique dans la majorit\u00e9 des r\u00e9gions de France. Culture en ombre ou mi-ombre, en sol frais.<\/p>\n<p><span style=\"text-decoration: underline;\">Hauteur adulte<\/span>\u00a0: 40\/60(100).\u00a0<span style=\"text-decoration: underline;\">Origine g\u00e9ographique<\/span>\u00a0: Chine, Japon.\u00a0<span style=\"text-decoration: underline;\">Persistance hiver<\/span>\u00a0: Caduque.\u00a0<span style=\"text-decoration: underline;\">Rusticit\u00e9 USDA<\/span>\u00a0: Zone 7.<\/p>","protected":false},"excerpt":{"rendered":"<p>(=B. evansiana) B\u00e9gonia rustique \u00e0 fleurs roses, revers des feuilles \u00e0 nervures rouges. Forme de tr\u00e8s belles touffes de tiges dress\u00e9es \u00e0 grosses feuilles d&rsquo;allure tropicale, surmont\u00e9es par les grappes retombantes des fleurs roses, du mois de juillet aux gel\u00e9es. Des dizaines de bulbilles apparaissent en fin de saison, tombent au sol et donnent naissance le printemps suivant \u00e0 autant de nouveaux pieds. Cette superbe plantes poss\u00e8de des tubercules et est rustique dans la majorit\u00e9 des r\u00e9gions de France. Culture en ombre ou mi-ombre, en sol frais.<\/p>\n<p><span style=\"text-decoration: underline;\">Hauteur adulte<\/span>\u00a0: 40\/60(100).\u00a0<span style=\"text-decoration: underline;\">Origine g\u00e9ographique<\/span>\u00a0: Chine, Japon.\u00a0<span style=\"text-decoration: underline;\">Persistance hiver<\/span>\u00a0: Caduque.\u00a0<span style=\"text-decoration: underline;\">Rusticit\u00e9 USDA<\/span>\u00a0: Zone 7.<\/p>","protected":false},"featured_media":29238,"template":"","meta":{"site-sidebar-layout":"default","site-content-layout":"default","ast-global-header-display":"","ast-main-header-display":"","ast-hfb-above-header-display":"","ast-hfb-below-header-display":"","ast-hfb-mobile-header-display":"","site-post-title":"","ast-breadcrumbs-content":"","ast-featured-img":"","footer-sml-layout":"","theme-transparent-header-meta":"default","adv-header-id-meta":"","stick-header-meta":"default","header-above-stick-meta":"","header-main-stick-meta":"","header-below-stick-meta":""},"product_cat":[536,549,550],"product_tag":[520,529,558,559,533],"class_list":["post-29203","product","type-product","status-publish","has-post-thumbnail","hentry","product_cat-begonias","product_cat-begonias-climat-doux","product_cat-begonias-climat-frais","product_tag-begonias-botaniques","product_tag-plantes-origine-asiatique","product_tag-plantes-pour-climats-doux","product_tag-plantes-pour-climats-frais","product_tag-plantes-pour-mur-vegetaux","pa_taille-du-pot-pot-12-14-cm-diametre","desktop-align-center","tablet-align-center","mobile-align-center","ast-product-gallery-layout-horizontal","ast-product-single-variable","ast-product-tabs-layout-horizontal","ast-qv-on-image"],"_links":{"self":[{"href":"https:\/\/staging.pepiniereezavin.com\/en\/wp-json\/wp\/v2\/product\/29203","targetHints":{"allow":["GET"]}}],"collection":[{"href":"https:\/\/staging.pepiniereezavin.com\/en\/wp-json\/wp\/v2\/product"}],"about":[{"href":"https:\/\/staging.pepiniereezavin.com\/en\/wp-json\/wp\/v2\/types\/product"}],"wp:featuredmedia":[{"embeddable":true,"href":"https:\/\/staging.pepiniereezavin.com\/en\/wp-json\/wp\/v2\/media\/29238"}],"wp:attachment":[{"href":"https:\/\/staging.pepiniereezavin.com\/en\/wp-json\/wp\/v2\/media?parent=29203"}],"wp:term":[{"taxonomy":"product_cat","embeddable":true,"href":"https:\/\/staging.pepiniereezavin.com\/en\/wp-json\/wp\/v2\/product_cat?post=29203"},{"taxonomy":"product_tag","embeddable":true,"href":"https:\/\/staging.pepiniereezavin.com\/en\/wp-json\/wp\/v2\/product_tag?post=29203"}],"curies":[{"name":"wp","href":"https:\/\/api.w.org\/{rel}","templated":true}]}}