{"id":29205,"date":"2021-12-09T22:07:37","date_gmt":"2021-12-09T21:07:37","guid":{"rendered":"https:\/\/pepiniereezavin.fr\/?post_type=product&#038;p=29205"},"modified":"2022-06-13T17:55:32","modified_gmt":"2022-06-13T15:55:32","slug":"begonia-grandis-pb-03-718-vert","status":"publish","type":"product","link":"https:\/\/staging.pepiniereezavin.com\/en\/product\/begonia-grandis-pb-03-718-vert\/","title":{"rendered":"Begonia grandis PB 03-718 (vert)"},"content":{"rendered":"<p>R\u00e9colt\u00e9e dans un cimeti\u00e8re japonais de Kanazawa par Patrick Blanc, cette forme a un feuillage vert \u00e9meraude et les feuilles ont un revers vert. Les fleurs sont roses, et les tiges bien vertes avec juste les noeuds rouges. L&rsquo;ensemble est d&rsquo;une puret\u00e9 et d&rsquo;une simplicit\u00e9 qui donne envie d&rsquo;en mettre partout dans le jardin! En faible lunpi\u00e8re, le feuillage s&rsquo;irise de bleu clair lorsque l&rsquo;on regarde sous un certain angle.<\/p>\n<p>Culture facile en jardin, en sol frais et humif\u00e8re. Se multiplie par le moyen de bulbilles qui tombent au sol en automne.<\/p>\n<p><span style=\"text-decoration: underline;\">Hauteur adulte<\/span>\u00a0: 40\/60(100).\u00a0<span style=\"text-decoration: underline;\">Origine g\u00e9ographique<\/span>\u00a0: Japon.\u00a0<span style=\"text-decoration: underline;\">Persistance hiver<\/span>\u00a0: Caduque.\u00a0<span style=\"text-decoration: underline;\">Rusticit\u00e9 USDA<\/span>\u00a0: Zone 7.<\/p>","protected":false},"excerpt":{"rendered":"<p>R\u00e9colt\u00e9e dans un cimeti\u00e8re japonais de Kanazawa par Patrick Blanc, cette forme a un feuillage vert \u00e9meraude et les feuilles ont un revers vert. Les fleurs sont roses, et les tiges bien vertes avec juste les noeuds rouges. L&rsquo;ensemble est d&rsquo;une puret\u00e9 et d&rsquo;une simplicit\u00e9 qui donne envie d&rsquo;en mettre partout dans le jardin! En faible lunpi\u00e8re, le feuillage s&rsquo;irise de bleu clair lorsque l&rsquo;on regarde sous un certain angle.<\/p>\n<p>Culture facile en jardin, en sol frais et humif\u00e8re. Se multiplie par le moyen de bulbilles qui tombent au sol en automne.<\/p>\n<p><span style=\"text-decoration: underline;\">Hauteur adulte<\/span>\u00a0: 40\/60(100).\u00a0<span style=\"text-decoration: underline;\">Origine g\u00e9ographique<\/span>\u00a0: Japon.\u00a0<span style=\"text-decoration: underline;\">Persistance hiver<\/span>\u00a0: Caduque.\u00a0<span style=\"text-decoration: underline;\">Rusticit\u00e9 USDA<\/span>\u00a0: Zone 7.<\/p>","protected":false},"featured_media":29241,"template":"","meta":{"site-sidebar-layout":"default","site-content-layout":"default","ast-global-header-display":"","ast-main-header-display":"","ast-hfb-above-header-display":"","ast-hfb-below-header-display":"","ast-hfb-mobile-header-display":"","site-post-title":"","ast-breadcrumbs-content":"","ast-featured-img":"","footer-sml-layout":"","theme-transparent-header-meta":"default","adv-header-id-meta":"","stick-header-meta":"default","header-above-stick-meta":"","header-main-stick-meta":"","header-below-stick-meta":""},"product_cat":[536,549,550],"product_tag":[520,529,558,559,533],"class_list":["post-29205","product","type-product","status-publish","has-post-thumbnail","hentry","product_cat-begonias","product_cat-begonias-climat-doux","product_cat-begonias-climat-frais","product_tag-begonias-botaniques","product_tag-plantes-origine-asiatique","product_tag-plantes-pour-climats-doux","product_tag-plantes-pour-climats-frais","product_tag-plantes-pour-mur-vegetaux","pa_taille-du-pot-pot-12-14-cm-diametre","desktop-align-center","tablet-align-center","mobile-align-center","ast-product-gallery-layout-horizontal","ast-product-single-variable","ast-product-tabs-layout-horizontal","ast-qv-on-image"],"_links":{"self":[{"href":"https:\/\/staging.pepiniereezavin.com\/en\/wp-json\/wp\/v2\/product\/29205","targetHints":{"allow":["GET"]}}],"collection":[{"href":"https:\/\/staging.pepiniereezavin.com\/en\/wp-json\/wp\/v2\/product"}],"about":[{"href":"https:\/\/staging.pepiniereezavin.com\/en\/wp-json\/wp\/v2\/types\/product"}],"wp:featuredmedia":[{"embeddable":true,"href":"https:\/\/staging.pepiniereezavin.com\/en\/wp-json\/wp\/v2\/media\/29241"}],"wp:attachment":[{"href":"https:\/\/staging.pepiniereezavin.com\/en\/wp-json\/wp\/v2\/media?parent=29205"}],"wp:term":[{"taxonomy":"product_cat","embeddable":true,"href":"https:\/\/staging.pepiniereezavin.com\/en\/wp-json\/wp\/v2\/product_cat?post=29205"},{"taxonomy":"product_tag","embeddable":true,"href":"https:\/\/staging.pepiniereezavin.com\/en\/wp-json\/wp\/v2\/product_tag?post=29205"}],"curies":[{"name":"wp","href":"https:\/\/api.w.org\/{rel}","templated":true}]}}