{"id":29209,"date":"2021-12-09T22:07:37","date_gmt":"2021-12-09T21:07:37","guid":{"rendered":"https:\/\/pepiniereezavin.fr\/?post_type=product&#038;p=29209"},"modified":"2022-12-01T10:21:10","modified_gmt":"2022-12-01T09:21:10","slug":"begonia-palmata-dark-star-pb-09-1209","status":"publish","type":"product","link":"https:\/\/staging.pepiniereezavin.com\/en\/product\/begonia-palmata-dark-star-pb-09-1209\/","title":{"rendered":"Begonia palmata &lsquo;Dark Star&rsquo; PB 09-1209"},"content":{"rendered":"<p>Cette forme de\u00a0<em>Begonia palmata,<\/em> trouv\u00e9e par Patrick Blanc \u00e0 Ta\u00efwan, est caract\u00e9ris\u00e9e par ses <strong>grandes feuilles vert plus fonc\u00e9, et plus d\u00e9coup\u00e9es,<\/strong> que le type. Grandes <strong>fleurs roses<\/strong> en \u00e9t\u00e9, au bout de tiges florif\u00e8res. Port dress\u00e9. Pousse en environnement calcaire dans son milieu d&rsquo;origine. R-3\u00b0C ici, voire moins, \u00e0 tester. Culture\u00a0en int\u00e9rieur, en v\u00e9randa, et en ext\u00e9rieur en climat doux.<\/p>\n<p><span style=\"text-decoration: underline;\">Hauteur adulte<\/span>\u00a0: 40\/60(80).\u00a0<span style=\"text-decoration: underline;\">Origine g\u00e9ographique<\/span>\u00a0: Ta\u00efwan (Vall\u00e9e de Taroko).\u00a0<span style=\"text-decoration: underline;\">Persistance hiver<\/span>\u00a0: Persistant. <span style=\"text-decoration: underline;\">Rusticit\u00e9 USDA<\/span>\u00a0: Zone 9.<\/p>","protected":false},"excerpt":{"rendered":"<p>Cette forme de\u00a0<em>Begonia palmata,<\/em> trouv\u00e9e par Patrick Blanc \u00e0 Ta\u00efwan, est caract\u00e9ris\u00e9e par ses <strong>grandes feuilles vert plus fonc\u00e9, et plus d\u00e9coup\u00e9es,<\/strong> que le type. Grandes <strong>fleurs roses<\/strong> en \u00e9t\u00e9, au bout de tiges florif\u00e8res. Port dress\u00e9. Pousse en environnement calcaire dans son milieu d&rsquo;origine. R-3\u00b0C ici, voire moins, \u00e0 tester. Culture\u00a0en int\u00e9rieur, en v\u00e9randa, et en ext\u00e9rieur en climat doux.<\/p>\n<p><span style=\"text-decoration: underline;\">Hauteur adulte<\/span>\u00a0: 40\/60(80).\u00a0<span style=\"text-decoration: underline;\">Origine g\u00e9ographique<\/span>\u00a0: Ta\u00efwan (Vall\u00e9e de Taroko).\u00a0<span style=\"text-decoration: underline;\">Persistance hiver<\/span>\u00a0: Persistant. <span style=\"text-decoration: underline;\">Rusticit\u00e9 USDA<\/span>\u00a0: Zone 9.<\/p>","protected":false},"featured_media":29249,"template":"","meta":{"site-sidebar-layout":"default","site-content-layout":"default","ast-global-header-display":"","ast-main-header-display":"","ast-hfb-above-header-display":"","ast-hfb-below-header-display":"","ast-hfb-mobile-header-display":"","site-post-title":"","ast-breadcrumbs-content":"","ast-featured-img":"","footer-sml-layout":"","theme-transparent-header-meta":"default","adv-header-id-meta":"","stick-header-meta":"default","header-above-stick-meta":"","header-main-stick-meta":"","header-below-stick-meta":""},"product_cat":[536,547,549],"product_tag":[529,556,558,533],"class_list":["post-29209","product","type-product","status-publish","has-post-thumbnail","hentry","product_cat-begonias","product_cat-begonias-interieur","product_cat-begonias-climat-doux","product_tag-plantes-origine-asiatique","product_tag-plantes-pour-interieur","product_tag-plantes-pour-climats-doux","product_tag-plantes-pour-mur-vegetaux","pa_taille-du-pot-pot-12-14-cm-diametre","desktop-align-center","tablet-align-center","mobile-align-center","ast-product-gallery-layout-horizontal","ast-product-single-variable","ast-product-tabs-layout-horizontal","ast-qv-on-image"],"_links":{"self":[{"href":"https:\/\/staging.pepiniereezavin.com\/en\/wp-json\/wp\/v2\/product\/29209","targetHints":{"allow":["GET"]}}],"collection":[{"href":"https:\/\/staging.pepiniereezavin.com\/en\/wp-json\/wp\/v2\/product"}],"about":[{"href":"https:\/\/staging.pepiniereezavin.com\/en\/wp-json\/wp\/v2\/types\/product"}],"wp:featuredmedia":[{"embeddable":true,"href":"https:\/\/staging.pepiniereezavin.com\/en\/wp-json\/wp\/v2\/media\/29249"}],"wp:attachment":[{"href":"https:\/\/staging.pepiniereezavin.com\/en\/wp-json\/wp\/v2\/media?parent=29209"}],"wp:term":[{"taxonomy":"product_cat","embeddable":true,"href":"https:\/\/staging.pepiniereezavin.com\/en\/wp-json\/wp\/v2\/product_cat?post=29209"},{"taxonomy":"product_tag","embeddable":true,"href":"https:\/\/staging.pepiniereezavin.com\/en\/wp-json\/wp\/v2\/product_tag?post=29209"}],"curies":[{"name":"wp","href":"https:\/\/api.w.org\/{rel}","templated":true}]}}