{"id":29212,"date":"2021-12-09T22:07:38","date_gmt":"2021-12-09T21:07:38","guid":{"rendered":"https:\/\/pepiniereezavin.fr\/?post_type=product&#038;p=29212"},"modified":"2022-09-27T11:54:25","modified_gmt":"2022-09-27T09:54:25","slug":"begonia-pavonina-pb-84-1042","status":"publish","type":"product","link":"https:\/\/staging.pepiniereezavin.com\/en\/product\/begonia-pavonina-pb-84-1042\/","title":{"rendered":"Begonia pavonina PB 84-1042"},"content":{"rendered":"<p><em>Begonia pavonina<\/em> forme une touffe de feuilles asym\u00e9triques pointues. Originaire des sous bois malaisien de moyenne altitude (Cameron Highlands), il est habitu\u00e9 \u00e0 une faible lumi\u00e8re, une humidit\u00e9 r\u00e9guli\u00e8rement \u00e9lev\u00e9e, et des temp\u00e9ratures stables, il poss\u00e8de &#8211; et c&rsquo;est un des seuls \u00e0 ce point &#8211; des <span style=\"text-decoration: underline;\"><strong>feuilles iris\u00e9es<\/strong>,<\/span> totalement <span style=\"text-decoration: underline;\"><strong>bleues<\/strong><\/span>\u00a0lorsque la\u00a0lumi\u00e8re incidente est parall\u00e8le \u00e0 votre regard!\u00a0 Assur\u00e9ment la pi\u00e8ce centrale d&rsquo;une collection de b\u00e9gonias. La forme que nous cultivons est celle \u00e0\u00a0<strong>revers de feuilles rouges<\/strong>. Les fleurs roses apparaissent\u00a0plut\u00f4t en \u00e9t\u00e9. Culture facile en atmosph\u00e8re\u00a0humide en permanence \u00a0(<strong>terrarium<\/strong>).<\/p>\n<p><span style=\"text-decoration: underline;\">Hauteur adulte<\/span>\u00a0: 20\/40.\u00a0<span style=\"text-decoration: underline;\">Origine g\u00e9ographique<\/span>\u00a0: Malaisie.\u00a0<span style=\"text-decoration: underline;\">Persistance hiver<\/span>\u00a0: Caduque si les T\u00b0 descendent sous 10\u00b0C, persistant au dessus.\u00a0<span style=\"text-decoration: underline;\">Rusticit\u00e9 USDA<\/span>\u00a0:\u00a0Zone 11 (+4.4\u00b0C\/+10\u00b0C).<\/p>","protected":false},"excerpt":{"rendered":"<p><em>Begonia pavonina<\/em> forme une touffe de feuilles asym\u00e9triques pointues. Originaire des sous bois malaisien de moyenne altitude (Cameron Highlands), il est habitu\u00e9 \u00e0 une faible lumi\u00e8re, une humidit\u00e9 r\u00e9guli\u00e8rement \u00e9lev\u00e9e, et des temp\u00e9ratures stables, il poss\u00e8de &#8211; et c&rsquo;est un des seuls \u00e0 ce point &#8211; des <span style=\"text-decoration: underline;\"><strong>feuilles iris\u00e9es<\/strong>,<\/span> totalement <span style=\"text-decoration: underline;\"><strong>bleues<\/strong><\/span>\u00a0lorsque la\u00a0lumi\u00e8re incidente est parall\u00e8le \u00e0 votre regard!\u00a0 Assur\u00e9ment la pi\u00e8ce centrale d&rsquo;une collection de b\u00e9gonias. La forme que nous cultivons est celle \u00e0\u00a0<strong>revers de feuilles rouges<\/strong>. Les fleurs roses apparaissent\u00a0plut\u00f4t en \u00e9t\u00e9. Culture facile en atmosph\u00e8re\u00a0humide en permanence \u00a0(<strong>terrarium<\/strong>).<\/p>\n<p><span style=\"text-decoration: underline;\">Hauteur adulte<\/span>\u00a0: 20\/40.\u00a0<span style=\"text-decoration: underline;\">Origine g\u00e9ographique<\/span>\u00a0: Malaisie.\u00a0<span style=\"text-decoration: underline;\">Persistance hiver<\/span>\u00a0: Caduque si les T\u00b0 descendent sous 10\u00b0C, persistant au dessus.\u00a0<span style=\"text-decoration: underline;\">Rusticit\u00e9 USDA<\/span>\u00a0:\u00a0Zone 11 (+4.4\u00b0C\/+10\u00b0C).<\/p>","protected":false},"featured_media":29258,"template":"","meta":{"site-sidebar-layout":"default","site-content-layout":"default","ast-global-header-display":"","ast-main-header-display":"","ast-hfb-above-header-display":"","ast-hfb-below-header-display":"","ast-hfb-mobile-header-display":"","site-post-title":"","ast-breadcrumbs-content":"","ast-featured-img":"","footer-sml-layout":"","theme-transparent-header-meta":"default","adv-header-id-meta":"","stick-header-meta":"default","header-above-stick-meta":"","header-main-stick-meta":"","header-below-stick-meta":""},"product_cat":[536,547,548],"product_tag":[520,529,556,533,557],"class_list":["post-29212","product","type-product","status-publish","has-post-thumbnail","hentry","product_cat-begonias","product_cat-begonias-interieur","product_cat-begonias-terrarium","product_tag-begonias-botaniques","product_tag-plantes-origine-asiatique","product_tag-plantes-pour-interieur","product_tag-plantes-pour-mur-vegetaux","product_tag-plantes-pour-terrarium","pa_taille-du-pot-pot-10-12-cm-diametre","desktop-align-center","tablet-align-center","mobile-align-center","ast-product-gallery-layout-horizontal","ast-product-single-variable","ast-product-tabs-layout-horizontal","ast-qv-on-image"],"_links":{"self":[{"href":"https:\/\/staging.pepiniereezavin.com\/en\/wp-json\/wp\/v2\/product\/29212","targetHints":{"allow":["GET"]}}],"collection":[{"href":"https:\/\/staging.pepiniereezavin.com\/en\/wp-json\/wp\/v2\/product"}],"about":[{"href":"https:\/\/staging.pepiniereezavin.com\/en\/wp-json\/wp\/v2\/types\/product"}],"wp:featuredmedia":[{"embeddable":true,"href":"https:\/\/staging.pepiniereezavin.com\/en\/wp-json\/wp\/v2\/media\/29258"}],"wp:attachment":[{"href":"https:\/\/staging.pepiniereezavin.com\/en\/wp-json\/wp\/v2\/media?parent=29212"}],"wp:term":[{"taxonomy":"product_cat","embeddable":true,"href":"https:\/\/staging.pepiniereezavin.com\/en\/wp-json\/wp\/v2\/product_cat?post=29212"},{"taxonomy":"product_tag","embeddable":true,"href":"https:\/\/staging.pepiniereezavin.com\/en\/wp-json\/wp\/v2\/product_tag?post=29212"}],"curies":[{"name":"wp","href":"https:\/\/api.w.org\/{rel}","templated":true}]}}