{"id":29216,"date":"2021-12-09T22:07:38","date_gmt":"2021-12-09T21:07:38","guid":{"rendered":"https:\/\/pepiniereezavin.fr\/?post_type=product&#038;p=29216"},"modified":"2022-08-22T19:25:10","modified_gmt":"2022-08-22T17:25:10","slug":"begonia-sizemoreae","status":"publish","type":"product","link":"https:\/\/staging.pepiniereezavin.com\/en\/product\/begonia-sizemoreae\/","title":{"rendered":"Begonia sizemoreae"},"content":{"rendered":"<p>Chez ce Begonia en touffe, de longs poils mous (2 cm) recouvrent les deux faces des feuilles, sauf dans les macules argent\u00e9es circulaires qui \u00e9maillent les limbes vert-vif, sur fond de nervures noires en p\u00e9riph\u00e9rie. Et les fleurs sont rose vif ! Ce Begonia en rosette fait des feuilles jusqu&rsquo;\u00e0 25 cm de diam\u00e8tre (ici). Culture pas des plus facile, comme un B. rex (pas d&rsquo;arrosage sur les feuilles, alternance sec \/ humide). Une splendeur vietnamienne \u00e0 garder \u00e9videmment au chaud! Petites quantit\u00e9s disponibles.<\/p>\n<p><span style=\"text-decoration: underline;\">Hauteur adulte<\/span>\u00a0: 40\/60.\u00a0<span style=\"text-decoration: underline;\">Origine g\u00e9ographique<\/span>\u00a0: Vietnam.\u00a0<span style=\"text-decoration: underline;\">Persistance hiver<\/span>\u00a0: Persistant.\u00a0<span style=\"text-decoration: underline;\">Rusticit\u00e9 USDA<\/span>\u00a0: Zone 9\/10.<\/p>","protected":false},"excerpt":{"rendered":"<p>Chez ce Begonia en touffe, de longs poils mous (2 cm) recouvrent les deux faces des feuilles, sauf dans les macules argent\u00e9es circulaires qui \u00e9maillent les limbes vert-vif, sur fond de nervures noires en p\u00e9riph\u00e9rie. Et les fleurs sont rose vif ! Ce Begonia en rosette fait des feuilles jusqu&rsquo;\u00e0 25 cm de diam\u00e8tre (ici). Culture pas des plus facile, comme un B. rex (pas d&rsquo;arrosage sur les feuilles, alternance sec \/ humide). Une splendeur vietnamienne \u00e0 garder \u00e9videmment au chaud! Petites quantit\u00e9s disponibles.<\/p>\n<p><span style=\"text-decoration: underline;\">Hauteur adulte<\/span>\u00a0: 40\/60.\u00a0<span style=\"text-decoration: underline;\">Origine g\u00e9ographique<\/span>\u00a0: Vietnam.\u00a0<span style=\"text-decoration: underline;\">Persistance hiver<\/span>\u00a0: Persistant.\u00a0<span style=\"text-decoration: underline;\">Rusticit\u00e9 USDA<\/span>\u00a0: Zone 9\/10.<\/p>","protected":false},"featured_media":29270,"template":"","meta":{"site-sidebar-layout":"default","site-content-layout":"default","ast-global-header-display":"","ast-main-header-display":"","ast-hfb-above-header-display":"","ast-hfb-below-header-display":"","ast-hfb-mobile-header-display":"","site-post-title":"","ast-breadcrumbs-content":"","ast-featured-img":"","footer-sml-layout":"","theme-transparent-header-meta":"default","adv-header-id-meta":"","stick-header-meta":"default","header-above-stick-meta":"","header-main-stick-meta":"","header-below-stick-meta":""},"product_cat":[536,547],"product_tag":[520,529,556],"class_list":["post-29216","product","type-product","status-publish","has-post-thumbnail","hentry","product_cat-begonias","product_cat-begonias-interieur","product_tag-begonias-botaniques","product_tag-plantes-origine-asiatique","product_tag-plantes-pour-interieur","pa_taille-du-pot-pot-12-14-cm-diametre","desktop-align-center","tablet-align-center","mobile-align-center","ast-product-gallery-layout-horizontal","ast-product-single-variable","ast-product-tabs-layout-horizontal","ast-qv-on-image"],"_links":{"self":[{"href":"https:\/\/staging.pepiniereezavin.com\/en\/wp-json\/wp\/v2\/product\/29216","targetHints":{"allow":["GET"]}}],"collection":[{"href":"https:\/\/staging.pepiniereezavin.com\/en\/wp-json\/wp\/v2\/product"}],"about":[{"href":"https:\/\/staging.pepiniereezavin.com\/en\/wp-json\/wp\/v2\/types\/product"}],"wp:featuredmedia":[{"embeddable":true,"href":"https:\/\/staging.pepiniereezavin.com\/en\/wp-json\/wp\/v2\/media\/29270"}],"wp:attachment":[{"href":"https:\/\/staging.pepiniereezavin.com\/en\/wp-json\/wp\/v2\/media?parent=29216"}],"wp:term":[{"taxonomy":"product_cat","embeddable":true,"href":"https:\/\/staging.pepiniereezavin.com\/en\/wp-json\/wp\/v2\/product_cat?post=29216"},{"taxonomy":"product_tag","embeddable":true,"href":"https:\/\/staging.pepiniereezavin.com\/en\/wp-json\/wp\/v2\/product_tag?post=29216"}],"curies":[{"name":"wp","href":"https:\/\/api.w.org\/{rel}","templated":true}]}}