{"id":29217,"date":"2021-12-09T22:07:38","date_gmt":"2021-12-09T21:07:38","guid":{"rendered":"https:\/\/pepiniereezavin.fr\/?post_type=product&#038;p=29217"},"modified":"2022-08-23T10:40:36","modified_gmt":"2022-08-23T08:40:36","slug":"begonia-solimutata","status":"publish","type":"product","link":"https:\/\/staging.pepiniereezavin.com\/en\/product\/begonia-solimutata\/","title":{"rendered":"Begonia solimutata"},"content":{"rendered":"<p>Cette esp\u00e8ce botanique pousse en touffe basse, qui s&rsquo;\u00e9tale progressivement. Elle a des a des feuilles plus ou moins pentagonales, \u00e0 nervures jaunes, avec une texture gaufr\u00e9e. La floraison appara\u00eet en automne, sous forme d&rsquo;inflorescences compos\u00e9es de petites fleurs\u00a0 blanches regroup\u00e9es en glom\u00e9rules au dessus du feuillage. Culture facile, ne pas mouiller le feuillage et arroser parcimonieusement. Garder hors gel, et r\u00e9duire les arrosages si\u00a0les temp\u00e9ratures descendent sous 10\u00b0C. En int\u00e9rieur, la croissance est continue toute l&rsquo;ann\u00e9e.<\/p>\n<p><span style=\"text-decoration: underline;\">Hauteur adulte<\/span>\u00a0: 20\/30.\u00a0<span style=\"text-decoration: underline;\">Origine g\u00e9ographique<\/span>\u00a0: Br\u00e9sil.\u00a0<span style=\"text-decoration: underline;\">Persistance hiver<\/span>\u00a0: Persistant.\u00a0<span style=\"text-decoration: underline;\">Rusticit\u00e9 USDA<\/span>\u00a0: Zone 9\/10.<\/p>","protected":false},"excerpt":{"rendered":"<p>Cette esp\u00e8ce botanique pousse en touffe basse, qui s&rsquo;\u00e9tale progressivement. Elle a des a des feuilles plus ou moins pentagonales, \u00e0 nervures jaunes, avec une texture gaufr\u00e9e. La floraison appara\u00eet en automne, sous forme d&rsquo;inflorescences compos\u00e9es de petites fleurs\u00a0 blanches regroup\u00e9es en glom\u00e9rules au dessus du feuillage. Culture facile, ne pas mouiller le feuillage et arroser parcimonieusement. Garder hors gel, et r\u00e9duire les arrosages si\u00a0les temp\u00e9ratures descendent sous 10\u00b0C. En int\u00e9rieur, la croissance est continue toute l&rsquo;ann\u00e9e.<\/p>\n<p><span style=\"text-decoration: underline;\">Hauteur adulte<\/span>\u00a0: 20\/30.\u00a0<span style=\"text-decoration: underline;\">Origine g\u00e9ographique<\/span>\u00a0: Br\u00e9sil.\u00a0<span style=\"text-decoration: underline;\">Persistance hiver<\/span>\u00a0: Persistant.\u00a0<span style=\"text-decoration: underline;\">Rusticit\u00e9 USDA<\/span>\u00a0: Zone 9\/10.<\/p>","protected":false},"featured_media":29274,"template":"","meta":{"site-sidebar-layout":"default","site-content-layout":"default","ast-global-header-display":"","ast-main-header-display":"","ast-hfb-above-header-display":"","ast-hfb-below-header-display":"","ast-hfb-mobile-header-display":"","site-post-title":"","ast-breadcrumbs-content":"","ast-featured-img":"","footer-sml-layout":"","theme-transparent-header-meta":"","adv-header-id-meta":"","stick-header-meta":"","header-above-stick-meta":"","header-main-stick-meta":"","header-below-stick-meta":""},"product_cat":[536,547],"product_tag":[520,528,556],"class_list":["post-29217","product","type-product","status-publish","has-post-thumbnail","hentry","product_cat-begonias","product_cat-begonias-interieur","product_tag-begonias-botaniques","product_tag-plantes-origine-americaine","product_tag-plantes-pour-interieur","pa_taille-du-pot-pot-12-14-cm-diametre","desktop-align-center","tablet-align-center","mobile-align-center","ast-product-gallery-layout-horizontal","ast-product-single-variable","ast-product-tabs-layout-horizontal","ast-qv-on-image"],"_links":{"self":[{"href":"https:\/\/staging.pepiniereezavin.com\/en\/wp-json\/wp\/v2\/product\/29217","targetHints":{"allow":["GET"]}}],"collection":[{"href":"https:\/\/staging.pepiniereezavin.com\/en\/wp-json\/wp\/v2\/product"}],"about":[{"href":"https:\/\/staging.pepiniereezavin.com\/en\/wp-json\/wp\/v2\/types\/product"}],"wp:featuredmedia":[{"embeddable":true,"href":"https:\/\/staging.pepiniereezavin.com\/en\/wp-json\/wp\/v2\/media\/29274"}],"wp:attachment":[{"href":"https:\/\/staging.pepiniereezavin.com\/en\/wp-json\/wp\/v2\/media?parent=29217"}],"wp:term":[{"taxonomy":"product_cat","embeddable":true,"href":"https:\/\/staging.pepiniereezavin.com\/en\/wp-json\/wp\/v2\/product_cat?post=29217"},{"taxonomy":"product_tag","embeddable":true,"href":"https:\/\/staging.pepiniereezavin.com\/en\/wp-json\/wp\/v2\/product_tag?post=29217"}],"curies":[{"name":"wp","href":"https:\/\/api.w.org\/{rel}","templated":true}]}}