{"id":29218,"date":"2021-12-09T22:07:39","date_gmt":"2021-12-09T21:07:39","guid":{"rendered":"https:\/\/pepiniereezavin.fr\/?post_type=product&#038;p=29218"},"modified":"2022-06-20T10:13:51","modified_gmt":"2022-06-20T08:13:51","slug":"begonia-circumlobata","status":"publish","type":"product","link":"https:\/\/staging.pepiniereezavin.com\/en\/product\/begonia-circumlobata\/","title":{"rendered":"Begonia circumlobata"},"content":{"rendered":"<p>Obtenue sous le nom de <em>Begonia circumlobata,<\/em> la\u00a0plante que nous vous proposons en diff\u00e8re notamment par la pr\u00e9sence de tiges (voir photo) et les lobes totalement divis\u00e9s, jusqu&rsquo;au centre de la feuille&#8230;\u00a0Ce Begonia, quel que soit son nom, forme un buisson tr\u00e8s d\u00e9coratif, dress\u00e9, et \u00e0 croissance rapide. Les lobes larges sont brillants, et se chevauchent pour donner un aspect tr\u00e8s exub\u00e9rant. Garder hors gel. Nos plantes passent l&rsquo;hiver en repos (caduques), en v\u00e9randa avec des nuits \u00e0 +3\u00b0C.<\/p>\n<p><span style=\"text-decoration: underline;\">Hauteur adulte<\/span>\u00a0: 80\/100. <span style=\"text-decoration: underline;\">Origine g\u00e9ographique<\/span>\u00a0: ? <span style=\"text-decoration: underline;\">Persistance hiver<\/span>\u00a0: Caduque \u00e0 +3\u00b0C, persistant dans la maison (18\u00b0C). <span style=\"text-decoration: underline;\">Rusticit\u00e9 USDA<\/span>\u00a0:\u00a0Zone 10 (-1.1\u00b0C\/+4.4\u00b0C).<\/p>\n<p>&nbsp;<\/p>","protected":false},"excerpt":{"rendered":"<p>Obtenue sous le nom de\u00a0<em>Begonia circumlobata,<\/em>\u00a0la\u00a0plante que nous vous proposons en diff\u00e8re notamment par la pr\u00e9sence de tiges (voir photo) et les lobes totalement divis\u00e9s, jusqu&rsquo;au centre de la feuille&#8230;\u00a0Ce Begonia, quel que soit son nom, forme un buisson tr\u00e8s d\u00e9coratif, dress\u00e9, et \u00e0 croissance rapide. Les lobes larges sont brillants, et se chevauchent pour donner un aspect tr\u00e8s exub\u00e9rant. Garder hors gel. Nos plantes passent l&rsquo;hiver en repos (caduques), en v\u00e9randa avec des nuits \u00e0 +3\u00b0C.<\/p>\n<p><span style=\"text-decoration: underline;\">Hauteur adulte<\/span>\u00a0: 80\/100.\u00a0<span style=\"text-decoration: underline;\">Origine g\u00e9ographique<\/span>\u00a0: ?\u00a0<span style=\"text-decoration: underline;\">Persistance hiver<\/span>\u00a0: Caduque \u00e0 +3\u00b0C, persistant dans la maison (18\u00b0C).\u00a0<span style=\"text-decoration: underline;\">Rusticit\u00e9 USDA<\/span>\u00a0:\u00a0Zone 10 (-1.1\u00b0C\/+4.4\u00b0C).<\/p>\n<p>&nbsp;<\/p>","protected":false},"featured_media":29294,"template":"","meta":{"site-sidebar-layout":"default","site-content-layout":"default","ast-global-header-display":"","ast-main-header-display":"","ast-hfb-above-header-display":"","ast-hfb-below-header-display":"","ast-hfb-mobile-header-display":"","site-post-title":"","ast-breadcrumbs-content":"","ast-featured-img":"","footer-sml-layout":"","theme-transparent-header-meta":"default","adv-header-id-meta":"","stick-header-meta":"default","header-above-stick-meta":"","header-main-stick-meta":"","header-below-stick-meta":""},"product_cat":[536,547],"product_tag":[556,533],"class_list":["post-29218","product","type-product","status-publish","has-post-thumbnail","hentry","product_cat-begonias","product_cat-begonias-interieur","product_tag-plantes-pour-interieur","product_tag-plantes-pour-mur-vegetaux","pa_taille-du-pot-pot-12-14-cm-diametre","desktop-align-center","tablet-align-center","mobile-align-center","ast-product-gallery-layout-horizontal","ast-product-single-variable","ast-product-tabs-layout-horizontal","ast-qv-on-image"],"_links":{"self":[{"href":"https:\/\/staging.pepiniereezavin.com\/en\/wp-json\/wp\/v2\/product\/29218","targetHints":{"allow":["GET"]}}],"collection":[{"href":"https:\/\/staging.pepiniereezavin.com\/en\/wp-json\/wp\/v2\/product"}],"about":[{"href":"https:\/\/staging.pepiniereezavin.com\/en\/wp-json\/wp\/v2\/types\/product"}],"wp:featuredmedia":[{"embeddable":true,"href":"https:\/\/staging.pepiniereezavin.com\/en\/wp-json\/wp\/v2\/media\/29294"}],"wp:attachment":[{"href":"https:\/\/staging.pepiniereezavin.com\/en\/wp-json\/wp\/v2\/media?parent=29218"}],"wp:term":[{"taxonomy":"product_cat","embeddable":true,"href":"https:\/\/staging.pepiniereezavin.com\/en\/wp-json\/wp\/v2\/product_cat?post=29218"},{"taxonomy":"product_tag","embeddable":true,"href":"https:\/\/staging.pepiniereezavin.com\/en\/wp-json\/wp\/v2\/product_tag?post=29218"}],"curies":[{"name":"wp","href":"https:\/\/api.w.org\/{rel}","templated":true}]}}