{"id":29222,"date":"2021-12-09T22:07:39","date_gmt":"2021-12-09T21:07:39","guid":{"rendered":"https:\/\/pepiniereezavin.fr\/?post_type=product&#038;p=29222"},"modified":"2022-07-15T08:16:49","modified_gmt":"2022-07-15T06:16:49","slug":"begonia-benitochiba","status":"publish","type":"product","link":"https:\/\/staging.pepiniereezavin.com\/en\/product\/begonia-benitochiba\/","title":{"rendered":"Begonia &lsquo;Benitochiba&rsquo;"},"content":{"rendered":"<p>Ce b\u00e9gonia rustique (donn\u00e9 pour environ -15\u00b0C) forme une touffe d&rsquo;environ 50 cm de haut. Son feuillage rouge et argent\u00e9, sur fond de feuilles palm\u00e9es, est tr\u00e8s lumineux en situation d&rsquo;ombre. Il a tr\u00e8s bien support\u00e9 les \u00e9t\u00e9s chauds de notre r\u00e9gion m\u00e9ridionale, preuve d&rsquo;une bonne adaptabilit\u00e9 de ce cultivar!<\/p>\n<p><span style=\"text-decoration: underline;\">Hauteur adulte<\/span>\u00a0: 40\/60.\u00a0<span style=\"text-decoration: underline;\">Origine g\u00e9ographique<\/span>\u00a0: Origine horticole.\u00a0<span style=\"text-decoration: underline;\">Persistance hiver<\/span>\u00a0: Caduque.\u00a0<span style=\"text-decoration: underline;\">Rusticit\u00e9 USDA<\/span>\u00a0: Zone 7\/8.<\/p>","protected":false},"excerpt":{"rendered":"<p>Ce b\u00e9gonia rustique (donn\u00e9 pour environ -15\u00b0C) forme une touffe d&rsquo;environ 50 cm de haut. Son feuillage rouge et argent\u00e9, sur fond de feuilles palm\u00e9es, est tr\u00e8s lumineux en situation d&rsquo;ombre. Il a tr\u00e8s bien support\u00e9 les \u00e9t\u00e9s chauds de notre r\u00e9gion m\u00e9ridionale, preuve d&rsquo;une bonne adaptabilit\u00e9 de ce cultivar!<\/p>\n<p><span style=\"text-decoration: underline;\">Hauteur adulte<\/span>\u00a0: 40\/60.\u00a0<span style=\"text-decoration: underline;\">Origine g\u00e9ographique<\/span>\u00a0: Origine horticole.\u00a0<span style=\"text-decoration: underline;\">Persistance hiver<\/span>\u00a0: Caduque.\u00a0<span style=\"text-decoration: underline;\">Rusticit\u00e9 USDA<\/span>\u00a0: Zone 7\/8.<\/p>","protected":false},"featured_media":29304,"template":"","meta":{"site-sidebar-layout":"default","site-content-layout":"default","ast-global-header-display":"","ast-main-header-display":"","ast-hfb-above-header-display":"","ast-hfb-below-header-display":"","ast-hfb-mobile-header-display":"","site-post-title":"","ast-breadcrumbs-content":"","ast-featured-img":"","footer-sml-layout":"","theme-transparent-header-meta":"default","adv-header-id-meta":"","stick-header-meta":"default","header-above-stick-meta":"","header-main-stick-meta":"","header-below-stick-meta":""},"product_cat":[536,547,549,550],"product_tag":[521,556,558,559],"class_list":["post-29222","product","type-product","status-publish","has-post-thumbnail","hentry","product_cat-begonias","product_cat-begonias-interieur","product_cat-begonias-climat-doux","product_cat-begonias-climat-frais","product_tag-begonias-hybrides-cultivars","product_tag-plantes-pour-interieur","product_tag-plantes-pour-climats-doux","product_tag-plantes-pour-climats-frais","pa_taille-du-pot-pot-12-14-cm-diametre","desktop-align-center","tablet-align-center","mobile-align-center","ast-product-gallery-layout-horizontal","ast-product-single-variable","ast-product-tabs-layout-horizontal","ast-qv-on-image"],"_links":{"self":[{"href":"https:\/\/staging.pepiniereezavin.com\/en\/wp-json\/wp\/v2\/product\/29222","targetHints":{"allow":["GET"]}}],"collection":[{"href":"https:\/\/staging.pepiniereezavin.com\/en\/wp-json\/wp\/v2\/product"}],"about":[{"href":"https:\/\/staging.pepiniereezavin.com\/en\/wp-json\/wp\/v2\/types\/product"}],"wp:featuredmedia":[{"embeddable":true,"href":"https:\/\/staging.pepiniereezavin.com\/en\/wp-json\/wp\/v2\/media\/29304"}],"wp:attachment":[{"href":"https:\/\/staging.pepiniereezavin.com\/en\/wp-json\/wp\/v2\/media?parent=29222"}],"wp:term":[{"taxonomy":"product_cat","embeddable":true,"href":"https:\/\/staging.pepiniereezavin.com\/en\/wp-json\/wp\/v2\/product_cat?post=29222"},{"taxonomy":"product_tag","embeddable":true,"href":"https:\/\/staging.pepiniereezavin.com\/en\/wp-json\/wp\/v2\/product_tag?post=29222"}],"curies":[{"name":"wp","href":"https:\/\/api.w.org\/{rel}","templated":true}]}}