{"id":29223,"date":"2021-12-09T22:07:39","date_gmt":"2021-12-09T21:07:39","guid":{"rendered":"https:\/\/pepiniereezavin.fr\/?post_type=product&#038;p=29223"},"modified":"2023-01-05T07:11:40","modified_gmt":"2023-01-05T06:11:40","slug":"begonia-boomer","status":"publish","type":"product","link":"https:\/\/staging.pepiniereezavin.com\/en\/product\/begonia-boomer\/","title":{"rendered":"Begonia &lsquo;Boomer&rsquo;"},"content":{"rendered":"<p>De grandes feuilles \u00e0 reflets vert, rouge et argent\u00e9, un port bambusiforme \u00e0 tige \u00e9paisse, voici un Begonia tr\u00e8s original. Sa culture facile si vous ne l&rsquo;arrosez pas trop (laissez s\u00e9cher la terre avant de r\u00e9-arroser). Garder hors gel et r\u00e9duire l&rsquo;arrosage en hiver. Persistant.<\/p>\n<p><span style=\"text-decoration: underline;\">Hauteur adulte<\/span>\u00a0: 40\/60. Peut-\u00eatre plus?\u00a0<span style=\"text-decoration: underline;\">Origine g\u00e9ographique<\/span>\u00a0: Origine horticole.\u00a0<span style=\"text-decoration: underline;\">Persistance hiver<\/span>\u00a0: Persistant. \u00a0<span style=\"text-decoration: underline;\">Rusticit\u00e9 USDA<\/span>\u00a0: Zone 9\/10. Le pied-m\u00e8re passe l&rsquo;hiver dans la v\u00e9randa avec des nuits \u00e0 +3\u00b0C, avec arrosage r\u00e9duit.<\/p>","protected":false},"excerpt":{"rendered":"<p>De grandes feuilles \u00e0 reflets vert, rouge et argent\u00e9, un port bambusiforme \u00e0 tige \u00e9paisse, voici un Begonia tr\u00e8s original. Sa culture facile si vous ne l&rsquo;arrosez pas trop (laissez s\u00e9cher la terre avant de r\u00e9-arroser). Garder hors gel et r\u00e9duire l&rsquo;arrosage en hiver. Persistant.<\/p>\n<p><span style=\"text-decoration: underline;\">Hauteur adulte<\/span>\u00a0: 40\/60. Peut-\u00eatre plus?\u00a0<span style=\"text-decoration: underline;\">Origine g\u00e9ographique<\/span>\u00a0: Origine horticole.\u00a0<span style=\"text-decoration: underline;\">Persistance hiver<\/span>\u00a0: Persistant. \u00a0<span style=\"text-decoration: underline;\">Rusticit\u00e9 USDA<\/span>\u00a0: Zone 9\/10. Le pied-m\u00e8re passe l&rsquo;hiver dans la v\u00e9randa avec des nuits \u00e0 +3\u00b0C, avec arrosage r\u00e9duit.<\/p>","protected":false},"featured_media":29306,"template":"","meta":{"site-sidebar-layout":"default","site-content-layout":"default","ast-global-header-display":"","ast-main-header-display":"","ast-hfb-above-header-display":"","ast-hfb-below-header-display":"","ast-hfb-mobile-header-display":"","site-post-title":"","ast-breadcrumbs-content":"","ast-featured-img":"","footer-sml-layout":"","theme-transparent-header-meta":"default","adv-header-id-meta":"","stick-header-meta":"default","header-above-stick-meta":"","header-main-stick-meta":"","header-below-stick-meta":""},"product_cat":[536,547],"product_tag":[521,556],"class_list":["post-29223","product","type-product","status-publish","has-post-thumbnail","hentry","product_cat-begonias","product_cat-begonias-interieur","product_tag-begonias-hybrides-cultivars","product_tag-plantes-pour-interieur","pa_taille-du-pot-pot-12-14-cm-diametre","desktop-align-center","tablet-align-center","mobile-align-center","ast-product-gallery-layout-horizontal","ast-product-gallery-with-no-image","ast-product-single-variable","ast-product-tabs-layout-horizontal","ast-qv-on-image"],"_links":{"self":[{"href":"https:\/\/staging.pepiniereezavin.com\/en\/wp-json\/wp\/v2\/product\/29223","targetHints":{"allow":["GET"]}}],"collection":[{"href":"https:\/\/staging.pepiniereezavin.com\/en\/wp-json\/wp\/v2\/product"}],"about":[{"href":"https:\/\/staging.pepiniereezavin.com\/en\/wp-json\/wp\/v2\/types\/product"}],"wp:featuredmedia":[{"embeddable":true,"href":"https:\/\/staging.pepiniereezavin.com\/en\/wp-json\/wp\/v2\/media\/29306"}],"wp:attachment":[{"href":"https:\/\/staging.pepiniereezavin.com\/en\/wp-json\/wp\/v2\/media?parent=29223"}],"wp:term":[{"taxonomy":"product_cat","embeddable":true,"href":"https:\/\/staging.pepiniereezavin.com\/en\/wp-json\/wp\/v2\/product_cat?post=29223"},{"taxonomy":"product_tag","embeddable":true,"href":"https:\/\/staging.pepiniereezavin.com\/en\/wp-json\/wp\/v2\/product_tag?post=29223"}],"curies":[{"name":"wp","href":"https:\/\/api.w.org\/{rel}","templated":true}]}}