{"id":29224,"date":"2021-12-09T22:07:39","date_gmt":"2021-12-09T21:07:39","guid":{"rendered":"https:\/\/pepiniereezavin.fr\/?post_type=product&#038;p=29224"},"modified":"2022-04-18T07:55:01","modified_gmt":"2022-04-18T05:55:01","slug":"begonia-cleopatra","status":"publish","type":"product","link":"https:\/\/staging.pepiniereezavin.com\/en\/product\/begonia-cleopatra\/","title":{"rendered":"Begonia &lsquo;Cleopatra&rsquo;"},"content":{"rendered":"<p>Les feuilles de cette vari\u00e9t\u00e9 ont des lobes pointus, frang\u00e9s de poils blancs. Les nervures sont vert fonc\u00e9, et les limbes vert plus clair. Particularit\u00e9 : les 2 bases de chaque feuille s&rsquo;enroulent sur elles-m\u00eames, pour former 2 \u00ab\u00a0escargots\u00a0\u00bb de part et d&rsquo;autre du p\u00e9tiole.\u00a0 Tige rampante courte. Port en touffe compacte. Fleurs blanches au dessus des feuilles, apparaissant en fin d&rsquo;hiver ou au printemps. Garder hors gel. Le nom de &lsquo;Cleopatra&rsquo; ne nous convient pas, mais nous n&rsquo;avons pas trouv\u00e9 de nom plus approchant, si vous avez un nom qui vaille, nous sommes preneurs&#8230;<\/p>\n<p><span style=\"text-decoration: underline;\">Hauteur adulte<\/span>\u00a0:\u00a020\/40.\u00a0<span style=\"text-decoration: underline;\">Origine g\u00e9ographique<\/span>\u00a0: Origine horticole.\u00a0<span style=\"text-decoration: underline;\">Persistance hiver<\/span>\u00a0: Persistant.\u00a0<span style=\"text-decoration: underline;\">Rusticit\u00e9 USDA<\/span>\u00a0: Zone 9\/10. Le pied-m\u00e8re passe l&rsquo;hiver dans la v\u00e9randa avec des nuits \u00e0 +3\u00b0C (au sec).<\/p>","protected":false},"excerpt":{"rendered":"<p>Les feuilles de cette vari\u00e9t\u00e9 ont des lobes pointus, frang\u00e9s de poils blancs. Les nervures sont vert fonc\u00e9, et les limbes sont vert plus clair. Particularit\u00e9 : les 2 bases de chaque feuille s&rsquo;enroulent sur elles-m\u00eames, pour former 2 \u00ab\u00a0escargots\u00a0\u00bb de part et d&rsquo;autre du p\u00e9tiole.\u00a0 Tige rampante courte. Port en touffe compacte. Fleurs blanches au dessus des feuilles, apparaissant en fin d&rsquo;hiver ou au printemps. Garder hors gel. Le nom de &lsquo;Cleopatra&rsquo; ne me convient pas, mais je n&rsquo;ai pas trouv\u00e9 de nom plus approchant, si vous avez un nom qui vaille, je suis preneur&#8230;<\/p>\n<p><span style=\"text-decoration: underline;\">Hauteur adulte<\/span>\u00a0:\u00a020\/40.\u00a0<span style=\"text-decoration: underline;\">Origine g\u00e9ographique<\/span>\u00a0: Origine horticole.\u00a0<span style=\"text-decoration: underline;\">Persistance hiver<\/span>\u00a0: Persistant.\u00a0<span style=\"text-decoration: underline;\">Rusticit\u00e9 USDA<\/span>\u00a0: Zone 9\/10. Le pied-m\u00e8re passe l&rsquo;hiver dans la v\u00e9randa avec des nuits \u00e0 +3\u00b0C (au sec).<\/p>","protected":false},"featured_media":29307,"template":"","meta":{"site-sidebar-layout":"default","site-content-layout":"default","ast-global-header-display":"","ast-main-header-display":"","ast-hfb-above-header-display":"","ast-hfb-below-header-display":"","ast-hfb-mobile-header-display":"","site-post-title":"","ast-breadcrumbs-content":"","ast-featured-img":"","footer-sml-layout":"","theme-transparent-header-meta":"default","adv-header-id-meta":"","stick-header-meta":"default","header-above-stick-meta":"","header-main-stick-meta":"","header-below-stick-meta":""},"product_cat":[536,547],"product_tag":[521,556],"class_list":["post-29224","product","type-product","status-publish","has-post-thumbnail","hentry","product_cat-begonias","product_cat-begonias-interieur","product_tag-begonias-hybrides-cultivars","product_tag-plantes-pour-interieur","pa_taille-du-pot-pot-12-14-cm-diametre","desktop-align-center","tablet-align-center","mobile-align-center","ast-product-gallery-layout-horizontal","ast-product-single-variable","ast-product-tabs-layout-horizontal","ast-qv-on-image"],"_links":{"self":[{"href":"https:\/\/staging.pepiniereezavin.com\/en\/wp-json\/wp\/v2\/product\/29224","targetHints":{"allow":["GET"]}}],"collection":[{"href":"https:\/\/staging.pepiniereezavin.com\/en\/wp-json\/wp\/v2\/product"}],"about":[{"href":"https:\/\/staging.pepiniereezavin.com\/en\/wp-json\/wp\/v2\/types\/product"}],"wp:featuredmedia":[{"embeddable":true,"href":"https:\/\/staging.pepiniereezavin.com\/en\/wp-json\/wp\/v2\/media\/29307"}],"wp:attachment":[{"href":"https:\/\/staging.pepiniereezavin.com\/en\/wp-json\/wp\/v2\/media?parent=29224"}],"wp:term":[{"taxonomy":"product_cat","embeddable":true,"href":"https:\/\/staging.pepiniereezavin.com\/en\/wp-json\/wp\/v2\/product_cat?post=29224"},{"taxonomy":"product_tag","embeddable":true,"href":"https:\/\/staging.pepiniereezavin.com\/en\/wp-json\/wp\/v2\/product_tag?post=29224"}],"curies":[{"name":"wp","href":"https:\/\/api.w.org\/{rel}","templated":true}]}}