{"id":29225,"date":"2021-12-09T22:07:39","date_gmt":"2021-12-09T21:07:39","guid":{"rendered":"https:\/\/pepiniereezavin.fr\/?post_type=product&#038;p=29225"},"modified":"2022-11-03T09:57:36","modified_gmt":"2022-11-03T08:57:36","slug":"begonia-corbeille-de-feu","status":"publish","type":"product","link":"https:\/\/staging.pepiniereezavin.com\/en\/product\/begonia-corbeille-de-feu\/","title":{"rendered":"Begonia &lsquo;Corbeille de feu&rsquo;"},"content":{"rendered":"<p>Ce Begonia bambusiforme tr\u00e8s touffu ressemble vraiment \u00e0 un Fuchsia de loin : les fleurs rouge vermillon apparaissent en grappes pendantes au bout des branches. Garder hors gel l&rsquo;hiver et r\u00e9duire les arrosages. En int\u00e9rieur, croissance et floraison toute l&rsquo;ann\u00e9e.<\/p>\n<p><em>Begonia<\/em> &lsquo;Corbeille de Feu&rsquo; est plus color\u00e9 de rouge que <em>B. fuchsioides<\/em> : les p\u00e9doncules floraux sont rouges, alors qu&rsquo;ils sont verts chez <em>B. fuchsioides<\/em>.<\/p>\n<p><span style=\"text-decoration: underline;\">Hauteur adulte<\/span>\u00a0: 60\/80 (150).\u00a0<span style=\"text-decoration: underline;\">Origine g\u00e9ographique<\/span>\u00a0: Origine horticole.\u00a0<span style=\"text-decoration: underline;\">Persistance hiver<\/span>\u00a0: Persistant.\u00a0<span style=\"text-decoration: underline;\">Rusticit\u00e9 USDA<\/span>\u00a0: Zone 9\/10.<\/p>","protected":false},"excerpt":{"rendered":"<p>Ce Begonia bambusiforme tr\u00e8s touffu ressemble vraiment \u00e0 un Fuchsia de loin : les fleurs rouge vermillon apparaissent en grappes pendantes au bout des branches. Garder hors gel l&rsquo;hiver et r\u00e9duire les arrosages. En int\u00e9rieur, croissance et floraison toute l&rsquo;ann\u00e9e.<\/p>\n<p><em>Begonia<\/em>\u00a0&lsquo;Corbeille de Feu&rsquo; est plus color\u00e9 de rouge que\u00a0<em>B. fuchsioides<\/em>\u00a0: les p\u00e9doncules floraux sont rouges, alors qu&rsquo;ils sont verts chez\u00a0<em>B. fuchsioides<\/em>.<\/p>\n<p><span style=\"text-decoration: underline;\">Hauteur adulte<\/span>\u00a0: 60\/80 (150).\u00a0<span style=\"text-decoration: underline;\">Origine g\u00e9ographique<\/span>\u00a0: Origine horticole.\u00a0<span style=\"text-decoration: underline;\">Persistance hiver<\/span>\u00a0: Persistant.\u00a0<span style=\"text-decoration: underline;\">Rusticit\u00e9 USDA<\/span>\u00a0: Zone 9\/10.<\/p>","protected":false},"featured_media":29310,"template":"","meta":{"site-sidebar-layout":"default","site-content-layout":"default","ast-global-header-display":"","ast-main-header-display":"","ast-hfb-above-header-display":"","ast-hfb-below-header-display":"","ast-hfb-mobile-header-display":"","site-post-title":"","ast-breadcrumbs-content":"","ast-featured-img":"","footer-sml-layout":"","theme-transparent-header-meta":"default","adv-header-id-meta":"","stick-header-meta":"default","header-above-stick-meta":"","header-main-stick-meta":"","header-below-stick-meta":""},"product_cat":[536,547],"product_tag":[521,556],"class_list":["post-29225","product","type-product","status-publish","has-post-thumbnail","hentry","product_cat-begonias","product_cat-begonias-interieur","product_tag-begonias-hybrides-cultivars","product_tag-plantes-pour-interieur","pa_taille-du-pot-pot-12-14-cm-diametre","desktop-align-center","tablet-align-center","mobile-align-center","ast-product-gallery-layout-horizontal","ast-product-single-variable","ast-product-tabs-layout-horizontal","ast-qv-on-image"],"_links":{"self":[{"href":"https:\/\/staging.pepiniereezavin.com\/en\/wp-json\/wp\/v2\/product\/29225","targetHints":{"allow":["GET"]}}],"collection":[{"href":"https:\/\/staging.pepiniereezavin.com\/en\/wp-json\/wp\/v2\/product"}],"about":[{"href":"https:\/\/staging.pepiniereezavin.com\/en\/wp-json\/wp\/v2\/types\/product"}],"wp:featuredmedia":[{"embeddable":true,"href":"https:\/\/staging.pepiniereezavin.com\/en\/wp-json\/wp\/v2\/media\/29310"}],"wp:attachment":[{"href":"https:\/\/staging.pepiniereezavin.com\/en\/wp-json\/wp\/v2\/media?parent=29225"}],"wp:term":[{"taxonomy":"product_cat","embeddable":true,"href":"https:\/\/staging.pepiniereezavin.com\/en\/wp-json\/wp\/v2\/product_cat?post=29225"},{"taxonomy":"product_tag","embeddable":true,"href":"https:\/\/staging.pepiniereezavin.com\/en\/wp-json\/wp\/v2\/product_tag?post=29225"}],"curies":[{"name":"wp","href":"https:\/\/api.w.org\/{rel}","templated":true}]}}