{"id":29227,"date":"2021-12-09T22:07:40","date_gmt":"2021-12-09T21:07:40","guid":{"rendered":"https:\/\/pepiniereezavin.fr\/?post_type=product&#038;p=29227"},"modified":"2022-11-30T16:41:50","modified_gmt":"2022-11-30T15:41:50","slug":"begonia-erythrophylla","status":"publish","type":"product","link":"https:\/\/staging.pepiniereezavin.com\/en\/product\/begonia-erythrophylla\/","title":{"rendered":"Begonia &lsquo;Erythrophylla&rsquo;"},"content":{"rendered":"<p>Ce cultivar est certainement un des plus anciens hybrides connus, obtenu en 1845. Commun\u00e9ment appel\u00e9 <strong>b\u00e9gonia n\u00e9nuphar<\/strong> (ne pas confondre avec le b\u00e9gonia n\u00e9nuphar sauvage <em>Begonia nelumbonifolia<\/em>) en France, <strong>Beefsteak Begonia<\/strong> dans les pays anglo-saxons). R\u00e9put\u00e9 pour sa <strong>frugalit\u00e9<\/strong> et sa <strong>solidit\u00e9<\/strong>, ses grandes feuilles rondes, vert fonc\u00e9 \u00e0 revers rouge sont tr\u00e8s d\u00e9coratives. Excellente plante pour sa r\u00e9sistance\u00a0 aux atmosph\u00e8res int\u00e9rieures, son faible besoin de lumi\u00e8re et en entretien.<\/p>\n<p><span style=\"text-decoration: underline;\">Hauteur adulte<\/span>\u00a0:\u00a040\/60. <span style=\"text-decoration: underline;\">Origine g\u00e9ographique<\/span>\u00a0: Origine horticole. <span style=\"text-decoration: underline;\">Persistance hiver<\/span>\u00a0: Persistant. <span style=\"text-decoration: underline;\">Rusticit\u00e9 USDA<\/span>\u00a0: Zone 9\/10.<\/p>","protected":false},"excerpt":{"rendered":"<p>Ce cultivar\u00a0est certainement un des plus anciens hybrides connus,\u00a0obtenu en 1845. Commun\u00e9ment appel\u00e9\u00a0<strong>b\u00e9gonia n\u00e9nuphar<\/strong>\u00a0(ne pas confondre avec le b\u00e9gonia n\u00e9nuphar sauvage\u00a0<em>Begonia nelumbonifolia<\/em>) en France,\u00a0<strong>Beefsteak Begonia<\/strong>\u00a0dans les pays anglo-saxons). R\u00e9put\u00e9 pour sa\u00a0<strong>frugalit\u00e9<\/strong>\u00a0et sa\u00a0<strong>solidit\u00e9<\/strong>, ses grandes feuilles rondes, vert fonc\u00e9 \u00e0 revers rouge sont tr\u00e8s d\u00e9coratives. Excellente plante pour sa r\u00e9sistance\u00a0 aux atmosph\u00e8res int\u00e9rieures, son faible besoin de lumi\u00e8re et en entretien.<\/p>\n<p><span style=\"text-decoration: underline;\">Hauteur adulte<\/span>\u00a0:\u00a040\/60.\u00a0<span style=\"text-decoration: underline;\">Origine g\u00e9ographique<\/span>\u00a0: Origine horticole.\u00a0<span style=\"text-decoration: underline;\">Persistance hiver<\/span>\u00a0: Persistant.\u00a0<span style=\"text-decoration: underline;\">Rusticit\u00e9 USDA<\/span>\u00a0: Zone 9\/10.<\/p>","protected":false},"featured_media":29313,"template":"","meta":{"site-sidebar-layout":"default","site-content-layout":"default","ast-global-header-display":"","ast-main-header-display":"","ast-hfb-above-header-display":"","ast-hfb-below-header-display":"","ast-hfb-mobile-header-display":"","site-post-title":"","ast-breadcrumbs-content":"","ast-featured-img":"","footer-sml-layout":"","theme-transparent-header-meta":"default","adv-header-id-meta":"","stick-header-meta":"default","header-above-stick-meta":"","header-main-stick-meta":"","header-below-stick-meta":""},"product_cat":[536,547],"product_tag":[521,556],"class_list":["post-29227","product","type-product","status-publish","has-post-thumbnail","hentry","product_cat-begonias","product_cat-begonias-interieur","product_tag-begonias-hybrides-cultivars","product_tag-plantes-pour-interieur","pa_taille-du-pot-pot-12-14-cm-diametre","desktop-align-center","tablet-align-center","mobile-align-center","ast-product-gallery-layout-horizontal","ast-product-single-variable","ast-product-tabs-layout-horizontal","ast-qv-on-image"],"_links":{"self":[{"href":"https:\/\/staging.pepiniereezavin.com\/en\/wp-json\/wp\/v2\/product\/29227","targetHints":{"allow":["GET"]}}],"collection":[{"href":"https:\/\/staging.pepiniereezavin.com\/en\/wp-json\/wp\/v2\/product"}],"about":[{"href":"https:\/\/staging.pepiniereezavin.com\/en\/wp-json\/wp\/v2\/types\/product"}],"wp:featuredmedia":[{"embeddable":true,"href":"https:\/\/staging.pepiniereezavin.com\/en\/wp-json\/wp\/v2\/media\/29313"}],"wp:attachment":[{"href":"https:\/\/staging.pepiniereezavin.com\/en\/wp-json\/wp\/v2\/media?parent=29227"}],"wp:term":[{"taxonomy":"product_cat","embeddable":true,"href":"https:\/\/staging.pepiniereezavin.com\/en\/wp-json\/wp\/v2\/product_cat?post=29227"},{"taxonomy":"product_tag","embeddable":true,"href":"https:\/\/staging.pepiniereezavin.com\/en\/wp-json\/wp\/v2\/product_tag?post=29227"}],"curies":[{"name":"wp","href":"https:\/\/api.w.org\/{rel}","templated":true}]}}