{"id":29229,"date":"2021-12-09T22:07:40","date_gmt":"2021-12-09T21:07:40","guid":{"rendered":"https:\/\/pepiniereezavin.fr\/?post_type=product&#038;p=29229"},"modified":"2022-10-18T17:35:22","modified_gmt":"2022-10-18T15:35:22","slug":"begonia-ginny","status":"publish","type":"product","link":"https:\/\/staging.pepiniereezavin.com\/en\/product\/begonia-ginny\/","title":{"rendered":"Begonia &lsquo;Ginny&rsquo;"},"content":{"rendered":"<p>Les feuilles sont velout\u00e9es, \u00e0 revers rouge lie de vin. Les fleurs sont blanches \u00e0 ros\u00e9es, avec des t\u00e9pales externes couverts de poils roses caract\u00e9ristiques. Floraison printani\u00e8re et estivale. Tient en serre froide hors gel au sec en hiver. C&rsquo;est le b\u00e9gonia bambusiforme le plus rustique de ceux que nous cultivons. Il ressemble \u00e0 <em>Begonia<\/em> &lsquo;Metallica&rsquo;, mais sans confirmation de la diff\u00e9rence \u00e9ventuelle entre le deux&#8230; Culture facile. Fleurit presque toute l&rsquo;ann\u00e9e ici.<\/p>\n<p><span style=\"text-decoration: underline;\">Hauteur adulte<\/span>\u00a0: 60\/80.\u00a0<span style=\"text-decoration: underline;\">Origine g\u00e9ographique<\/span>\u00a0: Origine horticole.\u00a0<span style=\"text-decoration: underline;\">Persistance hiver<\/span>\u00a0: Semi-persistant .\u00a0<span style=\"text-decoration: underline;\">Rusticit\u00e9 USDA<\/span> : Zone 9 (-6.7\u00b0C\/-1.1\u00b0C).<\/p>","protected":false},"excerpt":{"rendered":"<p>Les feuilles sont velout\u00e9es, \u00e0 revers rouge lie de vin. Les fleurs sont blanches \u00e0 ros\u00e9es, avec des t\u00e9pales externes couverts de poils roses caract\u00e9ristiques. Floraison printani\u00e8re et estivale. Tient en serre froide hors gel au sec en hiver. C&rsquo;est le b\u00e9gonia bambusiforme le plus rustique de ceux que nous cultivons. Il ressemble \u00e0 <em>Begonia<\/em> &lsquo;Metallica&rsquo;, mais sans confirmation de la diff\u00e9rence \u00e9ventuelle entre le deux&#8230; Culture facile. Fleurit presque toute l&rsquo;ann\u00e9e ici.<\/p>\n<p><span style=\"text-decoration: underline;\">Hauteur adulte<\/span>\u00a0: 60\/80.\u00a0<span style=\"text-decoration: underline;\">Origine g\u00e9ographique<\/span>\u00a0: Origine horticole.\u00a0<span style=\"text-decoration: underline;\">Persistance hiver<\/span>\u00a0: Semi-persistant .\u00a0<span style=\"text-decoration: underline;\">Rusticit\u00e9 USDA<\/span> : Zone 9 (-6.7\u00b0C\/-1.1\u00b0C).<\/p>","protected":false},"featured_media":29318,"template":"","meta":{"site-sidebar-layout":"default","site-content-layout":"default","ast-global-header-display":"","ast-main-header-display":"","ast-hfb-above-header-display":"","ast-hfb-below-header-display":"","ast-hfb-mobile-header-display":"","site-post-title":"","ast-breadcrumbs-content":"","ast-featured-img":"","footer-sml-layout":"","theme-transparent-header-meta":"default","adv-header-id-meta":"","stick-header-meta":"default","header-above-stick-meta":"","header-main-stick-meta":"","header-below-stick-meta":""},"product_cat":[536,547],"product_tag":[521,556],"class_list":["post-29229","product","type-product","status-publish","has-post-thumbnail","hentry","product_cat-begonias","product_cat-begonias-interieur","product_tag-begonias-hybrides-cultivars","product_tag-plantes-pour-interieur","pa_taille-du-pot-pot-12-14-cm-diametre","desktop-align-center","tablet-align-center","mobile-align-center","ast-product-gallery-layout-horizontal","ast-product-single-variable","ast-product-tabs-layout-horizontal","ast-qv-on-image"],"_links":{"self":[{"href":"https:\/\/staging.pepiniereezavin.com\/en\/wp-json\/wp\/v2\/product\/29229","targetHints":{"allow":["GET"]}}],"collection":[{"href":"https:\/\/staging.pepiniereezavin.com\/en\/wp-json\/wp\/v2\/product"}],"about":[{"href":"https:\/\/staging.pepiniereezavin.com\/en\/wp-json\/wp\/v2\/types\/product"}],"wp:featuredmedia":[{"embeddable":true,"href":"https:\/\/staging.pepiniereezavin.com\/en\/wp-json\/wp\/v2\/media\/29318"}],"wp:attachment":[{"href":"https:\/\/staging.pepiniereezavin.com\/en\/wp-json\/wp\/v2\/media?parent=29229"}],"wp:term":[{"taxonomy":"product_cat","embeddable":true,"href":"https:\/\/staging.pepiniereezavin.com\/en\/wp-json\/wp\/v2\/product_cat?post=29229"},{"taxonomy":"product_tag","embeddable":true,"href":"https:\/\/staging.pepiniereezavin.com\/en\/wp-json\/wp\/v2\/product_tag?post=29229"}],"curies":[{"name":"wp","href":"https:\/\/api.w.org\/{rel}","templated":true}]}}