{"id":29276,"date":"2021-12-09T22:08:02","date_gmt":"2021-12-09T21:08:02","guid":{"rendered":"https:\/\/pepiniereezavin.fr\/?post_type=product&#038;p=29276"},"modified":"2022-10-14T11:03:41","modified_gmt":"2022-10-14T09:03:41","slug":"begonia-jamaica","status":"publish","type":"product","link":"https:\/\/staging.pepiniereezavin.com\/en\/product\/begonia-jamaica\/","title":{"rendered":"Begonia &lsquo;Jamaica&rsquo;"},"content":{"rendered":"<p>Les feuilles, l\u00e9g\u00e8rement palm\u00e9es et finement velout\u00e9es sont presque noires dessus; rouge fonc\u00e9 dessous, de m\u00eame que les p\u00e9tioles. Plante en touffe. Culture facile, avec peu d&rsquo;arrosage, tient tr\u00e8s bien en int\u00e9rieur (ne pas mouiller le feuillage). Atteint 60\/80 cm de diam\u00e8tre. Les fleurs, rose-p\u00e2le, en grappes, \u00a0apparaissent en hiver, au bout de longues tiges dress\u00e9es qui passent au-dessus du feuillage.<\/p>\n<p><span style=\"text-decoration: underline;\">Hauteur adulte<\/span>\u00a0: 40\/60. <span style=\"text-decoration: underline;\">Origine g\u00e9ographique<\/span>\u00a0: Origine horticole. <span style=\"text-decoration: underline;\">Persistance hiver<\/span>\u00a0: Persistant. <span style=\"text-decoration: underline;\">Rusticit\u00e9 USDA<\/span>\u00a0: Zone 9\/10.<\/p>","protected":false},"excerpt":{"rendered":"<p>Les feuilles, l\u00e9g\u00e8rement palm\u00e9es et finement velout\u00e9es sont presque noires dessus; rouge fonc\u00e9 dessous, de m\u00eame que les p\u00e9tioles. Plante en touffe. Culture facile, avec peu d&rsquo;arrosage, tient tr\u00e8s bien en int\u00e9rieur (ne pas mouiller le feuillage). Atteint 60\/80 cm de diam\u00e8tre. Les fleurs, rose-p\u00e2le, en grappes, \u00a0apparaissent en hiver, au bout de longues tiges dress\u00e9es qui passent au-dessus du feuillage.<\/p>\n<p><span style=\"text-decoration: underline;\">Hauteur adulte<\/span>\u00a0: 40\/60. <span style=\"text-decoration: underline;\">Origine g\u00e9ographique<\/span>\u00a0: Origine horticole. <span style=\"text-decoration: underline;\">Persistance hiver<\/span>\u00a0: Persistant. <span style=\"text-decoration: underline;\">Rusticit\u00e9 USDA<\/span>\u00a0: Zone 9\/10.<\/p>","protected":false},"featured_media":29321,"template":"","meta":{"site-sidebar-layout":"default","site-content-layout":"default","ast-global-header-display":"","ast-main-header-display":"","ast-hfb-above-header-display":"","ast-hfb-below-header-display":"","ast-hfb-mobile-header-display":"","site-post-title":"","ast-breadcrumbs-content":"","ast-featured-img":"","footer-sml-layout":"","theme-transparent-header-meta":"default","adv-header-id-meta":"","stick-header-meta":"default","header-above-stick-meta":"","header-main-stick-meta":"","header-below-stick-meta":""},"product_cat":[536,547],"product_tag":[521,556],"class_list":["post-29276","product","type-product","status-publish","has-post-thumbnail","hentry","product_cat-begonias","product_cat-begonias-interieur","product_tag-begonias-hybrides-cultivars","product_tag-plantes-pour-interieur","pa_taille-du-pot-pot-12-14-cm-diametre","desktop-align-center","tablet-align-center","mobile-align-center","ast-product-gallery-layout-horizontal","ast-product-single-variable","ast-product-tabs-layout-horizontal","ast-qv-on-image"],"_links":{"self":[{"href":"https:\/\/staging.pepiniereezavin.com\/en\/wp-json\/wp\/v2\/product\/29276","targetHints":{"allow":["GET"]}}],"collection":[{"href":"https:\/\/staging.pepiniereezavin.com\/en\/wp-json\/wp\/v2\/product"}],"about":[{"href":"https:\/\/staging.pepiniereezavin.com\/en\/wp-json\/wp\/v2\/types\/product"}],"wp:featuredmedia":[{"embeddable":true,"href":"https:\/\/staging.pepiniereezavin.com\/en\/wp-json\/wp\/v2\/media\/29321"}],"wp:attachment":[{"href":"https:\/\/staging.pepiniereezavin.com\/en\/wp-json\/wp\/v2\/media?parent=29276"}],"wp:term":[{"taxonomy":"product_cat","embeddable":true,"href":"https:\/\/staging.pepiniereezavin.com\/en\/wp-json\/wp\/v2\/product_cat?post=29276"},{"taxonomy":"product_tag","embeddable":true,"href":"https:\/\/staging.pepiniereezavin.com\/en\/wp-json\/wp\/v2\/product_tag?post=29276"}],"curies":[{"name":"wp","href":"https:\/\/api.w.org\/{rel}","templated":true}]}}