{"id":29277,"date":"2021-12-09T22:08:02","date_gmt":"2021-12-09T21:08:02","guid":{"rendered":"https:\/\/pepiniereezavin.fr\/?post_type=product&#038;p=29277"},"modified":"2022-12-07T19:11:13","modified_gmt":"2022-12-07T18:11:13","slug":"begonia-lucernae","status":"publish","type":"product","link":"https:\/\/staging.pepiniereezavin.com\/en\/product\/begonia-lucernae\/","title":{"rendered":"Begonia &lsquo;Lucernae&rsquo;"},"content":{"rendered":"<p>Ce\u00a0<strong>grand B\u00e9gonia<\/strong>\u00a0bambusiforme fait partie du groupe des \u00ab\u00a0<strong>B\u00e9gonia ailes d&rsquo;anges<\/strong>\u00ab\u00a0,avec des<strong>\u00a0feuilles allong\u00e9es\u00a0<\/strong>\u00a0(jusqu&rsquo;\u00e0 30 cm de long) macul\u00e9es de taches argent\u00e9es, \u00e0 revers rouge lie de vin. Les fleurs sont rose fonc\u00e9 en grappes retombantes, quasiment toute l&rsquo;ann\u00e9e. C&rsquo;est une\u00a0<strong>vari\u00e9t\u00e9 ancienne<\/strong>\u00a0tr\u00e8s vigoureuse, et de culture facile, en int\u00e9rieur lumineux ou en v\u00e9randa.\u00a0En ext\u00e9rieur, je l&rsquo;ai vu \u00e0 Nice en\u00a0plein-terre, mais abrit\u00e9 par\u00a0un mur au sud et en mi-ombre (auvent).<\/p>\n<p><span style=\"text-decoration: underline;\">Hauteur adulte<\/span>\u00a0: 60\/80 (200).\u00a0<span style=\"text-decoration: underline;\">Origine g\u00e9ographique<\/span>\u00a0: Origine horticole.\u00a0<span style=\"text-decoration: underline;\">Persistance hiver<\/span>\u00a0: Persistant.\u00a0<span style=\"text-decoration: underline;\">Rusticit\u00e9 USDA<\/span>\u00a0: Zone 9\/10.<\/p>","protected":false},"excerpt":{"rendered":"<p>Ce <strong>grand B\u00e9gonia<\/strong> bambusiforme fait partie du groupe des \u00ab\u00a0<strong>B\u00e9gonia ailes d&rsquo;anges<\/strong>\u00ab\u00a0,avec des<strong> feuilles allong\u00e9es\u00a0<\/strong> (jusqu&rsquo;\u00e0 30 cm de long) macul\u00e9es de taches argent\u00e9es, \u00e0 revers rouge lie de vin. Les fleurs sont rose fonc\u00e9 en grappes retombantes, quasiment toute l&rsquo;ann\u00e9e. C&rsquo;est une <strong>vari\u00e9t\u00e9 ancienne<\/strong> tr\u00e8s vigoureuse, et de culture facile, en int\u00e9rieur lumineux ou en v\u00e9randa.\u00a0En ext\u00e9rieur, je l&rsquo;ai vu \u00e0 Nice en plein-terre, mais abrit\u00e9 par\u00a0un mur au sud et en mi-ombre (auvent).<\/p>\n<p><span style=\"text-decoration: underline;\">Hauteur adulte<\/span>\u00a0: 60\/80 (200). <span style=\"text-decoration: underline;\">Origine g\u00e9ographique<\/span>\u00a0: Origine horticole. <span style=\"text-decoration: underline;\">Persistance hiver<\/span>\u00a0: Persistant. <span style=\"text-decoration: underline;\">Rusticit\u00e9 USDA<\/span>\u00a0: Zone 9\/10.<\/p>","protected":false},"featured_media":29324,"template":"","meta":{"site-sidebar-layout":"default","site-content-layout":"default","ast-global-header-display":"","ast-main-header-display":"","ast-hfb-above-header-display":"","ast-hfb-below-header-display":"","ast-hfb-mobile-header-display":"","site-post-title":"","ast-breadcrumbs-content":"","ast-featured-img":"","footer-sml-layout":"","theme-transparent-header-meta":"default","adv-header-id-meta":"","stick-header-meta":"default","header-above-stick-meta":"","header-main-stick-meta":"","header-below-stick-meta":""},"product_cat":[536,547],"product_tag":[521,556],"class_list":["post-29277","product","type-product","status-publish","has-post-thumbnail","hentry","product_cat-begonias","product_cat-begonias-interieur","product_tag-begonias-hybrides-cultivars","product_tag-plantes-pour-interieur","pa_taille-du-pot-pot-12-14-cm-diametre","desktop-align-center","tablet-align-center","mobile-align-center","ast-product-gallery-layout-horizontal","ast-product-single-variable","ast-product-tabs-layout-horizontal","ast-qv-on-image"],"_links":{"self":[{"href":"https:\/\/staging.pepiniereezavin.com\/en\/wp-json\/wp\/v2\/product\/29277","targetHints":{"allow":["GET"]}}],"collection":[{"href":"https:\/\/staging.pepiniereezavin.com\/en\/wp-json\/wp\/v2\/product"}],"about":[{"href":"https:\/\/staging.pepiniereezavin.com\/en\/wp-json\/wp\/v2\/types\/product"}],"wp:featuredmedia":[{"embeddable":true,"href":"https:\/\/staging.pepiniereezavin.com\/en\/wp-json\/wp\/v2\/media\/29324"}],"wp:attachment":[{"href":"https:\/\/staging.pepiniereezavin.com\/en\/wp-json\/wp\/v2\/media?parent=29277"}],"wp:term":[{"taxonomy":"product_cat","embeddable":true,"href":"https:\/\/staging.pepiniereezavin.com\/en\/wp-json\/wp\/v2\/product_cat?post=29277"},{"taxonomy":"product_tag","embeddable":true,"href":"https:\/\/staging.pepiniereezavin.com\/en\/wp-json\/wp\/v2\/product_tag?post=29277"}],"curies":[{"name":"wp","href":"https:\/\/api.w.org\/{rel}","templated":true}]}}