{"id":29278,"date":"2021-12-09T22:08:02","date_gmt":"2021-12-09T21:08:02","guid":{"rendered":"https:\/\/pepiniereezavin.fr\/?post_type=product&#038;p=29278"},"modified":"2022-07-25T16:30:40","modified_gmt":"2022-07-25T14:30:40","slug":"begonia-medora","status":"publish","type":"product","link":"https:\/\/staging.pepiniereezavin.com\/en\/product\/begonia-medora\/","title":{"rendered":"Begonia &lsquo;Medora&rsquo;"},"content":{"rendered":"<p>Ce b\u00e9gonia bambusiforme \u00ab\u00a0aile d&rsquo;ange\u00a0\u00bb reste plut\u00f4t petit (40\/60 cm). Les feuilles (d&rsquo;une dizaine de cm de long) sont couvertes de points blanc argent\u00e9. Floraison en grappes roses en fin d&rsquo;\u00e9t\u00e9 (ici). Test\u00e9 jusqu&rsquo;\u00e0 +2\u00b0C. Excellente plante d&rsquo;int\u00e9rieur demandant peu d&rsquo;entretien. Culture facile, en int\u00e9rieur (perd ses feuilles en dessous de 10\u00b0C). C&rsquo;est un des rares bambusiformes \u00e0 pouvoir \u00eatre utilis\u00e9 sur mur v\u00e9g\u00e9tal, en raison de sa petite taille.<\/p>\n<p><span style=\"text-decoration: underline;\">Hauteur adulte<\/span>\u00a0: 40\/60.\u00a0<span style=\"text-decoration: underline;\">Origine g\u00e9ographique<\/span>\u00a0: Origine horticole.\u00a0<span style=\"text-decoration: underline;\">Persistance hiver<\/span>\u00a0: Persistant .\u00a0<span style=\"text-decoration: underline;\">Rusticit\u00e9 USDA<\/span>\u00a0: Zone 9\/10.<\/p>","protected":false},"excerpt":{"rendered":"<p>Ce b\u00e9gonia bambusiforme \u00ab\u00a0aile d&rsquo;ange\u00a0\u00bb reste plut\u00f4t petit (40\/60 cm). Les feuilles (d&rsquo;une dizaine de cm de long) sont couvertes de points blanc argent\u00e9. Floraison en grappes roses en fin d&rsquo;\u00e9t\u00e9 (ici). Test\u00e9 jusqu&rsquo;\u00e0 +2\u00b0C. Excellente plante d&rsquo;int\u00e9rieur demandant peu d&rsquo;entretien. Culture facile, en int\u00e9rieur (perd ses feuilles en dessous de 10\u00b0C). C&rsquo;est un des rares bambusiformes \u00e0 pouvoir \u00eatre utilis\u00e9 sur mur v\u00e9g\u00e9tal, en raison de sa petite taille.<\/p>\n<p><span style=\"text-decoration: underline;\">Hauteur adulte<\/span>\u00a0: 40\/60.\u00a0<span style=\"text-decoration: underline;\">Origine g\u00e9ographique<\/span>\u00a0: Origine horticole.\u00a0<span style=\"text-decoration: underline;\">Persistance hiver<\/span>\u00a0: Persistant .\u00a0<span style=\"text-decoration: underline;\">Rusticit\u00e9 USDA<\/span>\u00a0: Zone 9\/10.<\/p>","protected":false},"featured_media":29327,"template":"","meta":{"site-sidebar-layout":"default","site-content-layout":"default","ast-global-header-display":"","ast-main-header-display":"","ast-hfb-above-header-display":"","ast-hfb-below-header-display":"","ast-hfb-mobile-header-display":"","site-post-title":"","ast-breadcrumbs-content":"","ast-featured-img":"","footer-sml-layout":"","theme-transparent-header-meta":"default","adv-header-id-meta":"","stick-header-meta":"default","header-above-stick-meta":"","header-main-stick-meta":"","header-below-stick-meta":""},"product_cat":[536,547],"product_tag":[521,556],"class_list":["post-29278","product","type-product","status-publish","has-post-thumbnail","hentry","product_cat-begonias","product_cat-begonias-interieur","product_tag-begonias-hybrides-cultivars","product_tag-plantes-pour-interieur","pa_taille-du-pot-pot-12-14-cm-diametre","desktop-align-center","tablet-align-center","mobile-align-center","ast-product-gallery-layout-horizontal","ast-product-single-variable","ast-product-tabs-layout-horizontal","ast-qv-on-image"],"_links":{"self":[{"href":"https:\/\/staging.pepiniereezavin.com\/en\/wp-json\/wp\/v2\/product\/29278","targetHints":{"allow":["GET"]}}],"collection":[{"href":"https:\/\/staging.pepiniereezavin.com\/en\/wp-json\/wp\/v2\/product"}],"about":[{"href":"https:\/\/staging.pepiniereezavin.com\/en\/wp-json\/wp\/v2\/types\/product"}],"wp:featuredmedia":[{"embeddable":true,"href":"https:\/\/staging.pepiniereezavin.com\/en\/wp-json\/wp\/v2\/media\/29327"}],"wp:attachment":[{"href":"https:\/\/staging.pepiniereezavin.com\/en\/wp-json\/wp\/v2\/media?parent=29278"}],"wp:term":[{"taxonomy":"product_cat","embeddable":true,"href":"https:\/\/staging.pepiniereezavin.com\/en\/wp-json\/wp\/v2\/product_cat?post=29278"},{"taxonomy":"product_tag","embeddable":true,"href":"https:\/\/staging.pepiniereezavin.com\/en\/wp-json\/wp\/v2\/product_tag?post=29278"}],"curies":[{"name":"wp","href":"https:\/\/api.w.org\/{rel}","templated":true}]}}