{"id":29279,"date":"2021-12-09T22:08:02","date_gmt":"2021-12-09T21:08:02","guid":{"rendered":"https:\/\/pepiniereezavin.fr\/?post_type=product&#038;p=29279"},"modified":"2022-10-11T07:51:10","modified_gmt":"2022-10-11T05:51:10","slug":"begonia-miami","status":"publish","type":"product","link":"https:\/\/staging.pepiniereezavin.com\/en\/product\/begonia-miami\/","title":{"rendered":"Begonia &lsquo;Miami&rsquo;"},"content":{"rendered":"<p>Begonia bambusiforme \u00ab\u00a0aile d&rsquo;ange\u00a0\u00bb avec les feuilles vert fonc\u00e9 brillantes (sans points blancs), \u00e0 revers rouge. Ce cultivar est de taille moyenne : 40\/60 et se d\u00e9marque par sa floraison rouge vif quasi permanente toute l&rsquo;ann\u00e9e. Excellente plante d&rsquo;int\u00e9rieur, ou pour mur v\u00e9g\u00e9tal, en raison de sa taille contenue (pour un bambusiforme).<\/p>\n<p><span style=\"text-decoration: underline;\">Hauteur adulte<\/span>\u00a0: 40\/60.\u00a0<span style=\"text-decoration: underline;\">Origine g\u00e9ographique<\/span>\u00a0: Origine horticole.\u00a0<span style=\"text-decoration: underline;\">Persistance hiver<\/span>\u00a0: Persistant .\u00a0<span style=\"text-decoration: underline;\">Rusticit\u00e9 USDA<\/span> : Zone 10 (-1.1\u00b0C\/+4.4\u00b0C).<\/p>","protected":false},"excerpt":{"rendered":"<p>Begonia bambusiforme \u00ab\u00a0aile d&rsquo;ange\u00a0\u00bb avec les feuilles vert fonc\u00e9 brillantes (sans points blancs), \u00e0 revers rouge. Ce cultivar est de taille moyenne : 40\/60 et se d\u00e9marque par sa floraison rouge vif quasi permanente toute l&rsquo;ann\u00e9e. Excellente plante d&rsquo;int\u00e9rieur, ou pour mur v\u00e9g\u00e9tal, en raison de sa taille contenue (pour un bambusiforme).<\/p>\n<p><span style=\"text-decoration: underline;\">Hauteur adulte<\/span>\u00a0: 40\/60.\u00a0<span style=\"text-decoration: underline;\">Origine g\u00e9ographique<\/span>\u00a0: Origine horticole.\u00a0<span style=\"text-decoration: underline;\">Persistance hiver<\/span>\u00a0: Persistant .\u00a0<span style=\"text-decoration: underline;\">Rusticit\u00e9 USDA<\/span> : Zone 10 (-1.1\u00b0C\/+4.4\u00b0C).<\/p>","protected":false},"featured_media":29329,"template":"","meta":{"site-sidebar-layout":"default","site-content-layout":"default","ast-global-header-display":"","ast-main-header-display":"","ast-hfb-above-header-display":"","ast-hfb-below-header-display":"","ast-hfb-mobile-header-display":"","site-post-title":"","ast-breadcrumbs-content":"","ast-featured-img":"","footer-sml-layout":"","theme-transparent-header-meta":"default","adv-header-id-meta":"","stick-header-meta":"default","header-above-stick-meta":"","header-main-stick-meta":"","header-below-stick-meta":""},"product_cat":[536,547],"product_tag":[521,556],"class_list":["post-29279","product","type-product","status-publish","has-post-thumbnail","hentry","product_cat-begonias","product_cat-begonias-interieur","product_tag-begonias-hybrides-cultivars","product_tag-plantes-pour-interieur","pa_taille-du-pot-pot-12-14-cm-diametre","desktop-align-center","tablet-align-center","mobile-align-center","ast-product-gallery-layout-horizontal","ast-product-single-variable","ast-product-tabs-layout-horizontal","ast-qv-on-image"],"_links":{"self":[{"href":"https:\/\/staging.pepiniereezavin.com\/en\/wp-json\/wp\/v2\/product\/29279","targetHints":{"allow":["GET"]}}],"collection":[{"href":"https:\/\/staging.pepiniereezavin.com\/en\/wp-json\/wp\/v2\/product"}],"about":[{"href":"https:\/\/staging.pepiniereezavin.com\/en\/wp-json\/wp\/v2\/types\/product"}],"wp:featuredmedia":[{"embeddable":true,"href":"https:\/\/staging.pepiniereezavin.com\/en\/wp-json\/wp\/v2\/media\/29329"}],"wp:attachment":[{"href":"https:\/\/staging.pepiniereezavin.com\/en\/wp-json\/wp\/v2\/media?parent=29279"}],"wp:term":[{"taxonomy":"product_cat","embeddable":true,"href":"https:\/\/staging.pepiniereezavin.com\/en\/wp-json\/wp\/v2\/product_cat?post=29279"},{"taxonomy":"product_tag","embeddable":true,"href":"https:\/\/staging.pepiniereezavin.com\/en\/wp-json\/wp\/v2\/product_tag?post=29279"}],"curies":[{"name":"wp","href":"https:\/\/api.w.org\/{rel}","templated":true}]}}