{"id":29280,"date":"2021-12-09T22:08:02","date_gmt":"2021-12-09T21:08:02","guid":{"rendered":"https:\/\/pepiniereezavin.fr\/?post_type=product&#038;p=29280"},"modified":"2022-12-01T14:28:08","modified_gmt":"2022-12-01T13:28:08","slug":"begonia-munchkin","status":"publish","type":"product","link":"https:\/\/staging.pepiniereezavin.com\/en\/product\/begonia-munchkin\/","title":{"rendered":"Begonia &lsquo;Munchkin&rsquo;"},"content":{"rendered":"<p>Ce Begonia en rosette a vraiment une allure particuli\u00e8re, et g\u00e9n\u00e8re des avis tr\u00e8s tranch\u00e9s sur les f\u00eates des plantes! Ses feuilles vert tr\u00e8s sombre \u00e0 rouge sombre sont ovales pointues, et leurs marges, fortement ondul\u00e9es, sont bord\u00e9es de poils blancs. L&rsquo;allure g\u00e9n\u00e9rale tr\u00e8s dense, est all\u00e9g\u00e9e par ce feston qui prend tr\u00e8s bien la lumi\u00e8re. Croissance vigoureuse. Garder hors gel, r\u00e9duire fortement les arrosages en hiver. Ne pas mouiller le feuillage. Une pi\u00e8ce rare et tr\u00e8s \u00e9tonnante!<\/p>\n<p><span style=\"text-decoration: underline;\">Hauteur adulte<\/span>\u00a0: 40\/60.\u00a0<span style=\"text-decoration: underline;\">Origine g\u00e9ographique<\/span>\u00a0: Origine horticole.\u00a0<span style=\"text-decoration: underline;\">Persistance hiver<\/span>\u00a0: Persistant.\u00a0<span style=\"text-decoration: underline;\">Rusticit\u00e9 USDA<\/span>\u00a0: Zone 9\/10.<\/p>","protected":false},"excerpt":{"rendered":"<p>Ce Begonia en rosette a vraiment une allure particuli\u00e8re, et g\u00e9n\u00e8re des avis tr\u00e8s tranch\u00e9s sur les f\u00eates des plantes! Ses feuilles vert tr\u00e8s sombre \u00e0 rouge sombre sont ovales pointues, et leurs marges, fortement ondul\u00e9es, sont bord\u00e9es de poils blancs. L&rsquo;allure g\u00e9n\u00e9rale tr\u00e8s dense, est all\u00e9g\u00e9e par ce feston qui prend tr\u00e8s bien la lumi\u00e8re. Croissance vigoureuse. Garder hors gel, r\u00e9duire fortement les arrosages en hiver. Ne pas mouiller le feuillage. Une pi\u00e8ce rare et tr\u00e8s \u00e9tonnante!<\/p>\n<p><span style=\"text-decoration: underline;\">Hauteur adulte<\/span>\u00a0: 40\/60.\u00a0<span style=\"text-decoration: underline;\">Origine g\u00e9ographique<\/span>\u00a0: Origine horticole.\u00a0<span style=\"text-decoration: underline;\">Persistance hiver<\/span>\u00a0: Persistant.\u00a0<span style=\"text-decoration: underline;\">Rusticit\u00e9 USDA<\/span>\u00a0: Zone 9\/10.<\/p>","protected":false},"featured_media":29331,"template":"","meta":{"site-sidebar-layout":"default","site-content-layout":"default","ast-global-header-display":"","ast-main-header-display":"","ast-hfb-above-header-display":"","ast-hfb-below-header-display":"","ast-hfb-mobile-header-display":"","site-post-title":"","ast-breadcrumbs-content":"","ast-featured-img":"","footer-sml-layout":"","theme-transparent-header-meta":"default","adv-header-id-meta":"","stick-header-meta":"default","header-above-stick-meta":"","header-main-stick-meta":"","header-below-stick-meta":""},"product_cat":[536,547],"product_tag":[521,556],"class_list":["post-29280","product","type-product","status-publish","has-post-thumbnail","hentry","product_cat-begonias","product_cat-begonias-interieur","product_tag-begonias-hybrides-cultivars","product_tag-plantes-pour-interieur","pa_taille-du-pot-pot-12-14-cm-diametre","desktop-align-center","tablet-align-center","mobile-align-center","ast-product-gallery-layout-horizontal","ast-product-single-variable","ast-product-tabs-layout-horizontal","ast-qv-on-image"],"_links":{"self":[{"href":"https:\/\/staging.pepiniereezavin.com\/en\/wp-json\/wp\/v2\/product\/29280","targetHints":{"allow":["GET"]}}],"collection":[{"href":"https:\/\/staging.pepiniereezavin.com\/en\/wp-json\/wp\/v2\/product"}],"about":[{"href":"https:\/\/staging.pepiniereezavin.com\/en\/wp-json\/wp\/v2\/types\/product"}],"wp:featuredmedia":[{"embeddable":true,"href":"https:\/\/staging.pepiniereezavin.com\/en\/wp-json\/wp\/v2\/media\/29331"}],"wp:attachment":[{"href":"https:\/\/staging.pepiniereezavin.com\/en\/wp-json\/wp\/v2\/media?parent=29280"}],"wp:term":[{"taxonomy":"product_cat","embeddable":true,"href":"https:\/\/staging.pepiniereezavin.com\/en\/wp-json\/wp\/v2\/product_cat?post=29280"},{"taxonomy":"product_tag","embeddable":true,"href":"https:\/\/staging.pepiniereezavin.com\/en\/wp-json\/wp\/v2\/product_tag?post=29280"}],"curies":[{"name":"wp","href":"https:\/\/api.w.org\/{rel}","templated":true}]}}