{"id":29283,"date":"2021-12-09T22:08:03","date_gmt":"2021-12-09T21:08:03","guid":{"rendered":"https:\/\/pepiniereezavin.fr\/?post_type=product&#038;p=29283"},"modified":"2022-12-01T14:24:43","modified_gmt":"2022-12-01T13:24:43","slug":"begonia-immense","status":"publish","type":"product","link":"https:\/\/staging.pepiniereezavin.com\/en\/product\/begonia-immense\/","title":{"rendered":"Begonia &lsquo;Immense&rsquo;"},"content":{"rendered":"<p>Ce b\u00e9gonia rhizomateux forme une\u00a0rosette de feuilles qui peuvent atteindre 1 m de diam\u00e8tre. D&rsquo;o\u00f9 son nom commun de &lsquo;Gunnera d&rsquo;int\u00e9rieur&rsquo;. Les \u00e9cailles rouges le long du p\u00e9tiole sont de toute beaut\u00e9! Culture facile, en int\u00e9rieur ou v\u00e9randa hors gel.\u00a0A rempoter dans un pot de grande taille pour que la plante fasse de grandes feuilles.<\/p>\n<p><span style=\"text-decoration: underline;\">Hauteur adulte<\/span>\u00a0: (60)80\/100. <span style=\"text-decoration: underline;\">Origine g\u00e9ographique<\/span>\u00a0: Origine horticole. <span style=\"text-decoration: underline;\">Persistance hiver<\/span>\u00a0: Persistant . <span style=\"text-decoration: underline;\">Rusticit\u00e9 USDA<\/span>\u00a0: Zone 9\/10.<\/p>","protected":false},"excerpt":{"rendered":"<p>Ce b\u00e9gonia rhizomateux forme une\u00a0rosette de feuilles qui peuvent atteindre 1 m de diam\u00e8tre. D&rsquo;o\u00f9 son nom commun de &lsquo;Gunnera d&rsquo;int\u00e9rieur&rsquo;. Les \u00e9cailles rouges le long du p\u00e9tiole sont de toute beaut\u00e9! Culture facile, en int\u00e9rieur ou v\u00e9randa hors gel.\u00a0A rempoter dans un pot de grande taille pour que la plante fasse de grandes feuilles.<\/p>\n<p><span style=\"text-decoration: underline;\">Hauteur adulte<\/span>\u00a0: (60)80\/100.\u00a0<span style=\"text-decoration: underline;\">Origine g\u00e9ographique<\/span>\u00a0: Origine horticole.\u00a0<span style=\"text-decoration: underline;\">Persistance hiver<\/span>\u00a0: Persistant .\u00a0<span style=\"text-decoration: underline;\">Rusticit\u00e9 USDA<\/span>\u00a0: Zone 9\/10.<\/p>","protected":false},"featured_media":29337,"template":"","meta":{"site-sidebar-layout":"default","site-content-layout":"default","ast-global-header-display":"","ast-main-header-display":"","ast-hfb-above-header-display":"","ast-hfb-below-header-display":"","ast-hfb-mobile-header-display":"","site-post-title":"","ast-breadcrumbs-content":"","ast-featured-img":"","footer-sml-layout":"","theme-transparent-header-meta":"default","adv-header-id-meta":"","stick-header-meta":"default","header-above-stick-meta":"","header-main-stick-meta":"","header-below-stick-meta":""},"product_cat":[536,547],"product_tag":[521,556],"class_list":["post-29283","product","type-product","status-publish","has-post-thumbnail","hentry","product_cat-begonias","product_cat-begonias-interieur","product_tag-begonias-hybrides-cultivars","product_tag-plantes-pour-interieur","pa_taille-du-pot-pot-12-14-cm-diametre","desktop-align-center","tablet-align-center","mobile-align-center","ast-product-gallery-layout-horizontal","ast-product-single-variable","ast-product-tabs-layout-horizontal","ast-qv-on-image"],"_links":{"self":[{"href":"https:\/\/staging.pepiniereezavin.com\/en\/wp-json\/wp\/v2\/product\/29283","targetHints":{"allow":["GET"]}}],"collection":[{"href":"https:\/\/staging.pepiniereezavin.com\/en\/wp-json\/wp\/v2\/product"}],"about":[{"href":"https:\/\/staging.pepiniereezavin.com\/en\/wp-json\/wp\/v2\/types\/product"}],"wp:featuredmedia":[{"embeddable":true,"href":"https:\/\/staging.pepiniereezavin.com\/en\/wp-json\/wp\/v2\/media\/29337"}],"wp:attachment":[{"href":"https:\/\/staging.pepiniereezavin.com\/en\/wp-json\/wp\/v2\/media?parent=29283"}],"wp:term":[{"taxonomy":"product_cat","embeddable":true,"href":"https:\/\/staging.pepiniereezavin.com\/en\/wp-json\/wp\/v2\/product_cat?post=29283"},{"taxonomy":"product_tag","embeddable":true,"href":"https:\/\/staging.pepiniereezavin.com\/en\/wp-json\/wp\/v2\/product_tag?post=29283"}],"curies":[{"name":"wp","href":"https:\/\/api.w.org\/{rel}","templated":true}]}}