{"id":29286,"date":"2021-12-09T22:08:03","date_gmt":"2021-12-09T21:08:03","guid":{"rendered":"https:\/\/pepiniereezavin.fr\/?post_type=product&#038;p=29286"},"modified":"2022-08-02T16:06:00","modified_gmt":"2022-08-02T14:06:00","slug":"begonia-sophie-cecile","status":"publish","type":"product","link":"https:\/\/staging.pepiniereezavin.com\/en\/product\/begonia-sophie-cecile\/","title":{"rendered":"Begonia &lsquo;Sophie C\u00e9cile&rsquo;"},"content":{"rendered":"<p>Ce Begonia bambusiforme est proche de &lsquo;Lucernae&rsquo; par son port, mais un peu plus petit (jusqu&rsquo;\u00e0 pr\u00e9sent!). Les feuilles, de type \u00ab\u00a0ailes d&rsquo;ange\u00a0\u00bb sont profond\u00e9ment lob\u00e9es, et marqu\u00e9es de macules blanches allong\u00e9es. Floraison en grappes retombantes de fleurs rose fonc\u00e9 en \u00e9t\u00e9. Culture facile, garder hors gel. R\u00e9duire fortement les arrosages en hiver si les T\u00b0 baissent sous les 10\u00b0C.<\/p>\n<p><span style=\"text-decoration: underline;\">Hauteur adulte<\/span>\u00a0: (60)80\/100. <span style=\"text-decoration: underline;\">Origine g\u00e9ographique<\/span>\u00a0: Origine horticole. <span style=\"text-decoration: underline;\">Persistance hiver<\/span>\u00a0: Persistant. <span style=\"text-decoration: underline;\">Rusticit\u00e9 USDA<\/span>\u00a0: Zone 9\/10.<\/p>","protected":false},"excerpt":{"rendered":"<p>Ce Begonia bambusiforme est proche de &lsquo;Lucernae&rsquo; par son port, mais un peu plus petit (jusqu&rsquo;\u00e0 pr\u00e9sent!). Les feuilles, de type \u00ab\u00a0ailes d&rsquo;ange\u00a0\u00bb sont profond\u00e9ment lob\u00e9es, et marqu\u00e9es de macules blanches allong\u00e9es. Floraison en grappes retombantes de fleurs rose fonc\u00e9 en \u00e9t\u00e9. Culture facile, garder hors gel. R\u00e9duire fortement les arrosages en hiver si les T\u00b0 baissent sous les 10\u00b0C.<\/p>\n<p><span style=\"text-decoration: underline;\">Hauteur adulte<\/span>\u00a0: (60)80\/100. <span style=\"text-decoration: underline;\">Origine g\u00e9ographique<\/span>\u00a0: Origine horticole. <span style=\"text-decoration: underline;\">Persistance hiver<\/span>\u00a0: Persistant. <span style=\"text-decoration: underline;\">Rusticit\u00e9 USDA<\/span>\u00a0: Zone 9\/10.<\/p>","protected":false},"featured_media":29365,"template":"","meta":{"site-sidebar-layout":"default","site-content-layout":"default","ast-global-header-display":"","ast-main-header-display":"","ast-hfb-above-header-display":"","ast-hfb-below-header-display":"","ast-hfb-mobile-header-display":"","site-post-title":"","ast-breadcrumbs-content":"","ast-featured-img":"","footer-sml-layout":"","theme-transparent-header-meta":"default","adv-header-id-meta":"","stick-header-meta":"default","header-above-stick-meta":"","header-main-stick-meta":"","header-below-stick-meta":""},"product_cat":[536,547],"product_tag":[521,556],"class_list":["post-29286","product","type-product","status-publish","has-post-thumbnail","hentry","product_cat-begonias","product_cat-begonias-interieur","product_tag-begonias-hybrides-cultivars","product_tag-plantes-pour-interieur","pa_taille-du-pot-pot-12-14-cm-diametre","desktop-align-center","tablet-align-center","mobile-align-center","ast-product-gallery-layout-horizontal","ast-product-single-variable","ast-product-tabs-layout-horizontal","ast-qv-on-image"],"_links":{"self":[{"href":"https:\/\/staging.pepiniereezavin.com\/en\/wp-json\/wp\/v2\/product\/29286","targetHints":{"allow":["GET"]}}],"collection":[{"href":"https:\/\/staging.pepiniereezavin.com\/en\/wp-json\/wp\/v2\/product"}],"about":[{"href":"https:\/\/staging.pepiniereezavin.com\/en\/wp-json\/wp\/v2\/types\/product"}],"wp:featuredmedia":[{"embeddable":true,"href":"https:\/\/staging.pepiniereezavin.com\/en\/wp-json\/wp\/v2\/media\/29365"}],"wp:attachment":[{"href":"https:\/\/staging.pepiniereezavin.com\/en\/wp-json\/wp\/v2\/media?parent=29286"}],"wp:term":[{"taxonomy":"product_cat","embeddable":true,"href":"https:\/\/staging.pepiniereezavin.com\/en\/wp-json\/wp\/v2\/product_cat?post=29286"},{"taxonomy":"product_tag","embeddable":true,"href":"https:\/\/staging.pepiniereezavin.com\/en\/wp-json\/wp\/v2\/product_tag?post=29286"}],"curies":[{"name":"wp","href":"https:\/\/api.w.org\/{rel}","templated":true}]}}