{"id":29342,"date":"2021-12-09T22:08:26","date_gmt":"2021-12-09T21:08:26","guid":{"rendered":"https:\/\/pepiniereezavin.fr\/?post_type=product&#038;p=29342"},"modified":"2022-04-20T18:26:24","modified_gmt":"2022-04-20T16:26:24","slug":"belamcanda-chinensis","status":"publish","type":"product","link":"https:\/\/staging.pepiniereezavin.com\/en\/product\/belamcanda-chinensis\/","title":{"rendered":"Belamcanda chinensis"},"content":{"rendered":"<p>(= <em>Iris domestica<\/em>). Appel\u00e9 aussi <strong>Iris-l\u00e9opard<\/strong>, ce cousin des iris des jardins en poss\u00e8de le feuillage, mais ses fleurs orange fonc\u00e9 \u00e0 taches rouges sont tr\u00e8s diff\u00e9rentes. Rustique (-15\/-20) au soleil et mi-ombre, cet Iris-l\u00e9opard est tr\u00e8s vigoureux, pas difficile quant \u00e0 la nature du sol, et se ress\u00e8me spontan\u00e9ment.<\/p>\n<p><span style=\"text-decoration: underline;\">Hauteur adulte<\/span>\u00a0: 40\/60.\u00a0<span style=\"text-decoration: underline;\">Origine g\u00e9ographique<\/span>\u00a0: Chine, Japon.\u00a0<span style=\"text-decoration: underline;\">Persistance hiver<\/span>\u00a0: Caduque.\u00a0<span style=\"text-decoration: underline;\">Rusticit\u00e9 USDA<\/span> : Zone 7 (-17.8\u00b0C\/-12.2\u00b0C).<\/p>","protected":false},"excerpt":{"rendered":"<p>(= <em>Iris domestica<\/em>). Appel\u00e9 aussi <strong>Iris-l\u00e9opard<\/strong>, ce cousin des iris des jardins en poss\u00e8de le feuillage, mais ses fleurs orange fonc\u00e9 \u00e0 taches rouges sont tr\u00e8s diff\u00e9rentes. Rustique (-15\/-20) au soleil et mi-ombre, cet Iris-l\u00e9opard est tr\u00e8s vigoureux, pas difficile quant \u00e0 la nature du sol, et se ress\u00e8me spontan\u00e9ment.<\/p>\n<p><span style=\"text-decoration: underline;\">Hauteur adulte<\/span>\u00a0: 40\/60.\u00a0<span style=\"text-decoration: underline;\">Origine g\u00e9ographique<\/span>\u00a0: Chine, Japon.\u00a0<span style=\"text-decoration: underline;\">Persistance hiver<\/span>\u00a0: Caduque.\u00a0<span style=\"text-decoration: underline;\">Rusticit\u00e9 USDA<\/span> : Zone 7 (-17.8\u00b0C\/-12.2\u00b0C).<\/p>","protected":false},"featured_media":29373,"template":"","meta":{"site-sidebar-layout":"default","site-content-layout":"default","ast-global-header-display":"","ast-main-header-display":"","ast-hfb-above-header-display":"","ast-hfb-below-header-display":"","ast-hfb-mobile-header-display":"","site-post-title":"","ast-breadcrumbs-content":"","ast-featured-img":"","footer-sml-layout":"","theme-transparent-header-meta":"default","adv-header-id-meta":"","stick-header-meta":"default","header-above-stick-meta":"","header-main-stick-meta":"","header-below-stick-meta":""},"product_cat":[537,552,553],"product_tag":[523,529,558,559],"class_list":["post-29342","product","type-product","status-publish","has-post-thumbnail","hentry","product_cat-autres-plantes","product_cat-autres-plantes-pour-climat-doux","product_cat-autres-plantes-pour-climat-frais","product_tag-plantes-famille-iridacees","product_tag-plantes-origine-asiatique","product_tag-plantes-pour-climats-doux","product_tag-plantes-pour-climats-frais","pa_taille-du-pot-pot-12-14-cm-diametre","desktop-align-center","tablet-align-center","mobile-align-center","ast-product-gallery-layout-horizontal","ast-product-gallery-with-no-image","ast-product-single-variable","ast-product-tabs-layout-horizontal","ast-qv-on-image"],"_links":{"self":[{"href":"https:\/\/staging.pepiniereezavin.com\/en\/wp-json\/wp\/v2\/product\/29342","targetHints":{"allow":["GET"]}}],"collection":[{"href":"https:\/\/staging.pepiniereezavin.com\/en\/wp-json\/wp\/v2\/product"}],"about":[{"href":"https:\/\/staging.pepiniereezavin.com\/en\/wp-json\/wp\/v2\/types\/product"}],"wp:featuredmedia":[{"embeddable":true,"href":"https:\/\/staging.pepiniereezavin.com\/en\/wp-json\/wp\/v2\/media\/29373"}],"wp:attachment":[{"href":"https:\/\/staging.pepiniereezavin.com\/en\/wp-json\/wp\/v2\/media?parent=29342"}],"wp:term":[{"taxonomy":"product_cat","embeddable":true,"href":"https:\/\/staging.pepiniereezavin.com\/en\/wp-json\/wp\/v2\/product_cat?post=29342"},{"taxonomy":"product_tag","embeddable":true,"href":"https:\/\/staging.pepiniereezavin.com\/en\/wp-json\/wp\/v2\/product_tag?post=29342"}],"curies":[{"name":"wp","href":"https:\/\/api.w.org\/{rel}","templated":true}]}}