{"id":29346,"date":"2021-12-09T22:08:27","date_gmt":"2021-12-09T21:08:27","guid":{"rendered":"https:\/\/pepiniereezavin.fr\/?post_type=product&#038;p=29346"},"modified":"2023-01-05T07:13:41","modified_gmt":"2023-01-05T06:13:41","slug":"billbergia-nutans","status":"publish","type":"product","link":"https:\/\/staging.pepiniereezavin.com\/en\/product\/billbergia-nutans\/","title":{"rendered":"Billbergia nutans"},"content":{"rendered":"<p>Cette plante de la famille des ananas pousse en touffe. Elle fait des rejets lat\u00e9raux nombreux. Les fleurs apparaissent du printemps \u00e0 l&rsquo;automne, et m\u00eame en hiver en climat doux ou en v\u00e9randa. Les s\u00e9pales de ses fleurs, regroup\u00e9es en \u00e9pis terminaux, sont roses, les p\u00e9tales verts frang\u00e9s de bleu.<\/p>\n<p>C\u00f4t\u00e9 culture, elle supporte le sec et l&rsquo;humide (pas d\u00e9tremp\u00e9), le plein soleil (elle devient alors rouge), la mi-ombre (elle devient alors verte \/ brune), et est r\u00e9sistante au froid jusqu&rsquo;\u00e0 environ -5 \u00e0 -8\u00b0 (Avignon, avec d\u00e9gel journalier et au sec). Une beaut\u00e9 \u00e0 installer (presque) partout.<\/p>\n<p><span style=\"text-decoration: underline;\">Hauteur adulte<\/span>\u00a0: 40\/60.\u00a0<span style=\"text-decoration: underline;\">Origine g\u00e9ographique<\/span>\u00a0: Br\u00e9sil.\u00a0<span style=\"text-decoration: underline;\">Persistance hiver<\/span>\u00a0: Persistant.\u00a0<span style=\"text-decoration: underline;\">Rusticit\u00e9 USDA<\/span> : Zone 9 (-6.7\u00b0C\/-1.1\u00b0C).<\/p>","protected":false},"excerpt":{"rendered":"<p>Cette plante de la famille des ananas pousse en touffe. Elle fait des rejets lat\u00e9raux nombreux. Les fleurs apparaissent du printemps \u00e0 l&rsquo;automne, et m\u00eame en hiver en climat doux ou en v\u00e9randa. Les s\u00e9pales de ses fleurs, regroup\u00e9es en \u00e9pis terminaux, sont roses, les p\u00e9tales verts frang\u00e9s de bleu.<\/p>\n<p>C\u00f4t\u00e9 culture, elle supporte le sec et l&rsquo;humide (pas d\u00e9tremp\u00e9), le plein soleil (elle devient alors rouge), la mi-ombre (elle devient alors verte \/ brune), et est r\u00e9sistante au froid jusqu&rsquo;\u00e0 environ -5 \u00e0 -8\u00b0 (Avignon, avec d\u00e9gel journalier et au sec). Une beaut\u00e9 \u00e0 installer (presque) partout.<\/p>\n<p><span style=\"text-decoration: underline;\">Hauteur adulte<\/span>\u00a0: 40\/60.\u00a0<span style=\"text-decoration: underline;\">Origine g\u00e9ographique<\/span>\u00a0: Br\u00e9sil.\u00a0<span style=\"text-decoration: underline;\">Persistance hiver<\/span>\u00a0: Persistant.\u00a0<span style=\"text-decoration: underline;\">Rusticit\u00e9 USDA<\/span> : Zone 9 (-6.7\u00b0C\/-1.1\u00b0C).<\/p>","protected":false},"featured_media":29377,"template":"","meta":{"site-sidebar-layout":"default","site-content-layout":"default","ast-global-header-display":"","ast-main-header-display":"","ast-hfb-above-header-display":"","ast-hfb-below-header-display":"","ast-hfb-mobile-header-display":"","site-post-title":"","ast-breadcrumbs-content":"","ast-featured-img":"","footer-sml-layout":"","theme-transparent-header-meta":"default","adv-header-id-meta":"","stick-header-meta":"default","header-above-stick-meta":"","header-main-stick-meta":"","header-below-stick-meta":""},"product_cat":[537,551,552],"product_tag":[525,528,556,558,533,534],"class_list":["post-29346","product","type-product","status-publish","has-post-thumbnail","hentry","product_cat-autres-plantes","product_cat-autres-plantes-d-interieur","product_cat-autres-plantes-pour-climat-doux","product_tag-plantes-a-feuillage-coriace","product_tag-plantes-origine-americaine","product_tag-plantes-pour-interieur","product_tag-plantes-pour-climats-doux","product_tag-plantes-pour-mur-vegetaux","product_tag-plantes-pour-ombre-seche","pa_taille-du-pot-pot-12-14-cm-diametre","desktop-align-center","tablet-align-center","mobile-align-center","ast-product-gallery-layout-horizontal","ast-product-single-variable","ast-product-tabs-layout-horizontal","ast-qv-on-image"],"_links":{"self":[{"href":"https:\/\/staging.pepiniereezavin.com\/en\/wp-json\/wp\/v2\/product\/29346","targetHints":{"allow":["GET"]}}],"collection":[{"href":"https:\/\/staging.pepiniereezavin.com\/en\/wp-json\/wp\/v2\/product"}],"about":[{"href":"https:\/\/staging.pepiniereezavin.com\/en\/wp-json\/wp\/v2\/types\/product"}],"wp:featuredmedia":[{"embeddable":true,"href":"https:\/\/staging.pepiniereezavin.com\/en\/wp-json\/wp\/v2\/media\/29377"}],"wp:attachment":[{"href":"https:\/\/staging.pepiniereezavin.com\/en\/wp-json\/wp\/v2\/media?parent=29346"}],"wp:term":[{"taxonomy":"product_cat","embeddable":true,"href":"https:\/\/staging.pepiniereezavin.com\/en\/wp-json\/wp\/v2\/product_cat?post=29346"},{"taxonomy":"product_tag","embeddable":true,"href":"https:\/\/staging.pepiniereezavin.com\/en\/wp-json\/wp\/v2\/product_tag?post=29346"}],"curies":[{"name":"wp","href":"https:\/\/api.w.org\/{rel}","templated":true}]}}