{"id":29348,"date":"2021-12-09T22:08:27","date_gmt":"2021-12-09T21:08:27","guid":{"rendered":"https:\/\/pepiniereezavin.fr\/?post_type=product&#038;p=29348"},"modified":"2023-01-05T07:14:32","modified_gmt":"2023-01-05T06:14:32","slug":"billbergia-aff-nutans-variegata","status":"publish","type":"product","link":"https:\/\/staging.pepiniereezavin.com\/en\/product\/billbergia-aff-nutans-variegata\/","title":{"rendered":"Billbergia aff. nutans &lsquo;Variegata&rsquo;"},"content":{"rendered":"<p>Nous avons trouv\u00e9 cette merveille sous ce nom, mais la forme de l&rsquo;extr\u00e9mit\u00e9 des feuilles est diff\u00e9rente, plus arrondie, moins effil\u00e9e, que <em>Billbergia nutans<\/em>&#8230; La floraison recourb\u00e9e \u00e0 grandes bract\u00e9es roses est typique du genre <em>Billbergia<\/em>. Cette forme panach\u00e9e est vigoureuse et facile \u00e0 cultiver en lumi\u00e8re tamis\u00e9e, et supporte des gels brefs (garder au sec).<\/p>\n<p><span style=\"text-decoration: underline;\">Hauteur adulte<\/span>\u00a0: 40\/60.\u00a0<span style=\"text-decoration: underline;\">Origine g\u00e9ographique<\/span>\u00a0: origine horticole.\u00a0<span style=\"text-decoration: underline;\">Persistance hiver<\/span>\u00a0: Persistant.\u00a0<span style=\"text-decoration: underline;\">Rusticit\u00e9 USDA<\/span> : Zone 9 (-6.7\u00b0C\/-1.1\u00b0C).<\/p>\n<p>&nbsp;<\/p>","protected":false},"excerpt":{"rendered":"<p>Nous avons trouv\u00e9 cette merveille sous ce nom, mais la forme de l&rsquo;extr\u00e9mit\u00e9 des feuilles est diff\u00e9rente, plus arrondie, moins effil\u00e9e, que <em>Billbergia nutans<\/em>&#8230; La floraison recourb\u00e9e \u00e0 grandes bract\u00e9es roses est typique du genre <em>Billbergia<\/em>. Cette forme panach\u00e9e est vigoureuse et facile \u00e0 cultiver en lumi\u00e8re tamis\u00e9e, et supporte des gels brefs (garder au sec).<\/p>\n<p><span style=\"text-decoration: underline;\">Hauteur adulte<\/span>\u00a0: 40\/60.\u00a0<span style=\"text-decoration: underline;\">Origine g\u00e9ographique<\/span>\u00a0: origine horticole.\u00a0<span style=\"text-decoration: underline;\">Persistance hiver<\/span>\u00a0: Persistant.\u00a0<span style=\"text-decoration: underline;\">Rusticit\u00e9 USDA<\/span> : Zone 9 (-6.7\u00b0C\/-1.1\u00b0C).<\/p>\n<p>&nbsp;<\/p>","protected":false},"featured_media":29380,"template":"","meta":{"site-sidebar-layout":"default","site-content-layout":"default","ast-global-header-display":"","ast-main-header-display":"","ast-hfb-above-header-display":"","ast-hfb-below-header-display":"","ast-hfb-mobile-header-display":"","site-post-title":"","ast-breadcrumbs-content":"","ast-featured-img":"","footer-sml-layout":"","theme-transparent-header-meta":"default","adv-header-id-meta":"","stick-header-meta":"default","header-above-stick-meta":"","header-main-stick-meta":"","header-below-stick-meta":""},"product_cat":[537,551,552],"product_tag":[525,528,556,558,533,534],"class_list":["post-29348","product","type-product","status-publish","has-post-thumbnail","hentry","product_cat-autres-plantes","product_cat-autres-plantes-d-interieur","product_cat-autres-plantes-pour-climat-doux","product_tag-plantes-a-feuillage-coriace","product_tag-plantes-origine-americaine","product_tag-plantes-pour-interieur","product_tag-plantes-pour-climats-doux","product_tag-plantes-pour-mur-vegetaux","product_tag-plantes-pour-ombre-seche","pa_taille-du-pot-pot-12-14-cm-diametre","desktop-align-center","tablet-align-center","mobile-align-center","ast-product-gallery-layout-horizontal","ast-product-single-variable","ast-product-tabs-layout-horizontal","ast-qv-on-image"],"_links":{"self":[{"href":"https:\/\/staging.pepiniereezavin.com\/en\/wp-json\/wp\/v2\/product\/29348","targetHints":{"allow":["GET"]}}],"collection":[{"href":"https:\/\/staging.pepiniereezavin.com\/en\/wp-json\/wp\/v2\/product"}],"about":[{"href":"https:\/\/staging.pepiniereezavin.com\/en\/wp-json\/wp\/v2\/types\/product"}],"wp:featuredmedia":[{"embeddable":true,"href":"https:\/\/staging.pepiniereezavin.com\/en\/wp-json\/wp\/v2\/media\/29380"}],"wp:attachment":[{"href":"https:\/\/staging.pepiniereezavin.com\/en\/wp-json\/wp\/v2\/media?parent=29348"}],"wp:term":[{"taxonomy":"product_cat","embeddable":true,"href":"https:\/\/staging.pepiniereezavin.com\/en\/wp-json\/wp\/v2\/product_cat?post=29348"},{"taxonomy":"product_tag","embeddable":true,"href":"https:\/\/staging.pepiniereezavin.com\/en\/wp-json\/wp\/v2\/product_tag?post=29348"}],"curies":[{"name":"wp","href":"https:\/\/api.w.org\/{rel}","templated":true}]}}