{"id":29349,"date":"2021-12-09T22:08:27","date_gmt":"2021-12-09T21:08:27","guid":{"rendered":"https:\/\/pepiniereezavin.fr\/?post_type=product&#038;p=29349"},"modified":"2022-09-28T09:56:58","modified_gmt":"2022-09-28T07:56:58","slug":"billbergia-windii","status":"publish","type":"product","link":"https:\/\/staging.pepiniereezavin.com\/en\/product\/billbergia-windii\/","title":{"rendered":"Billbergia &lsquo;Windii&rsquo;"},"content":{"rendered":"<p>Plante en touffe avec des <strong>feuilles larges<\/strong> (5 cm), recourb\u00e9es \u00e0 leur extr\u00e9mit\u00e9. Floraison estivale en <strong>grappes retombantes<\/strong> de fleurs \u00e0 <strong>p\u00e9tales verts<\/strong> margin\u00e9s de <strong>bleu<\/strong> et <strong>bract\u00e9es rouges<\/strong>. Jamais essay\u00e9 dehors, mais se comporte tr\u00e8s bien jusqu&rsquo;\u00e0 0\u00b0C. Proche de <em>Billbergia nutans<\/em>, mais en plus gros, et avec des inflorescences retombantes plus longues (80 cm ici).<\/p>\n<p><span style=\"text-decoration: underline;\">Hauteur adulte<\/span>\u00a0: 60\/80.\u00a0<span style=\"text-decoration: underline;\">Origine g\u00e9ographique<\/span>\u00a0: origine horticole.\u00a0<span style=\"text-decoration: underline;\">Persistance hiver<\/span>\u00a0: Persistant.\u00a0<span style=\"text-decoration: underline;\">Rusticit\u00e9 USDA<\/span>\u00a0: Zone 9.<\/p>","protected":false},"excerpt":{"rendered":"<p>Plante en touffe avec des\u00a0<strong>feuilles larges<\/strong>\u00a0(5 cm), recourb\u00e9es \u00e0 leur extr\u00e9mit\u00e9. Floraison estivale en\u00a0<strong>grappes retombantes<\/strong>\u00a0de fleurs \u00e0\u00a0<strong>p\u00e9tales verts<\/strong>\u00a0margin\u00e9s de\u00a0<strong>bleu<\/strong>\u00a0et\u00a0<strong>bract\u00e9es rouges<\/strong>. Jamais essay\u00e9 dehors, mais se comporte tr\u00e8s bien jusqu&rsquo;\u00e0 0\u00b0C. Proche de\u00a0<em>Billbergia nutans<\/em>, mais en plus gros, et avec des inflorescences retombantes plus longues (80 cm ici).<\/p>\n<p><span style=\"text-decoration: underline;\">Hauteur adulte<\/span>\u00a0: 60\/80.\u00a0<span style=\"text-decoration: underline;\">Origine g\u00e9ographique<\/span>\u00a0: origine horticole.\u00a0<span style=\"text-decoration: underline;\">Persistance hiver<\/span>\u00a0: Persistant.\u00a0<span style=\"text-decoration: underline;\">Rusticit\u00e9 USDA<\/span>\u00a0: Zone 9.<\/p>","protected":false},"featured_media":29383,"template":"","meta":{"site-sidebar-layout":"default","site-content-layout":"default","ast-global-header-display":"","ast-main-header-display":"","ast-hfb-above-header-display":"","ast-hfb-below-header-display":"","ast-hfb-mobile-header-display":"","site-post-title":"","ast-breadcrumbs-content":"","ast-featured-img":"","footer-sml-layout":"","theme-transparent-header-meta":"default","adv-header-id-meta":"","stick-header-meta":"default","header-above-stick-meta":"","header-main-stick-meta":"","header-below-stick-meta":""},"product_cat":[537,551,552],"product_tag":[533,534],"class_list":["post-29349","product","type-product","status-publish","has-post-thumbnail","hentry","product_cat-autres-plantes","product_cat-autres-plantes-d-interieur","product_cat-autres-plantes-pour-climat-doux","product_tag-plantes-pour-mur-vegetaux","product_tag-plantes-pour-ombre-seche","pa_taille-du-pot-pot-12-14-cm-diametre","desktop-align-center","tablet-align-center","mobile-align-center","ast-product-gallery-layout-horizontal","ast-product-single-variable","ast-product-tabs-layout-horizontal","ast-qv-on-image"],"_links":{"self":[{"href":"https:\/\/staging.pepiniereezavin.com\/en\/wp-json\/wp\/v2\/product\/29349","targetHints":{"allow":["GET"]}}],"collection":[{"href":"https:\/\/staging.pepiniereezavin.com\/en\/wp-json\/wp\/v2\/product"}],"about":[{"href":"https:\/\/staging.pepiniereezavin.com\/en\/wp-json\/wp\/v2\/types\/product"}],"wp:featuredmedia":[{"embeddable":true,"href":"https:\/\/staging.pepiniereezavin.com\/en\/wp-json\/wp\/v2\/media\/29383"}],"wp:attachment":[{"href":"https:\/\/staging.pepiniereezavin.com\/en\/wp-json\/wp\/v2\/media?parent=29349"}],"wp:term":[{"taxonomy":"product_cat","embeddable":true,"href":"https:\/\/staging.pepiniereezavin.com\/en\/wp-json\/wp\/v2\/product_cat?post=29349"},{"taxonomy":"product_tag","embeddable":true,"href":"https:\/\/staging.pepiniereezavin.com\/en\/wp-json\/wp\/v2\/product_tag?post=29349"}],"curies":[{"name":"wp","href":"https:\/\/api.w.org\/{rel}","templated":true}]}}