{"id":29352,"date":"2021-12-09T22:08:27","date_gmt":"2021-12-09T21:08:27","guid":{"rendered":"https:\/\/pepiniereezavin.fr\/?post_type=product&#038;p=29352"},"modified":"2022-11-08T22:31:21","modified_gmt":"2022-11-08T21:31:21","slug":"boehmeria-aff-platanifolia","status":"publish","type":"product","link":"https:\/\/staging.pepiniereezavin.com\/en\/product\/boehmeria-aff-platanifolia\/","title":{"rendered":"Boehmeria aff. platanifolia"},"content":{"rendered":"<p>Tr\u00e8s proche de la ramie utilis\u00e9e comme source de fibre textile, cette ortie non urticante forme une belle touffe\u00a0 de 1.5 m \u00e0 2 m de haut. La floraison arrive en fin d&rsquo;\u00e9t\u00e9 en chatons blanc verd\u00e2tre dress\u00e9s. Cette forme \u00e0 <strong>feuilles dent\u00e9es<\/strong> est tr\u00e8s d\u00e9corative,\u00a0et rustique \u00e0 -15\u00b0C au moins.<\/p>\n<p><span style=\"text-decoration: underline;\">Hauteur adulte<\/span>\u00a0: 150\/200.\u00a0<span style=\"text-decoration: underline;\">Origine g\u00e9ographique<\/span>\u00a0: Inde \u00e0\u00a0Japon.\u00a0<span style=\"text-decoration: underline;\">Persistance hiver<\/span>\u00a0: Caduque.\u00a0<span style=\"text-decoration: underline;\">Rusticit\u00e9 USDA<\/span>\u00a0: Zone 7.<\/p>","protected":false},"excerpt":{"rendered":"<p>Tr\u00e8s proche de la ramie utilis\u00e9e comme source de fibre textile, cette ortie non urticante forme une belle touffe\u00a0 de 1.5 m \u00e0 2 m de haut. La floraison arrive en fin d&rsquo;\u00e9t\u00e9 en chatons blanc verd\u00e2tre dress\u00e9s. Cette forme \u00e0 <strong>feuilles dent\u00e9es<\/strong> est tr\u00e8s d\u00e9corative,\u00a0et rustique \u00e0 -15\u00b0C au moins.<\/p>\n<p><span style=\"text-decoration: underline;\">Hauteur adulte<\/span>\u00a0: 150\/200.\u00a0<span style=\"text-decoration: underline;\">Origine g\u00e9ographique<\/span>\u00a0: Inde \u00e0\u00a0Japon.\u00a0<span style=\"text-decoration: underline;\">Persistance hiver<\/span>\u00a0: Caduque.\u00a0<span style=\"text-decoration: underline;\">Rusticit\u00e9 USDA<\/span>\u00a0: Zone 7.<\/p>","protected":false},"featured_media":29390,"template":"","meta":{"site-sidebar-layout":"default","site-content-layout":"default","ast-global-header-display":"","ast-main-header-display":"","ast-hfb-above-header-display":"","ast-hfb-below-header-display":"","ast-hfb-mobile-header-display":"","site-post-title":"","ast-breadcrumbs-content":"","ast-featured-img":"","footer-sml-layout":"","theme-transparent-header-meta":"default","adv-header-id-meta":"","stick-header-meta":"default","header-above-stick-meta":"","header-main-stick-meta":"","header-below-stick-meta":""},"product_cat":[537,552,553],"product_tag":[524,529,558,559,533],"class_list":["post-29352","product","type-product","status-publish","has-post-thumbnail","hentry","product_cat-autres-plantes","product_cat-autres-plantes-pour-climat-doux","product_cat-autres-plantes-pour-climat-frais","product_tag-plantes-famille-urticaceae","product_tag-plantes-origine-asiatique","product_tag-plantes-pour-climats-doux","product_tag-plantes-pour-climats-frais","product_tag-plantes-pour-mur-vegetaux","pa_taille-du-pot-pot-12-14-cm-diametre","desktop-align-center","tablet-align-center","mobile-align-center","ast-product-gallery-layout-horizontal","ast-product-single-variable","ast-product-tabs-layout-horizontal","ast-qv-on-image"],"_links":{"self":[{"href":"https:\/\/staging.pepiniereezavin.com\/en\/wp-json\/wp\/v2\/product\/29352","targetHints":{"allow":["GET"]}}],"collection":[{"href":"https:\/\/staging.pepiniereezavin.com\/en\/wp-json\/wp\/v2\/product"}],"about":[{"href":"https:\/\/staging.pepiniereezavin.com\/en\/wp-json\/wp\/v2\/types\/product"}],"wp:featuredmedia":[{"embeddable":true,"href":"https:\/\/staging.pepiniereezavin.com\/en\/wp-json\/wp\/v2\/media\/29390"}],"wp:attachment":[{"href":"https:\/\/staging.pepiniereezavin.com\/en\/wp-json\/wp\/v2\/media?parent=29352"}],"wp:term":[{"taxonomy":"product_cat","embeddable":true,"href":"https:\/\/staging.pepiniereezavin.com\/en\/wp-json\/wp\/v2\/product_cat?post=29352"},{"taxonomy":"product_tag","embeddable":true,"href":"https:\/\/staging.pepiniereezavin.com\/en\/wp-json\/wp\/v2\/product_tag?post=29352"}],"curies":[{"name":"wp","href":"https:\/\/api.w.org\/{rel}","templated":true}]}}