{"id":29353,"date":"2021-12-09T22:08:28","date_gmt":"2021-12-09T21:08:28","guid":{"rendered":"https:\/\/pepiniereezavin.fr\/?post_type=product&#038;p=29353"},"modified":"2022-12-02T14:51:02","modified_gmt":"2022-12-02T13:51:02","slug":"boehmeria-platyphylla-pb-02-530","status":"publish","type":"product","link":"https:\/\/staging.pepiniereezavin.com\/en\/product\/boehmeria-platyphylla-pb-02-530\/","title":{"rendered":"Boehmeria platyphylla PB 02-530"},"content":{"rendered":"<p>R\u00e9colt\u00e9 au Bengale occidental, vers 1200 m d&rsquo;altitude. Cet arbuste \u00e0 <strong>feuilles duveteuses<\/strong> s&rsquo;\u00e9panouit depuis des ann\u00e9es\u00a0sur le mur v\u00e9g\u00e9tal de Patrick Blanc \u00e0 Paris. Les superbes feuilles duveteuses ont une pointe \u00e9troite et allong\u00e9e (acumen) tr\u00e8s marqu\u00e9e (-&gt; 7 cm ici). Plant\u00e9 au jardin depuis 10 ans, ce <em>Boehmeria platyphylla<\/em> dispara\u00eet l&rsquo;hiver, mais red\u00e9marre tr\u00e8s bien \u00e0 partir de la souche.<\/p>\n<p><span style=\"text-decoration: underline;\">Hauteur adulte<\/span>\u00a0: 150\/200.\u00a0<span style=\"text-decoration: underline;\">Origine g\u00e9ographique<\/span>\u00a0: Inde.\u00a0<span style=\"text-decoration: underline;\">Persistance hiver<\/span>\u00a0: Caduque.\u00a0<span style=\"text-decoration: underline;\">Rusticit\u00e9 USDA<\/span>\u00a0: Zone 8.<\/p>","protected":false},"excerpt":{"rendered":"<p>R\u00e9colt\u00e9 au Bengale occidental, vers 1200 m d&rsquo;altitude. Cet arbuste \u00e0 <strong>feuilles duveteuses<\/strong> s&rsquo;\u00e9panouit depuis des ann\u00e9es\u00a0sur le mur v\u00e9g\u00e9tal de Patrick Blanc \u00e0 Paris. Les superbes feuilles duveteuses ont une pointe \u00e9troite et allong\u00e9e (acumen) tr\u00e8s marqu\u00e9e (-&gt; 7 cm ici). Plant\u00e9 au jardin depuis 10 ans, ce <em>Boehmeria platyphylla<\/em> dispara\u00eet l&rsquo;hiver, mais red\u00e9marre tr\u00e8s bien \u00e0 partir de la souche.<\/p>\n<p><span style=\"text-decoration: underline;\">Hauteur adulte<\/span>\u00a0: 150\/200.\u00a0<span style=\"text-decoration: underline;\">Origine g\u00e9ographique<\/span>\u00a0: Inde.\u00a0<span style=\"text-decoration: underline;\">Persistance hiver<\/span>\u00a0: Caduque.\u00a0<span style=\"text-decoration: underline;\">Rusticit\u00e9 USDA<\/span>\u00a0: Zone 8.<\/p>","protected":false},"featured_media":29392,"template":"","meta":{"site-sidebar-layout":"default","site-content-layout":"default","ast-global-header-display":"","ast-main-header-display":"","ast-hfb-above-header-display":"","ast-hfb-below-header-display":"","ast-hfb-mobile-header-display":"","site-post-title":"","ast-breadcrumbs-content":"","ast-featured-img":"","footer-sml-layout":"","theme-transparent-header-meta":"default","adv-header-id-meta":"","stick-header-meta":"default","header-above-stick-meta":"","header-main-stick-meta":"","header-below-stick-meta":""},"product_cat":[537,551,552],"product_tag":[524,529,532,556,558,533],"class_list":["post-29353","product","type-product","status-publish","has-post-thumbnail","hentry","product_cat-autres-plantes","product_cat-autres-plantes-d-interieur","product_cat-autres-plantes-pour-climat-doux","product_tag-plantes-famille-urticaceae","product_tag-plantes-origine-asiatique","product_tag-plantes-pour-berges","product_tag-plantes-pour-interieur","product_tag-plantes-pour-climats-doux","product_tag-plantes-pour-mur-vegetaux","pa_taille-du-pot-pot-12-14-cm-diametre","desktop-align-center","tablet-align-center","mobile-align-center","ast-product-gallery-layout-horizontal","ast-product-gallery-with-no-image","ast-product-single-variable","ast-product-tabs-layout-horizontal","ast-qv-on-image"],"_links":{"self":[{"href":"https:\/\/staging.pepiniereezavin.com\/en\/wp-json\/wp\/v2\/product\/29353","targetHints":{"allow":["GET"]}}],"collection":[{"href":"https:\/\/staging.pepiniereezavin.com\/en\/wp-json\/wp\/v2\/product"}],"about":[{"href":"https:\/\/staging.pepiniereezavin.com\/en\/wp-json\/wp\/v2\/types\/product"}],"wp:featuredmedia":[{"embeddable":true,"href":"https:\/\/staging.pepiniereezavin.com\/en\/wp-json\/wp\/v2\/media\/29392"}],"wp:attachment":[{"href":"https:\/\/staging.pepiniereezavin.com\/en\/wp-json\/wp\/v2\/media?parent=29353"}],"wp:term":[{"taxonomy":"product_cat","embeddable":true,"href":"https:\/\/staging.pepiniereezavin.com\/en\/wp-json\/wp\/v2\/product_cat?post=29353"},{"taxonomy":"product_tag","embeddable":true,"href":"https:\/\/staging.pepiniereezavin.com\/en\/wp-json\/wp\/v2\/product_tag?post=29353"}],"curies":[{"name":"wp","href":"https:\/\/api.w.org\/{rel}","templated":true}]}}