{"id":29398,"date":"2021-12-09T22:43:16","date_gmt":"2021-12-09T21:43:16","guid":{"rendered":"https:\/\/pepiniereezavin.fr\/?post_type=product&#038;p=29398"},"modified":"2022-09-07T09:44:14","modified_gmt":"2022-09-07T07:44:14","slug":"callisia-fragrans","status":"publish","type":"product","link":"https:\/\/staging.pepiniereezavin.com\/en\/product\/callisia-fragrans\/","title":{"rendered":"Callisia fragrans"},"content":{"rendered":"<p>Cette plante est parfois nomm\u00e9e\u00a0\u00ab\u00a0<strong>plante araign\u00e9e<\/strong>\u00a0\u00bb en raison des rosettes de feuilles port\u00e9es au bout de tiges fines et longues retombantes (stolons).\u00a0<strong>Floraison tr\u00e8s parfum\u00e9e<\/strong> au printemps, d&rsquo;o\u00f9 son nom d&rsquo;esp\u00e8ce. Tient ici dehors en \u00e9t\u00e9, mais est prot\u00e9g\u00e9e du gel en hiver. C&rsquo;est une <strong>excellente plante d&rsquo;int\u00e9rieur<\/strong>, qui vous ravira par sa vigueur, son parfum, et sa convivialit\u00e9 : vous donnerez \u00e0 vos amis des rosettes \u00a0de feuilles qu&rsquo;ils feront pousser chez eux, et en redonneront \u00e0 d&rsquo;autres&#8230;..<\/p>\n<p><span style=\"text-decoration: underline;\">Hauteur adulte<\/span>\u00a0: 40\/60(100).\u00a0<span style=\"text-decoration: underline;\">Origine g\u00e9ographique<\/span>\u00a0: Am\u00e9rique centrale.\u00a0<span style=\"text-decoration: underline;\">Persistance hiver<\/span>\u00a0: Persistant (garder hors gel).\u00a0<span style=\"text-decoration: underline;\">Rusticit\u00e9 USDA<\/span>\u00a0: Zone 9\/10.<\/p>\n<p>&nbsp;<\/p>","protected":false},"excerpt":{"rendered":"<p>Cette plante est parfois nomm\u00e9e\u00a0\u00ab\u00a0<strong>plante araign\u00e9e<\/strong>\u00a0\u00bb en raison des rosettes de feuilles port\u00e9es au bout de tiges fines et longues retombantes (stolons).\u00a0<strong>Floraison tr\u00e8s parfum\u00e9e<\/strong> au printemps, d&rsquo;o\u00f9 son nom d&rsquo;esp\u00e8ce. Tient ici dehors en \u00e9t\u00e9, mais est prot\u00e9g\u00e9e du gel en hiver. C&rsquo;est une <strong>excellente plante d&rsquo;int\u00e9rieur<\/strong>, qui vous ravira par sa vigueur, son parfum, et sa convivialit\u00e9 : vous donnerez \u00e0 vos amis des rosettes \u00a0de feuilles qu&rsquo;ils feront pousser chez eux, et en redonneront \u00e0 d&rsquo;autres&#8230;..<\/p>\n<p><span style=\"text-decoration: underline;\">Hauteur adulte<\/span>\u00a0: 40\/60(100).\u00a0<span style=\"text-decoration: underline;\">Origine g\u00e9ographique<\/span>\u00a0: Am\u00e9rique centrale.\u00a0<span style=\"text-decoration: underline;\">Persistance hiver<\/span>\u00a0: Persistant (garder hors gel).\u00a0<span style=\"text-decoration: underline;\">Rusticit\u00e9 USDA<\/span>\u00a0: Zone 9\/10.<\/p>\n<p>&nbsp;<\/p>","protected":false},"featured_media":29420,"template":"","meta":{"site-sidebar-layout":"default","site-content-layout":"default","ast-global-header-display":"","ast-main-header-display":"","ast-hfb-above-header-display":"","ast-hfb-below-header-display":"","ast-hfb-mobile-header-display":"","site-post-title":"","ast-breadcrumbs-content":"","ast-featured-img":"","footer-sml-layout":"","theme-transparent-header-meta":"default","adv-header-id-meta":"","stick-header-meta":"default","header-above-stick-meta":"","header-main-stick-meta":"","header-below-stick-meta":""},"product_cat":[537,551,554],"product_tag":[522,526,528,556,533,557],"class_list":["post-29398","product","type-product","status-publish","has-post-thumbnail","hentry","product_cat-autres-plantes","product_cat-autres-plantes-d-interieur","product_cat-autres-plantes-pour-terrarium","product_tag-plantes-famille-commelinacees","product_tag-plantes-couvre-sol","product_tag-plantes-origine-americaine","product_tag-plantes-pour-interieur","product_tag-plantes-pour-mur-vegetaux","product_tag-plantes-pour-terrarium","pa_taille-du-pot-pot-12-14-cm-diametre","desktop-align-center","tablet-align-center","mobile-align-center","ast-product-gallery-layout-horizontal","ast-product-gallery-with-no-image","ast-product-single-variable","ast-product-tabs-layout-horizontal","ast-qv-on-image"],"_links":{"self":[{"href":"https:\/\/staging.pepiniereezavin.com\/en\/wp-json\/wp\/v2\/product\/29398","targetHints":{"allow":["GET"]}}],"collection":[{"href":"https:\/\/staging.pepiniereezavin.com\/en\/wp-json\/wp\/v2\/product"}],"about":[{"href":"https:\/\/staging.pepiniereezavin.com\/en\/wp-json\/wp\/v2\/types\/product"}],"wp:featuredmedia":[{"embeddable":true,"href":"https:\/\/staging.pepiniereezavin.com\/en\/wp-json\/wp\/v2\/media\/29420"}],"wp:attachment":[{"href":"https:\/\/staging.pepiniereezavin.com\/en\/wp-json\/wp\/v2\/media?parent=29398"}],"wp:term":[{"taxonomy":"product_cat","embeddable":true,"href":"https:\/\/staging.pepiniereezavin.com\/en\/wp-json\/wp\/v2\/product_cat?post=29398"},{"taxonomy":"product_tag","embeddable":true,"href":"https:\/\/staging.pepiniereezavin.com\/en\/wp-json\/wp\/v2\/product_tag?post=29398"}],"curies":[{"name":"wp","href":"https:\/\/api.w.org\/{rel}","templated":true}]}}