{"id":29400,"date":"2021-12-09T22:43:16","date_gmt":"2021-12-09T21:43:16","guid":{"rendered":"https:\/\/pepiniereezavin.fr\/?post_type=product&#038;p=29400"},"modified":"2022-08-23T10:40:35","modified_gmt":"2022-08-23T08:40:35","slug":"callisia-repens","status":"publish","type":"product","link":"https:\/\/staging.pepiniereezavin.com\/en\/product\/callisia-repens\/","title":{"rendered":"Callisia repens"},"content":{"rendered":"<p>Plante retombante \/ tra\u00e7ante \u00e0 <strong>petites feuilles succulentes<\/strong> vertes ou rouges selon l&rsquo;ensoleillement. Excellent couvre-sol annuel (garder des boutures au chaud en hiver, et replanter au printemps), ou de rocaille en zone littorale. Et bien-s\u00fbr en int\u00e9rieur. Forme d&rsquo;\u00e9l\u00e9gantes pot\u00e9es retombantes. Culture et bouturage tr\u00e8s faciles!<\/p>\n<p><span style=\"text-decoration: underline;\">Hauteur adulte<\/span>\u00a0: 40\/60(100).\u00a0<span style=\"text-decoration: underline;\">Origine g\u00e9ographique<\/span>\u00a0: Am\u00e9rique du sud.\u00a0<span style=\"text-decoration: underline;\">Persistance hiver<\/span>\u00a0: Persistant (garder hors gel).\u00a0<span style=\"text-decoration: underline;\">Rusticit\u00e9 USDA<\/span>\u00a0: Zone 9\/10.<\/p>","protected":false},"excerpt":{"rendered":"<p>Plante retombante \/ tra\u00e7ante \u00e0 <strong>petites feuilles succulentes<\/strong> vertes ou rouges selon l&rsquo;ensoleillement. Excellent couvre-sol annuel (garder des boutures au chaud en hiver, et replanter au printemps), ou de rocaille en zone littorale. Et bien-s\u00fbr en int\u00e9rieur. Forme d&rsquo;\u00e9l\u00e9gantes pot\u00e9es retombantes. Culture et bouturage tr\u00e8s faciles!<\/p>\n<p><span style=\"text-decoration: underline;\">Hauteur adulte<\/span>\u00a0: 40\/60(100).\u00a0<span style=\"text-decoration: underline;\">Origine g\u00e9ographique<\/span>\u00a0: Am\u00e9rique du sud.\u00a0<span style=\"text-decoration: underline;\">Persistance hiver<\/span>\u00a0: Persistant (garder hors gel).\u00a0<span style=\"text-decoration: underline;\">Rusticit\u00e9 USDA<\/span>\u00a0: Zone 9\/10.<\/p>","protected":false},"featured_media":29423,"template":"","meta":{"site-sidebar-layout":"default","site-content-layout":"default","ast-global-header-display":"","ast-main-header-display":"","ast-hfb-above-header-display":"","ast-hfb-below-header-display":"","ast-hfb-mobile-header-display":"","site-post-title":"","ast-breadcrumbs-content":"","ast-featured-img":"","footer-sml-layout":"","theme-transparent-header-meta":"default","adv-header-id-meta":"","stick-header-meta":"default","header-above-stick-meta":"","header-main-stick-meta":"","header-below-stick-meta":""},"product_cat":[537,551,554],"product_tag":[522,526,528,556,533,534,557],"class_list":["post-29400","product","type-product","status-publish","has-post-thumbnail","hentry","product_cat-autres-plantes","product_cat-autres-plantes-d-interieur","product_cat-autres-plantes-pour-terrarium","product_tag-plantes-famille-commelinacees","product_tag-plantes-couvre-sol","product_tag-plantes-origine-americaine","product_tag-plantes-pour-interieur","product_tag-plantes-pour-mur-vegetaux","product_tag-plantes-pour-ombre-seche","product_tag-plantes-pour-terrarium","pa_taille-du-pot-pot-12-14-cm-diametre","desktop-align-center","tablet-align-center","mobile-align-center","ast-product-gallery-layout-horizontal","ast-product-single-variable","ast-product-tabs-layout-horizontal","ast-qv-on-image"],"_links":{"self":[{"href":"https:\/\/staging.pepiniereezavin.com\/en\/wp-json\/wp\/v2\/product\/29400","targetHints":{"allow":["GET"]}}],"collection":[{"href":"https:\/\/staging.pepiniereezavin.com\/en\/wp-json\/wp\/v2\/product"}],"about":[{"href":"https:\/\/staging.pepiniereezavin.com\/en\/wp-json\/wp\/v2\/types\/product"}],"wp:featuredmedia":[{"embeddable":true,"href":"https:\/\/staging.pepiniereezavin.com\/en\/wp-json\/wp\/v2\/media\/29423"}],"wp:attachment":[{"href":"https:\/\/staging.pepiniereezavin.com\/en\/wp-json\/wp\/v2\/media?parent=29400"}],"wp:term":[{"taxonomy":"product_cat","embeddable":true,"href":"https:\/\/staging.pepiniereezavin.com\/en\/wp-json\/wp\/v2\/product_cat?post=29400"},{"taxonomy":"product_tag","embeddable":true,"href":"https:\/\/staging.pepiniereezavin.com\/en\/wp-json\/wp\/v2\/product_tag?post=29400"}],"curies":[{"name":"wp","href":"https:\/\/api.w.org\/{rel}","templated":true}]}}