{"id":29405,"date":"2021-12-09T22:43:16","date_gmt":"2021-12-09T21:43:16","guid":{"rendered":"https:\/\/pepiniereezavin.fr\/?post_type=product&#038;p=29405"},"modified":"2022-04-20T05:56:18","modified_gmt":"2022-04-20T03:56:18","slug":"cayratia-japonica","status":"publish","type":"product","link":"https:\/\/staging.pepiniereezavin.com\/en\/product\/cayratia-japonica\/","title":{"rendered":"Cayratia japonica"},"content":{"rendered":"<p>Cette cousine de la vigne a des feuilles palm\u00e9es \u00e0 lobes arrondis. Remarquable par sa vigueur et sa rusticit\u00e9, c&rsquo;est une excellente plante pour couvrir talus, grillage \u00e0 obscurcir, etc&#8230; Les fruits sont des baies rouges puis noires \u00e0 maturit\u00e9, ponctuant en automne les branches. Le tout est caduque. Rustique dans le Jura.<\/p>\n<p><span style=\"text-decoration: underline;\">Hauteur adulte<\/span>\u00a0: -&gt; 20 m. <span style=\"text-decoration: underline;\">Origine g\u00e9ographique<\/span>\u00a0: Japon, Chine, Philippines, Australie, Cor\u00e9e. <span style=\"text-decoration: underline;\">Persistance hiver<\/span>\u00a0: Caduque. <span style=\"text-decoration: underline;\">Rusticit\u00e9 USDA<\/span>\u00a0: Zone 7.<\/p>","protected":false},"excerpt":{"rendered":"<p>Cette cousine de la vigne a des feuilles palm\u00e9es \u00e0 lobes arrondis. Remarquable par sa vigueur et sa rusticit\u00e9, c&rsquo;est une excellente plante pour couvrir talus, grillage \u00e0 obscurcir, etc&#8230; Les fruits sont des baies rouges puis noires \u00e0 maturit\u00e9, ponctuant en automne les branches. Le tout est caduque. Rustique dans le Jura.<\/p>\n<p><span style=\"text-decoration: underline;\">Hauteur adulte<\/span>\u00a0: -&gt; 20 m. <span style=\"text-decoration: underline;\">Origine g\u00e9ographique<\/span>\u00a0: Japon, Chine, Philippines, Australie, Cor\u00e9e. <span style=\"text-decoration: underline;\">Persistance hiver<\/span>\u00a0: Caduque. <span style=\"text-decoration: underline;\">Rusticit\u00e9 USDA<\/span>\u00a0: Zone 7.<\/p>","protected":false},"featured_media":29428,"template":"","meta":{"site-sidebar-layout":"default","site-content-layout":"default","ast-global-header-display":"","ast-main-header-display":"","ast-hfb-above-header-display":"","ast-hfb-below-header-display":"","ast-hfb-mobile-header-display":"","site-post-title":"","ast-breadcrumbs-content":"","ast-featured-img":"","footer-sml-layout":"","theme-transparent-header-meta":"default","adv-header-id-meta":"","stick-header-meta":"default","header-above-stick-meta":"","header-main-stick-meta":"","header-below-stick-meta":""},"product_cat":[537,552,553],"product_tag":[529,558,559],"class_list":["post-29405","product","type-product","status-publish","has-post-thumbnail","hentry","product_cat-autres-plantes","product_cat-autres-plantes-pour-climat-doux","product_cat-autres-plantes-pour-climat-frais","product_tag-plantes-origine-asiatique","product_tag-plantes-pour-climats-doux","product_tag-plantes-pour-climats-frais","pa_taille-du-pot-pot-12-14-cm-diametre","desktop-align-center","tablet-align-center","mobile-align-center","ast-product-gallery-layout-horizontal","ast-product-gallery-with-no-image","ast-product-single-variable","ast-product-tabs-layout-horizontal","ast-qv-on-image"],"_links":{"self":[{"href":"https:\/\/staging.pepiniereezavin.com\/en\/wp-json\/wp\/v2\/product\/29405","targetHints":{"allow":["GET"]}}],"collection":[{"href":"https:\/\/staging.pepiniereezavin.com\/en\/wp-json\/wp\/v2\/product"}],"about":[{"href":"https:\/\/staging.pepiniereezavin.com\/en\/wp-json\/wp\/v2\/types\/product"}],"wp:featuredmedia":[{"embeddable":true,"href":"https:\/\/staging.pepiniereezavin.com\/en\/wp-json\/wp\/v2\/media\/29428"}],"wp:attachment":[{"href":"https:\/\/staging.pepiniereezavin.com\/en\/wp-json\/wp\/v2\/media?parent=29405"}],"wp:term":[{"taxonomy":"product_cat","embeddable":true,"href":"https:\/\/staging.pepiniereezavin.com\/en\/wp-json\/wp\/v2\/product_cat?post=29405"},{"taxonomy":"product_tag","embeddable":true,"href":"https:\/\/staging.pepiniereezavin.com\/en\/wp-json\/wp\/v2\/product_tag?post=29405"}],"curies":[{"name":"wp","href":"https:\/\/api.w.org\/{rel}","templated":true}]}}