{"id":29407,"date":"2021-12-09T22:43:16","date_gmt":"2021-12-09T21:43:16","guid":{"rendered":"https:\/\/pepiniereezavin.fr\/?post_type=product&#038;p=29407"},"modified":"2022-04-20T06:03:16","modified_gmt":"2022-04-20T04:03:16","slug":"chlorophytum-comosum","status":"publish","type":"product","link":"https:\/\/staging.pepiniereezavin.com\/en\/product\/chlorophytum-comosum\/","title":{"rendered":"Chlorophytum comosum"},"content":{"rendered":"<p>Le Chlorophytum ou la \u00ab\u00a0plalang\u00e8re\u00a0\u00bb est bien connu comme plante d&rsquo;int\u00e9rieur : c&rsquo;est une plante des plus ais\u00e9es \u00e0 cultiver. Les \u00ab\u00a0b\u00e9b\u00e9s\u00a0\u00bb qui apparaissent sur les inflorescences permettent de la multiplier \u00e0 l&rsquo;infini&#8230; C&rsquo;est aussi un tr\u00e8s bon couvre sol \/ plante de rocaille en ext\u00e9rieur si vous \u00eates en zone littorale. De plus, <em>Chlorophytum comosum<\/em> est consid\u00e9r\u00e9 (par la NASA) comme une plante purifiant l&rsquo;air dans une maison, donc \u00e0 ne pas n\u00e9gliger!<\/p>\n<p>L&rsquo;esp\u00e8ce-type \u00e0 un feuillage totalement vert, mais il existe des formes panach\u00e9es : <a title=\"Chlorophytum comosum vittatum\" href=\"https:\/\/staging.pepiniereezavin.com\/en\/product\/chlorophytum-comosum-vittatum\/\">vert-blanc-vert<\/a>, ou <a title=\"Chlorophytum comosum variegatum\" href=\"https:\/\/staging.pepiniereezavin.com\/en\/product\/chlorophytum-comosum-variegatum\/\">blanc-vert-blanc<\/a>. Supporte des gels brefs si au sec.<\/p>\n<p><span style=\"text-decoration: underline;\">Hauteur adulte<\/span>\u00a0: 40\/60.\u00a0<span style=\"text-decoration: underline;\">Origine g\u00e9ographique<\/span>\u00a0: Afrique du sud.\u00a0<span style=\"text-decoration: underline;\">Persistance hiver<\/span>\u00a0: Persistant.\u00a0<span style=\"text-decoration: underline;\">Rusticit\u00e9 USDA<\/span> : Zone 9 (-6.7\u00b0C\/-1.1\u00b0C).<\/p>","protected":false},"excerpt":{"rendered":"<p>Le Chlorophytum ou la \u00ab\u00a0plalang\u00e8re\u00a0\u00bb est bien connu comme plante d&rsquo;int\u00e9rieur : c&rsquo;est une plante des plus ais\u00e9es \u00e0 cultiver. Les \u00ab\u00a0b\u00e9b\u00e9s\u00a0\u00bb qui apparaissent sur les inflorescences permettent de la multiplier \u00e0 l&rsquo;infini&#8230; C&rsquo;est aussi un tr\u00e8s bon couvre sol \/ plante de rocaille en ext\u00e9rieur si vous \u00eates en zone littorale. De plus, <em>Chlorophytum comosum<\/em> est consid\u00e9r\u00e9 (par la NASA) comme une plante purifiant l&rsquo;air dans une maison, donc \u00e0 ne pas n\u00e9gliger!<\/p>\n<p>L&rsquo;esp\u00e8ce-type \u00e0 un feuillage totalement vert, mais il existe des formes panach\u00e9es : <a title=\"Chlorophytum comosum vittatum\" href=\"https:\/\/staging.pepiniereezavin.com\/en\/product\/chlorophytum-comosum-vittatum\/\">vert-blanc-vert<\/a>, ou <a title=\"Chlorophytum comosum variegatum\" href=\"https:\/\/staging.pepiniereezavin.com\/en\/product\/chlorophytum-comosum-variegatum\/\">blanc-vert-blanc<\/a>. Supporte des gels brefs si au sec.<\/p>\n<p><span style=\"text-decoration: underline;\">Hauteur adulte<\/span>\u00a0: 40\/60.\u00a0<span style=\"text-decoration: underline;\">Origine g\u00e9ographique<\/span>\u00a0: Afrique du sud.\u00a0<span style=\"text-decoration: underline;\">Persistance hiver<\/span>\u00a0: Persistant.\u00a0<span style=\"text-decoration: underline;\">Rusticit\u00e9 USDA<\/span> : Zone 9 (-6.7\u00b0C\/-1.1\u00b0C).<\/p>","protected":false},"featured_media":29430,"template":"","meta":{"site-sidebar-layout":"default","site-content-layout":"default","ast-global-header-display":"","ast-main-header-display":"","ast-hfb-above-header-display":"","ast-hfb-below-header-display":"","ast-hfb-mobile-header-display":"","site-post-title":"","ast-breadcrumbs-content":"","ast-featured-img":"","footer-sml-layout":"","theme-transparent-header-meta":"default","adv-header-id-meta":"","stick-header-meta":"default","header-above-stick-meta":"","header-main-stick-meta":"","header-below-stick-meta":""},"product_cat":[537,551,552],"product_tag":[526,527,558,533,534],"class_list":["post-29407","product","type-product","status-publish","has-post-thumbnail","hentry","product_cat-autres-plantes","product_cat-autres-plantes-d-interieur","product_cat-autres-plantes-pour-climat-doux","product_tag-plantes-couvre-sol","product_tag-plantes-origine-africaine","product_tag-plantes-pour-climats-doux","product_tag-plantes-pour-mur-vegetaux","product_tag-plantes-pour-ombre-seche","pa_taille-du-pot-pot-12-14-cm-diametre","desktop-align-center","tablet-align-center","mobile-align-center","ast-product-gallery-layout-horizontal","ast-product-gallery-with-no-image","ast-product-single-variable","ast-product-tabs-layout-horizontal","ast-qv-on-image"],"_links":{"self":[{"href":"https:\/\/staging.pepiniereezavin.com\/en\/wp-json\/wp\/v2\/product\/29407","targetHints":{"allow":["GET"]}}],"collection":[{"href":"https:\/\/staging.pepiniereezavin.com\/en\/wp-json\/wp\/v2\/product"}],"about":[{"href":"https:\/\/staging.pepiniereezavin.com\/en\/wp-json\/wp\/v2\/types\/product"}],"wp:featuredmedia":[{"embeddable":true,"href":"https:\/\/staging.pepiniereezavin.com\/en\/wp-json\/wp\/v2\/media\/29430"}],"wp:attachment":[{"href":"https:\/\/staging.pepiniereezavin.com\/en\/wp-json\/wp\/v2\/media?parent=29407"}],"wp:term":[{"taxonomy":"product_cat","embeddable":true,"href":"https:\/\/staging.pepiniereezavin.com\/en\/wp-json\/wp\/v2\/product_cat?post=29407"},{"taxonomy":"product_tag","embeddable":true,"href":"https:\/\/staging.pepiniereezavin.com\/en\/wp-json\/wp\/v2\/product_tag?post=29407"}],"curies":[{"name":"wp","href":"https:\/\/api.w.org\/{rel}","templated":true}]}}