{"id":29409,"date":"2021-12-09T22:43:17","date_gmt":"2021-12-09T21:43:17","guid":{"rendered":"https:\/\/pepiniereezavin.fr\/?post_type=product&#038;p=29409"},"modified":"2022-04-20T06:20:35","modified_gmt":"2022-04-20T04:20:35","slug":"chlorophytum-comosum-vittatum","status":"publish","type":"product","link":"https:\/\/staging.pepiniereezavin.com\/en\/product\/chlorophytum-comosum-vittatum\/","title":{"rendered":"Chlorophytum comosum vittatum"},"content":{"rendered":"<p>Le Chlorophytum ou la \u00ab\u00a0phalang\u00e8re\u00a0\u00bb est bien connu comme plante d&rsquo;int\u00e9rieur : c&rsquo;est une plante des plus ais\u00e9es \u00e0 cultiver. Les \u00ab\u00a0b\u00e9b\u00e9s\u00a0\u00bb qui apparaissent sur les inflorescences permettent de la multiplier \u00e0 l&rsquo;infini&#8230; C&rsquo;est aussi un tr\u00e8s bon couvre sol \/ plante de rocaille en ext\u00e9rieur si vous \u00eates en zone littorale. De plus, <em>Chlorophytum comosum<\/em> est consid\u00e9r\u00e9 (par la NASA) comme une plante purifiant l&rsquo;air dans une maison, donc \u00e0 ne pas n\u00e9gliger!<\/p>\n<p>Cette vari\u00e9t\u00e9 pr\u00e9sente une panachure blanche au centre des feuilles, qui\u00a0vire parfois \u00e0 trois couleurs (vert fonc\u00e9, vert clair, et blanc). Nous vous proposons aussi une forme panach\u00e9e <a href=\"https:\/\/staging.pepiniereezavin.com\/en\/product\/chlorophytum-comosum-variegatum\/\">blanc-vert-blanc<\/a>, ou une <a href=\"https:\/\/staging.pepiniereezavin.com\/en\/product\/chlorophytum-comosum\/\">forme totalement verte<\/a>. Supporte des gels brefs si au sec.<\/p>\n<p><span style=\"text-decoration: underline;\">Hauteur adulte<\/span>\u00a0: 40\/60.\u00a0<span style=\"text-decoration: underline;\">Origine g\u00e9ographique<\/span>\u00a0: Afrique du sud.\u00a0<span style=\"text-decoration: underline;\">Persistance hiver<\/span>\u00a0: Persistant.\u00a0<span style=\"text-decoration: underline;\">Rusticit\u00e9 USDA<\/span> : Zone 9 (-6.7\u00b0C\/-1.1\u00b0C).<\/p>","protected":false},"excerpt":{"rendered":"<p>Le Chlorophytum ou la \u00ab\u00a0phalang\u00e8re\u00a0\u00bb est bien connu comme plante d&rsquo;int\u00e9rieur : c&rsquo;est une plante des plus ais\u00e9es \u00e0 cultiver. Les \u00ab\u00a0b\u00e9b\u00e9s\u00a0\u00bb qui apparaissent sur les inflorescences permettent de la multiplier \u00e0 l&rsquo;infini&#8230; C&rsquo;est aussi un tr\u00e8s bon couvre sol \/ plante de rocaille en ext\u00e9rieur si vous \u00eates en zone littorale. De plus, <em>Chlorophytum comosum<\/em> est consid\u00e9r\u00e9 (par la NASA) comme une plante purifiant l&rsquo;air dans une maison, donc \u00e0 ne pas n\u00e9gliger!<\/p>\n<p>Cette vari\u00e9t\u00e9 pr\u00e9sente une panachure blanche au centre des feuilles, qui\u00a0vire parfois \u00e0 trois couleurs (vert fonc\u00e9, vert clair, et blanc). Nous vous proposons aussi une forme panach\u00e9e <a href=\"https:\/\/staging.pepiniereezavin.com\/en\/product\/chlorophytum-comosum-variegatum\/\">blanc-vert-blanc<\/a>, ou une <a href=\"https:\/\/staging.pepiniereezavin.com\/en\/product\/chlorophytum-comosum\/\">forme totalement verte<\/a>. Supporte des gels brefs si au sec.<\/p>\n<p><span style=\"text-decoration: underline;\">Hauteur adulte<\/span>\u00a0: 40\/60.\u00a0<span style=\"text-decoration: underline;\">Origine g\u00e9ographique<\/span>\u00a0: Afrique du sud.\u00a0<span style=\"text-decoration: underline;\">Persistance hiver<\/span>\u00a0: Persistant.\u00a0<span style=\"text-decoration: underline;\">Rusticit\u00e9 USDA<\/span> : Zone 9 (-6.7\u00b0C\/-1.1\u00b0C).<\/p>","protected":false},"featured_media":29432,"template":"","meta":{"site-sidebar-layout":"default","site-content-layout":"default","ast-global-header-display":"","ast-main-header-display":"","ast-hfb-above-header-display":"","ast-hfb-below-header-display":"","ast-hfb-mobile-header-display":"","site-post-title":"","ast-breadcrumbs-content":"","ast-featured-img":"","footer-sml-layout":"","theme-transparent-header-meta":"default","adv-header-id-meta":"","stick-header-meta":"default","header-above-stick-meta":"","header-main-stick-meta":"","header-below-stick-meta":""},"product_cat":[537,551,552],"product_tag":[526,527,556,558,533,534],"class_list":["post-29409","product","type-product","status-publish","has-post-thumbnail","hentry","product_cat-autres-plantes","product_cat-autres-plantes-d-interieur","product_cat-autres-plantes-pour-climat-doux","product_tag-plantes-couvre-sol","product_tag-plantes-origine-africaine","product_tag-plantes-pour-interieur","product_tag-plantes-pour-climats-doux","product_tag-plantes-pour-mur-vegetaux","product_tag-plantes-pour-ombre-seche","pa_taille-du-pot-pot-12-14-cm-diametre","desktop-align-center","tablet-align-center","mobile-align-center","ast-product-gallery-layout-horizontal","ast-product-gallery-with-no-image","ast-product-single-variable","ast-product-tabs-layout-horizontal","ast-qv-on-image"],"_links":{"self":[{"href":"https:\/\/staging.pepiniereezavin.com\/en\/wp-json\/wp\/v2\/product\/29409","targetHints":{"allow":["GET"]}}],"collection":[{"href":"https:\/\/staging.pepiniereezavin.com\/en\/wp-json\/wp\/v2\/product"}],"about":[{"href":"https:\/\/staging.pepiniereezavin.com\/en\/wp-json\/wp\/v2\/types\/product"}],"wp:featuredmedia":[{"embeddable":true,"href":"https:\/\/staging.pepiniereezavin.com\/en\/wp-json\/wp\/v2\/media\/29432"}],"wp:attachment":[{"href":"https:\/\/staging.pepiniereezavin.com\/en\/wp-json\/wp\/v2\/media?parent=29409"}],"wp:term":[{"taxonomy":"product_cat","embeddable":true,"href":"https:\/\/staging.pepiniereezavin.com\/en\/wp-json\/wp\/v2\/product_cat?post=29409"},{"taxonomy":"product_tag","embeddable":true,"href":"https:\/\/staging.pepiniereezavin.com\/en\/wp-json\/wp\/v2\/product_tag?post=29409"}],"curies":[{"name":"wp","href":"https:\/\/api.w.org\/{rel}","templated":true}]}}