{"id":29439,"date":"2021-12-09T22:43:31","date_gmt":"2021-12-09T21:43:31","guid":{"rendered":"https:\/\/pepiniereezavin.fr\/?post_type=product&#038;p=29439"},"modified":"2022-04-25T18:48:01","modified_gmt":"2022-04-25T16:48:01","slug":"colocasia-formosana-pb-07-1109","status":"publish","type":"product","link":"https:\/\/staging.pepiniereezavin.com\/en\/product\/colocasia-formosana-pb-07-1109\/","title":{"rendered":"Colocasia formosana PB 07-1109"},"content":{"rendered":"<p style=\"text-align: left;\">Cette plante fait partie du large groupe des Taros ou Songes, dont les feuilles et les tubercules sont comestibles. Cette forme, r\u00e9colt\u00e9e au sud de Taiwan, vers 1500m d&rsquo;altitude par Patrick Blanc, est int\u00e9ressante pour ses\u00a0superbes <strong>feuilles vert mat ne se mouillant pas<\/strong> (l&rsquo;eau forme des gouttelettes et roule), mais aussi pour sa <strong>rusticit\u00e9 dans le Sud de la France<\/strong> (-&gt; -8\u00b0C environ). La plante se multiplie par de nombreux stolons. Tient ici dehors, en bassin. C&rsquo;est aussi une magnifique plante d&rsquo;int\u00e9rieur ou de v\u00e9randa.<\/p>\n<p><span style=\"text-decoration: underline;\">Hauteur adulte<\/span>\u00a0: 60\/80.\u00a0<span style=\"text-decoration: underline;\">Origine g\u00e9ographique<\/span>\u00a0: Ta\u00efwan.\u00a0<span style=\"text-decoration: underline;\">Persistance hiver<\/span>\u00a0: Caduque.\u00a0<span style=\"text-decoration: underline;\">Rusticit\u00e9 USDA<\/span>\u00a0: Zone 8\/9.<\/p>","protected":false},"excerpt":{"rendered":"<p style=\"text-align: left;\">Cette plante fait partie du large groupe des Taros ou Songes, dont les feuilles et les tubercules sont comestibles. Cette forme, r\u00e9colt\u00e9e au sud de Taiwan, vers 1500m d&rsquo;altitude par Patrick Blanc, est int\u00e9ressante pour ses\u00a0superbes\u00a0<strong>feuilles vert mat ne se mouillant pas<\/strong>\u00a0(l&rsquo;eau forme des gouttelettes et roule), mais aussi pour sa\u00a0<strong>rusticit\u00e9 dans le Sud de la France<\/strong>\u00a0(-&gt; -8\u00b0C environ). La plante se multiplie par de nombreux stolons. Tient ici dehors, en bassin. C&rsquo;est aussi une magnifique plante d&rsquo;int\u00e9rieur ou de v\u00e9randa.<\/p>\n<p><span style=\"text-decoration: underline;\">Hauteur adulte<\/span>\u00a0: 60\/80.\u00a0<span style=\"text-decoration: underline;\">Origine g\u00e9ographique<\/span>\u00a0: Ta\u00efwan.\u00a0<span style=\"text-decoration: underline;\">Persistance hiver<\/span>\u00a0: Caduque.\u00a0<span style=\"text-decoration: underline;\">Rusticit\u00e9 USDA<\/span>\u00a0: Zone 8\/9.<\/p>","protected":false},"featured_media":29471,"template":"","meta":{"site-sidebar-layout":"default","site-content-layout":"default","ast-global-header-display":"","ast-main-header-display":"","ast-hfb-above-header-display":"","ast-hfb-below-header-display":"","ast-hfb-mobile-header-display":"","site-post-title":"","ast-breadcrumbs-content":"","ast-featured-img":"","footer-sml-layout":"","theme-transparent-header-meta":"default","adv-header-id-meta":"","stick-header-meta":"default","header-above-stick-meta":"","header-main-stick-meta":"","header-below-stick-meta":""},"product_cat":[537,551,552],"product_tag":[526,529,532,556,558,533],"class_list":["post-29439","product","type-product","status-publish","has-post-thumbnail","hentry","product_cat-autres-plantes","product_cat-autres-plantes-d-interieur","product_cat-autres-plantes-pour-climat-doux","product_tag-plantes-couvre-sol","product_tag-plantes-origine-asiatique","product_tag-plantes-pour-berges","product_tag-plantes-pour-interieur","product_tag-plantes-pour-climats-doux","product_tag-plantes-pour-mur-vegetaux","pa_taille-du-pot-pot-12-14-cm-diametre","desktop-align-center","tablet-align-center","mobile-align-center","ast-product-gallery-layout-horizontal","ast-product-gallery-with-no-image","ast-product-single-variable","ast-product-tabs-layout-horizontal","ast-qv-on-image"],"_links":{"self":[{"href":"https:\/\/staging.pepiniereezavin.com\/en\/wp-json\/wp\/v2\/product\/29439","targetHints":{"allow":["GET"]}}],"collection":[{"href":"https:\/\/staging.pepiniereezavin.com\/en\/wp-json\/wp\/v2\/product"}],"about":[{"href":"https:\/\/staging.pepiniereezavin.com\/en\/wp-json\/wp\/v2\/types\/product"}],"wp:featuredmedia":[{"embeddable":true,"href":"https:\/\/staging.pepiniereezavin.com\/en\/wp-json\/wp\/v2\/media\/29471"}],"wp:attachment":[{"href":"https:\/\/staging.pepiniereezavin.com\/en\/wp-json\/wp\/v2\/media?parent=29439"}],"wp:term":[{"taxonomy":"product_cat","embeddable":true,"href":"https:\/\/staging.pepiniereezavin.com\/en\/wp-json\/wp\/v2\/product_cat?post=29439"},{"taxonomy":"product_tag","embeddable":true,"href":"https:\/\/staging.pepiniereezavin.com\/en\/wp-json\/wp\/v2\/product_tag?post=29439"}],"curies":[{"name":"wp","href":"https:\/\/api.w.org\/{rel}","templated":true}]}}