{"id":29440,"date":"2021-12-09T22:43:31","date_gmt":"2021-12-09T21:43:31","guid":{"rendered":"https:\/\/pepiniereezavin.fr\/?post_type=product&#038;p=29440"},"modified":"2022-12-03T10:49:07","modified_gmt":"2022-12-03T09:49:07","slug":"commelina-chamissonis","status":"publish","type":"product","link":"https:\/\/staging.pepiniereezavin.com\/en\/product\/commelina-chamissonis\/","title":{"rendered":"Commelina chamissonis"},"content":{"rendered":"<p><em>Commelina chamissonis<\/em> est une herbe tapissante \u00e0 fleurs bleues en \u00e9t\u00e9. Fait un tr\u00e8s bon couvre sol au pied de plantes d&rsquo;int\u00e9rieur ou en v\u00e9randa. Les fleurs bleu intense, sont magnifiques. Tous les matins de nouvelles fleurs remplacent celles de la veille. Excellente r\u00e9sistance \u00e0 des s\u00e9cheresses saisonni\u00e8res (naturalis\u00e9e en Alg\u00e9rie). Pour int\u00e9rieur ou climat doux de bord de mer.<\/p>\n<p><span style=\"text-decoration: underline;\">Hauteur adulte<\/span>\u00a0: 20\/40.\u00a0<span style=\"text-decoration: underline;\">Origine g\u00e9ographique<\/span>\u00a0: Philippines.\u00a0<span style=\"text-decoration: underline;\">Persistance hiver<\/span>\u00a0: Persistant.\u00a0<span style=\"text-decoration: underline;\">Rusticit\u00e9 USDA<\/span> : Zone 9 (-6.7\u00b0C\/-1.1\u00b0C)<\/p>","protected":false},"excerpt":{"rendered":"<p><em>Commelina chamissonis<\/em> est une herbe tapissante \u00e0 fleurs bleues en \u00e9t\u00e9. Fait un tr\u00e8s bon couvre sol au pied de plantes d&rsquo;int\u00e9rieur ou en v\u00e9randa. Les fleurs bleu intense, sont magnifiques. Tous les matins de nouvelles fleurs remplacent celles de la veille. Excellente r\u00e9sistance \u00e0 des s\u00e9cheresses saisonni\u00e8res (naturalis\u00e9e en Alg\u00e9rie). Pour int\u00e9rieur ou climat doux de bord de mer.<\/p>\n<p><span style=\"text-decoration: underline;\">Hauteur adulte<\/span>\u00a0: 20\/40.\u00a0<span style=\"text-decoration: underline;\">Origine g\u00e9ographique<\/span>\u00a0: Philippines.\u00a0<span style=\"text-decoration: underline;\">Persistance hiver<\/span>\u00a0: Persistant.\u00a0<span style=\"text-decoration: underline;\">Rusticit\u00e9 USDA<\/span> : Zone 9 (-6.7\u00b0C\/-1.1\u00b0C)<\/p>","protected":false},"featured_media":29472,"template":"","meta":{"site-sidebar-layout":"default","site-content-layout":"default","ast-global-header-display":"","ast-main-header-display":"","ast-hfb-above-header-display":"","ast-hfb-below-header-display":"","ast-hfb-mobile-header-display":"","site-post-title":"","ast-breadcrumbs-content":"","ast-featured-img":"","footer-sml-layout":"","theme-transparent-header-meta":"default","adv-header-id-meta":"","stick-header-meta":"default","header-above-stick-meta":"","header-main-stick-meta":"","header-below-stick-meta":""},"product_cat":[537,551,552],"product_tag":[522,526,529,556,558,533,534],"class_list":["post-29440","product","type-product","status-publish","has-post-thumbnail","hentry","product_cat-autres-plantes","product_cat-autres-plantes-d-interieur","product_cat-autres-plantes-pour-climat-doux","product_tag-plantes-famille-commelinacees","product_tag-plantes-couvre-sol","product_tag-plantes-origine-asiatique","product_tag-plantes-pour-interieur","product_tag-plantes-pour-climats-doux","product_tag-plantes-pour-mur-vegetaux","product_tag-plantes-pour-ombre-seche","pa_taille-du-pot-pot-12-14-cm-diametre","desktop-align-center","tablet-align-center","mobile-align-center","ast-product-gallery-layout-horizontal","ast-product-gallery-with-no-image","ast-product-single-variable","ast-product-tabs-layout-horizontal","ast-qv-on-image"],"_links":{"self":[{"href":"https:\/\/staging.pepiniereezavin.com\/en\/wp-json\/wp\/v2\/product\/29440","targetHints":{"allow":["GET"]}}],"collection":[{"href":"https:\/\/staging.pepiniereezavin.com\/en\/wp-json\/wp\/v2\/product"}],"about":[{"href":"https:\/\/staging.pepiniereezavin.com\/en\/wp-json\/wp\/v2\/types\/product"}],"wp:featuredmedia":[{"embeddable":true,"href":"https:\/\/staging.pepiniereezavin.com\/en\/wp-json\/wp\/v2\/media\/29472"}],"wp:attachment":[{"href":"https:\/\/staging.pepiniereezavin.com\/en\/wp-json\/wp\/v2\/media?parent=29440"}],"wp:term":[{"taxonomy":"product_cat","embeddable":true,"href":"https:\/\/staging.pepiniereezavin.com\/en\/wp-json\/wp\/v2\/product_cat?post=29440"},{"taxonomy":"product_tag","embeddable":true,"href":"https:\/\/staging.pepiniereezavin.com\/en\/wp-json\/wp\/v2\/product_tag?post=29440"}],"curies":[{"name":"wp","href":"https:\/\/api.w.org\/{rel}","templated":true}]}}