{"id":29445,"date":"2021-12-09T22:43:32","date_gmt":"2021-12-09T21:43:32","guid":{"rendered":"https:\/\/pepiniereezavin.fr\/?post_type=product&#038;p=29445"},"modified":"2022-11-29T13:51:05","modified_gmt":"2022-11-29T12:51:05","slug":"begonia-lettonica","status":"publish","type":"product","link":"https:\/\/staging.pepiniereezavin.com\/en\/product\/begonia-lettonica\/","title":{"rendered":"Begonia &lsquo;Lettonica&rsquo;"},"content":{"rendered":"<p>Voici un <em>Begonia<\/em> aux <strong>proportions imposantes<\/strong> : les limbes des feuilles atteignent 40 cm de diam\u00e8tre, et sont port\u00e9s par des p\u00e9tioles allant jusqu&rsquo;\u00e0 80 cm. Les grappes de fleurs roses en fin d&rsquo;\u00e9t\u00e9 passent au dessus des feuilles! Dr\u00f4le de couleur du feuillage, avec des macules brunes dans le limbe. A essayer (si vous avez de la place), vous ne le regretterez pas!<\/p>\n<p><span style=\"text-decoration: underline;\">Hauteur adulte<\/span>\u00a0: 80\/100.\u00a0<span style=\"text-decoration: underline;\">Origine g\u00e9ographique<\/span>\u00a0: Origine horticole.\u00a0<span style=\"text-decoration: underline;\">Persistance hiver<\/span>\u00a0: Caduque si les temp\u00e9ratures descendent sous 5\u00b0C.\u00a0<span style=\"text-decoration: underline;\">Rusticit\u00e9 USDA<\/span>\u00a0: Zone 9\/10.<\/p>","protected":false},"excerpt":{"rendered":"<p>Voici un <em>Begonia<\/em> aux <strong>proportions imposantes<\/strong> : les limbes des feuilles atteignent 40 cm de diam\u00e8tre, et sont port\u00e9s par des p\u00e9tioles allant jusqu&rsquo;\u00e0 80 cm. Les grappes de fleurs roses en fin d&rsquo;\u00e9t\u00e9 passent au dessus des feuilles! Dr\u00f4le de couleur du feuillage, avec des macules brunes dans le limbe. A essayer (si vous avez de la place), vous ne le regretterez pas!<\/p>\n<p><span style=\"text-decoration: underline;\">Hauteur adulte<\/span>\u00a0: 80\/100.\u00a0<span style=\"text-decoration: underline;\">Origine g\u00e9ographique<\/span>\u00a0: Origine horticole.\u00a0<span style=\"text-decoration: underline;\">Persistance hiver<\/span>\u00a0: Caduque si les temp\u00e9ratures descendent sous 5\u00b0C.\u00a0<span style=\"text-decoration: underline;\">Rusticit\u00e9 USDA<\/span>\u00a0: Zone 9\/10.<\/p>","protected":false},"featured_media":29473,"template":"","meta":{"site-sidebar-layout":"default","site-content-layout":"default","ast-global-header-display":"","ast-main-header-display":"","ast-hfb-above-header-display":"","ast-hfb-below-header-display":"","ast-hfb-mobile-header-display":"","site-post-title":"","ast-breadcrumbs-content":"","ast-featured-img":"","footer-sml-layout":"","theme-transparent-header-meta":"default","adv-header-id-meta":"","stick-header-meta":"default","header-above-stick-meta":"","header-main-stick-meta":"","header-below-stick-meta":""},"product_cat":[536,547],"product_tag":[521,556],"class_list":["post-29445","product","type-product","status-publish","has-post-thumbnail","hentry","product_cat-begonias","product_cat-begonias-interieur","product_tag-begonias-hybrides-cultivars","product_tag-plantes-pour-interieur","pa_taille-du-pot-pot-12-14-cm-diametre","pa_taille-du-pot-pot-18-21-cm-diametre","desktop-align-center","tablet-align-center","mobile-align-center","ast-product-gallery-layout-horizontal","ast-product-single-variable","ast-product-tabs-layout-horizontal","ast-qv-on-image"],"_links":{"self":[{"href":"https:\/\/staging.pepiniereezavin.com\/en\/wp-json\/wp\/v2\/product\/29445","targetHints":{"allow":["GET"]}}],"collection":[{"href":"https:\/\/staging.pepiniereezavin.com\/en\/wp-json\/wp\/v2\/product"}],"about":[{"href":"https:\/\/staging.pepiniereezavin.com\/en\/wp-json\/wp\/v2\/types\/product"}],"wp:featuredmedia":[{"embeddable":true,"href":"https:\/\/staging.pepiniereezavin.com\/en\/wp-json\/wp\/v2\/media\/29473"}],"wp:attachment":[{"href":"https:\/\/staging.pepiniereezavin.com\/en\/wp-json\/wp\/v2\/media?parent=29445"}],"wp:term":[{"taxonomy":"product_cat","embeddable":true,"href":"https:\/\/staging.pepiniereezavin.com\/en\/wp-json\/wp\/v2\/product_cat?post=29445"},{"taxonomy":"product_tag","embeddable":true,"href":"https:\/\/staging.pepiniereezavin.com\/en\/wp-json\/wp\/v2\/product_tag?post=29445"}],"curies":[{"name":"wp","href":"https:\/\/api.w.org\/{rel}","templated":true}]}}