{"id":29454,"date":"2021-12-09T22:43:32","date_gmt":"2021-12-09T21:43:32","guid":{"rendered":"https:\/\/pepiniereezavin.fr\/?post_type=product&#038;p=29454"},"modified":"2022-12-13T12:16:08","modified_gmt":"2022-12-13T11:16:08","slug":"cymbalaria-pallida","status":"publish","type":"product","link":"https:\/\/staging.pepiniereezavin.com\/en\/product\/cymbalaria-pallida\/","title":{"rendered":"Cymbalaria pallida"},"content":{"rendered":"<p>Ce couvre-sol tra\u00e7ant a des petites feuilles rondes festonn\u00e9es. La particularit\u00e9 r\u00e9side dans la taille des fleurs (pour le genre) : 1 cm, violettes, et rappelant un peu celles des mufliers. D\u00e9coratif en bordure ou pot\u00e9e (comme couvre sol au pieds d&rsquo;une plante plus grande). Lumi\u00e8re tamis\u00e9e, sol frais, rochers humides&#8230;<\/p>\n<p><span style=\"text-decoration: underline;\">Hauteur adulte<\/span>\u00a0: 10\/20.\u00a0<span style=\"text-decoration: underline;\">Origine g\u00e9ographique<\/span>\u00a0: Europe.\u00a0<span style=\"text-decoration: underline;\">Persistance hiver<\/span>\u00a0: Persistant.\u00a0<span style=\"text-decoration: underline;\">Rusticit\u00e9 USDA<\/span> : Zone 7 (-17.8\u00b0C\/-12.2\u00b0C).<\/p>","protected":false},"excerpt":{"rendered":"<p>Ce couvre-sol tra\u00e7ant a des petites feuilles rondes festonn\u00e9es. Il se couvre de grosses fleurs violettes, et rappelant un peu celles des mufliers. D\u00e9coratif en bordure ou pot\u00e9e (comme couvre sol au pieds d&rsquo;une plante plus grande). Lumi\u00e8re tamis\u00e9e, sol frais, rochers humides&#8230;<\/p>\n<p><span style=\"text-decoration: underline;\">Hauteur adulte<\/span>\u00a0: 10\/20.\u00a0<span style=\"text-decoration: underline;\">Origine g\u00e9ographique<\/span>\u00a0: Europe.\u00a0<span style=\"text-decoration: underline;\">Persistance hiver<\/span>\u00a0: Persistant.\u00a0<span style=\"text-decoration: underline;\">Rusticit\u00e9 USDA<\/span> : Zone 7 (-17.8\u00b0C\/-12.2\u00b0C).<\/p>","protected":false},"featured_media":29486,"template":"","meta":{"site-sidebar-layout":"default","site-content-layout":"default","ast-global-header-display":"","ast-main-header-display":"","ast-hfb-above-header-display":"","ast-hfb-below-header-display":"","ast-hfb-mobile-header-display":"","site-post-title":"","ast-breadcrumbs-content":"","ast-featured-img":"","footer-sml-layout":"","theme-transparent-header-meta":"default","adv-header-id-meta":"","stick-header-meta":"default","header-above-stick-meta":"","header-main-stick-meta":"","header-below-stick-meta":""},"product_cat":[537,551,552,553],"product_tag":[526,530,533],"class_list":["post-29454","product","type-product","status-publish","has-post-thumbnail","hentry","product_cat-autres-plantes","product_cat-autres-plantes-d-interieur","product_cat-autres-plantes-pour-climat-doux","product_cat-autres-plantes-pour-climat-frais","product_tag-plantes-couvre-sol","product_tag-plantes-origine-europeenne","product_tag-plantes-pour-mur-vegetaux","pa_taille-du-pot-pot-10-12-cm-diametre","desktop-align-center","tablet-align-center","mobile-align-center","ast-product-gallery-layout-horizontal","ast-product-single-variable","ast-product-tabs-layout-horizontal","ast-qv-on-image"],"_links":{"self":[{"href":"https:\/\/staging.pepiniereezavin.com\/en\/wp-json\/wp\/v2\/product\/29454","targetHints":{"allow":["GET"]}}],"collection":[{"href":"https:\/\/staging.pepiniereezavin.com\/en\/wp-json\/wp\/v2\/product"}],"about":[{"href":"https:\/\/staging.pepiniereezavin.com\/en\/wp-json\/wp\/v2\/types\/product"}],"wp:featuredmedia":[{"embeddable":true,"href":"https:\/\/staging.pepiniereezavin.com\/en\/wp-json\/wp\/v2\/media\/29486"}],"wp:attachment":[{"href":"https:\/\/staging.pepiniereezavin.com\/en\/wp-json\/wp\/v2\/media?parent=29454"}],"wp:term":[{"taxonomy":"product_cat","embeddable":true,"href":"https:\/\/staging.pepiniereezavin.com\/en\/wp-json\/wp\/v2\/product_cat?post=29454"},{"taxonomy":"product_tag","embeddable":true,"href":"https:\/\/staging.pepiniereezavin.com\/en\/wp-json\/wp\/v2\/product_tag?post=29454"}],"curies":[{"name":"wp","href":"https:\/\/api.w.org\/{rel}","templated":true}]}}