{"id":29457,"date":"2021-12-09T22:43:33","date_gmt":"2021-12-09T21:43:33","guid":{"rendered":"https:\/\/pepiniereezavin.fr\/?post_type=product&#038;p=29457"},"modified":"2022-04-20T10:36:38","modified_gmt":"2022-04-20T08:36:38","slug":"cyperus-alternifolius","status":"publish","type":"product","link":"https:\/\/staging.pepiniereezavin.com\/en\/product\/cyperus-alternifolius\/","title":{"rendered":"Cyperus alternifolius"},"content":{"rendered":"<p>Le <strong>souchet<\/strong> ou<strong> faux papyrus<\/strong> est plus rustique\u00a0 que le papyrus du Nil. Il s&rsquo;adapte \u00e0 bien des environnements : de la mi-ombre au plein soleil, du sec (sic) \u00e0 l&rsquo;immersion du pied dans un bassin&#8230; Cette plante reste un grand classique, graphique, d\u00e9coratif et vigoureux.<\/p>\n<p>NB. Vu la taille de la plante, nous pouvons \u00eatre amen\u00e9s \u00e0 la tailler pour la faire tenir dans le carton d&rsquo;exp\u00e9dition.<\/p>\n<p><span style=\"text-decoration: underline;\">Hauteur adulte<\/span>\u00a0: 150\/200.\u00a0<span style=\"text-decoration: underline;\">Origine g\u00e9ographique<\/span>\u00a0: Madagascar, R\u00e9union, Maurice.\u00a0<span style=\"text-decoration: underline;\">Persistance hiver<\/span>\u00a0: Semi-persistant.\u00a0<span style=\"text-decoration: underline;\">Rusticit\u00e9 USDA<\/span>\u00a0: Zone 7\/8.<\/p>","protected":false},"excerpt":{"rendered":"<p>Le <strong>souchet<\/strong> ou<strong> faux papyrus<\/strong> est plus rustique\u00a0 que le papyrus du Nil. Il s&rsquo;adapte \u00e0 bien des environnements : de la mi-ombre au plein soleil, du sec (sic) \u00e0 l&rsquo;immersion du pied dans un bassin&#8230; Cette plante reste un grand classique, graphique, d\u00e9coratif et vigoureux.<\/p>\n<p>NB. Vu la taille de la plante, nous pouvons \u00eatre amen\u00e9s \u00e0 la tailler pour la faire tenir dans le carton d&rsquo;exp\u00e9dition.<\/p>\n<p><span style=\"text-decoration: underline;\">Hauteur adulte<\/span>\u00a0: 150\/200.\u00a0<span style=\"text-decoration: underline;\">Origine g\u00e9ographique<\/span>\u00a0: Madagascar, R\u00e9union, Maurice.\u00a0<span style=\"text-decoration: underline;\">Persistance hiver<\/span>\u00a0: Semi-persistant.\u00a0<span style=\"text-decoration: underline;\">Rusticit\u00e9 USDA<\/span>\u00a0: Zone 7\/8.<\/p>","protected":false},"featured_media":29489,"template":"","meta":{"site-sidebar-layout":"default","site-content-layout":"default","ast-global-header-display":"","ast-main-header-display":"","ast-hfb-above-header-display":"","ast-hfb-below-header-display":"","ast-hfb-mobile-header-display":"","site-post-title":"","ast-breadcrumbs-content":"","ast-featured-img":"","footer-sml-layout":"","theme-transparent-header-meta":"default","adv-header-id-meta":"","stick-header-meta":"default","header-above-stick-meta":"","header-main-stick-meta":"","header-below-stick-meta":""},"product_cat":[537,551,552],"product_tag":[527,532,556,558],"class_list":["post-29457","product","type-product","status-publish","has-post-thumbnail","hentry","product_cat-autres-plantes","product_cat-autres-plantes-d-interieur","product_cat-autres-plantes-pour-climat-doux","product_tag-plantes-origine-africaine","product_tag-plantes-pour-berges","product_tag-plantes-pour-interieur","product_tag-plantes-pour-climats-doux","pa_taille-du-pot-pot-12-14-cm-diametre","desktop-align-center","tablet-align-center","mobile-align-center","ast-product-gallery-layout-horizontal","ast-product-single-variable","ast-product-tabs-layout-horizontal","ast-qv-on-image"],"_links":{"self":[{"href":"https:\/\/staging.pepiniereezavin.com\/en\/wp-json\/wp\/v2\/product\/29457","targetHints":{"allow":["GET"]}}],"collection":[{"href":"https:\/\/staging.pepiniereezavin.com\/en\/wp-json\/wp\/v2\/product"}],"about":[{"href":"https:\/\/staging.pepiniereezavin.com\/en\/wp-json\/wp\/v2\/types\/product"}],"wp:featuredmedia":[{"embeddable":true,"href":"https:\/\/staging.pepiniereezavin.com\/en\/wp-json\/wp\/v2\/media\/29489"}],"wp:attachment":[{"href":"https:\/\/staging.pepiniereezavin.com\/en\/wp-json\/wp\/v2\/media?parent=29457"}],"wp:term":[{"taxonomy":"product_cat","embeddable":true,"href":"https:\/\/staging.pepiniereezavin.com\/en\/wp-json\/wp\/v2\/product_cat?post=29457"},{"taxonomy":"product_tag","embeddable":true,"href":"https:\/\/staging.pepiniereezavin.com\/en\/wp-json\/wp\/v2\/product_tag?post=29457"}],"curies":[{"name":"wp","href":"https:\/\/api.w.org\/{rel}","templated":true}]}}